{"id":6296,"date":"2020-03-05T13:54:03","date_gmt":"2020-03-05T13:54:03","guid":{"rendered":"https:\/\/novavert.com\/?post_type=product&#038;p=6296"},"modified":"2020-10-07T13:55:12","modified_gmt":"2020-10-07T13:55:12","slug":"spezialschraube","status":"publish","type":"product","link":"https:\/\/www.novavert.com\/de\/produkt\/spezialschraube\/","title":{"rendered":"Spezialschraube und Mutter"},"content":{"rendered":"","protected":false},"excerpt":{"rendered":"<p>als SET erh\u00e4ltlich<br \/>\nf\u00fcr \u00d827\/32mm Rohr<\/p>\n","protected":false},"featured_media":6299,"template":"","meta":{"_et_pb_use_builder":"off","_et_pb_old_content":"","_et_gb_content_width":""},"product_brand":[],"product_cat":[88],"product_tag":[184,186],"class_list":{"0":"post-6296","1":"product","2":"type-product","3":"status-publish","4":"has-post-thumbnail","6":"product_cat-rohre-profile","7":"product_tag-mutter","8":"product_tag-schraube","10":"first","11":"instock","12":"shipping-taxable","13":"product-type-simple"},"yoast_head":"<!-- This site is optimized with the Yoast SEO plugin v27.5 - https:\/\/yoast.com\/product\/yoast-seo-wordpress\/ -->\n<title>Spezialschraube und Mutter | Novavert<\/title>\n<meta name=\"robots\" content=\"index, follow, max-snippet:-1, max-image-preview:large, max-video-preview:-1\" \/>\n<link rel=\"canonical\" href=\"https:\/\/www.novavert.com\/de\/produkt\/spezialschraube\/\" \/>\n<meta property=\"og:locale\" content=\"de_DE\" \/>\n<meta property=\"og:type\" content=\"article\" \/>\n<meta property=\"og:title\" content=\"Spezialschraube und Mutter | Novavert\" \/>\n<meta property=\"og:description\" content=\"als SET erh\u00e4ltlich f\u00fcr \u00d827\/32mm Rohr\" \/>\n<meta property=\"og:url\" content=\"https:\/\/www.novavert.com\/de\/produkt\/spezialschraube\/\" \/>\n<meta property=\"og:site_name\" content=\"Novavert\" \/>\n<meta property=\"article:modified_time\" content=\"2020-10-07T13:55:12+00:00\" \/>\n<meta property=\"og:image\" content=\"https:\/\/www.novavert.com\/wp-content\/uploads\/2020\/03\/3001-3002-Schraube-und-Mutter-f\u00fcr-Rohr-\u00d82732mm.jpg\" \/>\n\t<meta property=\"og:image:width\" content=\"1000\" \/>\n\t<meta property=\"og:image:height\" content=\"1000\" \/>\n\t<meta property=\"og:image:type\" content=\"image\/jpeg\" \/>\n<meta name=\"twitter:card\" content=\"summary_large_image\" \/>\n<script type=\"application\/ld+json\" class=\"yoast-schema-graph\">{\"@context\":\"https:\\\/\\\/schema.org\",\"@graph\":[{\"@type\":\"WebPage\",\"@id\":\"https:\\\/\\\/www.novavert.com\\\/de\\\/produkt\\\/spezialschraube\\\/\",\"url\":\"https:\\\/\\\/www.novavert.com\\\/de\\\/produkt\\\/spezialschraube\\\/\",\"name\":\"Spezialschraube und Mutter | Novavert\",\"isPartOf\":{\"@id\":\"\\\/#website\"},\"primaryImageOfPage\":{\"@id\":\"https:\\\/\\\/www.novavert.com\\\/de\\\/produkt\\\/spezialschraube\\\/#primaryimage\"},\"image\":{\"@id\":\"https:\\\/\\\/www.novavert.com\\\/de\\\/produkt\\\/spezialschraube\\\/#primaryimage\"},\"thumbnailUrl\":\"https:\\\/\\\/www.novavert.com\\\/wp-content\\\/uploads\\\/2020\\\/03\\\/3001-3002-Schraube-und-Mutter-f\u00fcr-Rohr-\u00d82732mm.jpg\",\"datePublished\":\"2020-03-05T13:54:03+00:00\",\"dateModified\":\"2020-10-07T13:55:12+00:00\",\"breadcrumb\":{\"@id\":\"https:\\\/\\\/www.novavert.com\\\/de\\\/produkt\\\/spezialschraube\\\/#breadcrumb\"},\"inLanguage\":\"de\",\"potentialAction\":[{\"@type\":\"ReadAction\",\"target\":[\"https:\\\/\\\/www.novavert.com\\\/de\\\/produkt\\\/spezialschraube\\\/\"]}]},{\"@type\":\"ImageObject\",\"inLanguage\":\"de\",\"@id\":\"https:\\\/\\\/www.novavert.com\\\/de\\\/produkt\\\/spezialschraube\\\/#primaryimage\",\"url\":\"https:\\\/\\\/www.novavert.com\\\/wp-content\\\/uploads\\\/2020\\\/03\\\/3001-3002-Schraube-und-Mutter-f\u00fcr-Rohr-\u00d82732mm.jpg\",\"contentUrl\":\"https:\\\/\\\/www.novavert.com\\\/wp-content\\\/uploads\\\/2020\\\/03\\\/3001-3002-Schraube-und-Mutter-f\u00fcr-Rohr-\u00d82732mm.jpg\",\"width\":1000,\"height\":1000},{\"@type\":\"BreadcrumbList\",\"@id\":\"https:\\\/\\\/www.novavert.com\\\/de\\\/produkt\\\/spezialschraube\\\/#breadcrumb\",\"itemListElement\":[{\"@type\":\"ListItem\",\"position\":1,\"name\":\"Startseite\",\"item\":\"https:\\\/\\\/www.novavert.com\\\/de\\\/\"},{\"@type\":\"ListItem\",\"position\":2,\"name\":\"Gartenbau\",\"item\":\"https:\\\/\\\/www.novavert.com\\\/de\\\/produkt-kategorie\\\/gartenbau\\\/\"},{\"@type\":\"ListItem\",\"position\":3,\"name\":\"Systemteile\",\"item\":\"https:\\\/\\\/www.novavert.com\\\/de\\\/produkt-kategorie\\\/gartenbau\\\/systemteile\\\/\"},{\"@type\":\"ListItem\",\"position\":4,\"name\":\"Rohre &amp; Profile\",\"item\":\"https:\\\/\\\/www.novavert.com\\\/de\\\/produkt-kategorie\\\/gartenbau\\\/systemteile\\\/rohre-profile\\\/\"},{\"@type\":\"ListItem\",\"position\":5,\"name\":\"Spezialschraube und Mutter\"}]},{\"@type\":\"WebSite\",\"@id\":\"\\\/#website\",\"url\":\"\\\/\",\"name\":\"Novavert\",\"description\":\"IHR PARTNER F\u00dcR HOCHWERTIGE PRODUKTE AUS DEN BEREICHEN SCHATTIERUNGEN UND WETTERSCHUTZ\",\"publisher\":{\"@id\":\"\\\/#organization\"},\"potentialAction\":[{\"@type\":\"SearchAction\",\"target\":{\"@type\":\"EntryPoint\",\"urlTemplate\":\"\\\/?s={search_term_string}\"},\"query-input\":{\"@type\":\"PropertyValueSpecification\",\"valueRequired\":true,\"valueName\":\"search_term_string\"}}],\"inLanguage\":\"de\"},{\"@type\":\"Organization\",\"@id\":\"\\\/#organization\",\"name\":\"Novavert\",\"url\":\"\\\/\",\"logo\":{\"@type\":\"ImageObject\",\"inLanguage\":\"de\",\"@id\":\"\\\/#\\\/schema\\\/logo\\\/image\\\/\",\"url\":\"https:\\\/\\\/www.novavert.com\\\/wp-content\\\/uploads\\\/2020\\\/03\\\/novavert_Logo_Men\u00fc-3.png\",\"contentUrl\":\"https:\\\/\\\/www.novavert.com\\\/wp-content\\\/uploads\\\/2020\\\/03\\\/novavert_Logo_Men\u00fc-3.png\",\"width\":407,\"height\":180,\"caption\":\"Novavert\"},\"image\":{\"@id\":\"\\\/#\\\/schema\\\/logo\\\/image\\\/\"}}]}<\/script>\n<!-- \/ Yoast SEO plugin. -->","yoast_head_json":{"title":"Spezialschraube und Mutter | Novavert","robots":{"index":"index","follow":"follow","max-snippet":"max-snippet:-1","max-image-preview":"max-image-preview:large","max-video-preview":"max-video-preview:-1"},"canonical":"https:\/\/www.novavert.com\/de\/produkt\/spezialschraube\/","og_locale":"de_DE","og_type":"article","og_title":"Spezialschraube und Mutter | Novavert","og_description":"als SET erh\u00e4ltlich f\u00fcr \u00d827\/32mm Rohr","og_url":"https:\/\/www.novavert.com\/de\/produkt\/spezialschraube\/","og_site_name":"Novavert","article_modified_time":"2020-10-07T13:55:12+00:00","og_image":[{"width":1000,"height":1000,"url":"https:\/\/www.novavert.com\/wp-content\/uploads\/2020\/03\/3001-3002-Schraube-und-Mutter-f\u00fcr-Rohr-\u00d82732mm.jpg","type":"image\/jpeg"}],"twitter_card":"summary_large_image","schema":{"@context":"https:\/\/schema.org","@graph":[{"@type":"WebPage","@id":"https:\/\/www.novavert.com\/de\/produkt\/spezialschraube\/","url":"https:\/\/www.novavert.com\/de\/produkt\/spezialschraube\/","name":"Spezialschraube und Mutter | Novavert","isPartOf":{"@id":"\/#website"},"primaryImageOfPage":{"@id":"https:\/\/www.novavert.com\/de\/produkt\/spezialschraube\/#primaryimage"},"image":{"@id":"https:\/\/www.novavert.com\/de\/produkt\/spezialschraube\/#primaryimage"},"thumbnailUrl":"https:\/\/www.novavert.com\/wp-content\/uploads\/2020\/03\/3001-3002-Schraube-und-Mutter-f\u00fcr-Rohr-\u00d82732mm.jpg","datePublished":"2020-03-05T13:54:03+00:00","dateModified":"2020-10-07T13:55:12+00:00","breadcrumb":{"@id":"https:\/\/www.novavert.com\/de\/produkt\/spezialschraube\/#breadcrumb"},"inLanguage":"de","potentialAction":[{"@type":"ReadAction","target":["https:\/\/www.novavert.com\/de\/produkt\/spezialschraube\/"]}]},{"@type":"ImageObject","inLanguage":"de","@id":"https:\/\/www.novavert.com\/de\/produkt\/spezialschraube\/#primaryimage","url":"https:\/\/www.novavert.com\/wp-content\/uploads\/2020\/03\/3001-3002-Schraube-und-Mutter-f\u00fcr-Rohr-\u00d82732mm.jpg","contentUrl":"https:\/\/www.novavert.com\/wp-content\/uploads\/2020\/03\/3001-3002-Schraube-und-Mutter-f\u00fcr-Rohr-\u00d82732mm.jpg","width":1000,"height":1000},{"@type":"BreadcrumbList","@id":"https:\/\/www.novavert.com\/de\/produkt\/spezialschraube\/#breadcrumb","itemListElement":[{"@type":"ListItem","position":1,"name":"Startseite","item":"https:\/\/www.novavert.com\/de\/"},{"@type":"ListItem","position":2,"name":"Gartenbau","item":"https:\/\/www.novavert.com\/de\/produkt-kategorie\/gartenbau\/"},{"@type":"ListItem","position":3,"name":"Systemteile","item":"https:\/\/www.novavert.com\/de\/produkt-kategorie\/gartenbau\/systemteile\/"},{"@type":"ListItem","position":4,"name":"Rohre &amp; Profile","item":"https:\/\/www.novavert.com\/de\/produkt-kategorie\/gartenbau\/systemteile\/rohre-profile\/"},{"@type":"ListItem","position":5,"name":"Spezialschraube und Mutter"}]},{"@type":"WebSite","@id":"\/#website","url":"\/","name":"Novavert","description":"IHR PARTNER F\u00dcR HOCHWERTIGE PRODUKTE AUS DEN BEREICHEN SCHATTIERUNGEN UND WETTERSCHUTZ","publisher":{"@id":"\/#organization"},"potentialAction":[{"@type":"SearchAction","target":{"@type":"EntryPoint","urlTemplate":"\/?s={search_term_string}"},"query-input":{"@type":"PropertyValueSpecification","valueRequired":true,"valueName":"search_term_string"}}],"inLanguage":"de"},{"@type":"Organization","@id":"\/#organization","name":"Novavert","url":"\/","logo":{"@type":"ImageObject","inLanguage":"de","@id":"\/#\/schema\/logo\/image\/","url":"https:\/\/www.novavert.com\/wp-content\/uploads\/2020\/03\/novavert_Logo_Men\u00fc-3.png","contentUrl":"https:\/\/www.novavert.com\/wp-content\/uploads\/2020\/03\/novavert_Logo_Men\u00fc-3.png","width":407,"height":180,"caption":"Novavert"},"image":{"@id":"\/#\/schema\/logo\/image\/"}}]}},"_links":{"self":[{"href":"https:\/\/www.novavert.com\/de\/wp-json\/wp\/v2\/product\/6296","targetHints":{"allow":["GET"]}}],"collection":[{"href":"https:\/\/www.novavert.com\/de\/wp-json\/wp\/v2\/product"}],"about":[{"href":"https:\/\/www.novavert.com\/de\/wp-json\/wp\/v2\/types\/product"}],"wp:featuredmedia":[{"embeddable":true,"href":"https:\/\/www.novavert.com\/de\/wp-json\/wp\/v2\/media\/6299"}],"wp:attachment":[{"href":"https:\/\/www.novavert.com\/de\/wp-json\/wp\/v2\/media?parent=6296"}],"wp:term":[{"taxonomy":"product_brand","embeddable":true,"href":"https:\/\/www.novavert.com\/de\/wp-json\/wp\/v2\/product_brand?post=6296"},{"taxonomy":"product_cat","embeddable":true,"href":"https:\/\/www.novavert.com\/de\/wp-json\/wp\/v2\/product_cat?post=6296"},{"taxonomy":"product_tag","embeddable":true,"href":"https:\/\/www.novavert.com\/de\/wp-json\/wp\/v2\/product_tag?post=6296"}],"curies":[{"name":"wp","href":"https:\/\/api.w.org\/{rel}","templated":true}]}}