{"id":8980,"date":"2020-04-13T12:49:57","date_gmt":"2020-04-13T12:49:57","guid":{"rendered":"https:\/\/novavert.com\/?page_id=8980"},"modified":"2024-08-28T23:05:43","modified_gmt":"2024-08-28T21:05:43","slug":"hs%c2%b2-wetterschutz","status":"publish","type":"page","link":"https:\/\/www.novavert.com\/de\/gartenbau\/hs%c2%b2-wetterschutz\/","title":{"rendered":"HS\u00b2 Wetterschutz"},"content":{"rendered":"<p>[et_pb_section fb_built=&#8221;1&#8243; _builder_version=&#8221;4.16&#8243; custom_padding=&#8221;0px||0px||true|false&#8221; hover_enabled=&#8221;0&#8243; locked=&#8221;off&#8221; global_colors_info=&#8221;{}&#8221; sticky_enabled=&#8221;0&#8243;][et_pb_row disabled_on=&#8221;off|off|off&#8221; _builder_version=&#8221;4.16&#8243; custom_padding=&#8221;0px||||false|false&#8221; global_colors_info=&#8221;{}&#8221;][et_pb_column type=&#8221;4_4&#8243; _builder_version=&#8221;4.16&#8243; custom_padding=&#8221;|||&#8221; global_colors_info=&#8221;{}&#8221; custom_padding__hover=&#8221;|||&#8221;][et_pb_slider admin_label=&#8221;Slider&#8221; _builder_version=&#8221;4.16&#8243; min_height=&#8221;368px&#8221; custom_margin=&#8221;0px||||false|false&#8221; custom_padding=&#8221;||||false|false&#8221; auto=&#8221;on&#8221; global_colors_info=&#8221;{}&#8221;][et_pb_slide heading=&#8221;HS\u00b2 Wetterschutz&#8221; _builder_version=&#8221;4.16&#8243; background_image=&#8221;https:\/\/www.novavert.com\/wp-content\/uploads\/2020\/04\/HS\u00b2-Prinz-Rosen-View-from-top-scaled.jpg&#8221; background_enable_image=&#8221;on&#8221; global_colors_info=&#8221;{}&#8221; sticky_transition=&#8221;on&#8221;][\/et_pb_slide][et_pb_slide _builder_version=&#8221;4.16&#8243; _module_preset=&#8221;default&#8221; background_image=&#8221;https:\/\/www.novavert.com\/wp-content\/uploads\/2020\/10\/Kat.-Gartenbau-HS\u00b2-Wetterschutz-Beier-Mannheim-e1602149238463.jpg&#8221; background_enable_image=&#8221;on&#8221; global_colors_info=&#8221;{}&#8221; sticky_transition=&#8221;on&#8221;][\/et_pb_slide][et_pb_slide _builder_version=&#8221;4.16&#8243; background_image=&#8221;https:\/\/www.novavert.com\/wp-content\/uploads\/2020\/05\/Kat.-Gartenbau-HS\u00b2-Wetterschutz-Illertissen-scaled-e1588600044985.jpg&#8221; background_enable_image=&#8221;on&#8221; global_colors_info=&#8221;{}&#8221; sticky_transition=&#8221;on&#8221;][\/et_pb_slide][et_pb_slide _builder_version=&#8221;4.16&#8243; background_image=&#8221;https:\/\/www.novavert.com\/wp-content\/uploads\/2020\/04\/DSG-India-scaled.jpg&#8221; background_enable_image=&#8221;on&#8221; global_colors_info=&#8221;{}&#8221; sticky_transition=&#8221;on&#8221;][\/et_pb_slide][et_pb_slide _builder_version=&#8221;4.16&#8243; background_image=&#8221;https:\/\/www.novavert.com\/wp-content\/uploads\/2020\/04\/iPhone-2015.04.10-11.36.12.095-scaled-e1588079721138.jpg&#8221; background_enable_image=&#8221;on&#8221; global_colors_info=&#8221;{}&#8221; sticky_transition=&#8221;on&#8221;][\/et_pb_slide][et_pb_slide _builder_version=&#8221;4.16&#8243; background_image=&#8221;https:\/\/www.novavert.com\/wp-content\/uploads\/2020\/04\/Sunblest-FL-USA-scaled.jpg&#8221; background_enable_image=&#8221;on&#8221; global_colors_info=&#8221;{}&#8221; sticky_transition=&#8221;on&#8221;][\/et_pb_slide][\/et_pb_slider][et_pb_text _builder_version=&#8221;4.16&#8243; global_colors_info=&#8221;{}&#8221;]<\/p>\n<h2>Die H\u00e4ngende Anlage ohne Haken<\/h2>\n<p>Das bereits in vielen L\u00e4ndern patentierte <b>H<\/b>eescher <b>S<\/b>hading <b>H<\/b>anging <b>S<\/b>ystem, kurz: <strong>HS\u00b2<\/strong>, ist ein <strong>modulares Schirmsystem f\u00fcr den Gartenbau<\/strong>. Bei geringem <strong>Zeit-<\/strong> und <strong>Kosteneinsatz<\/strong> verbindet es <strong>Stabilit\u00e4t<\/strong>, <strong>einfache<\/strong> <strong>Handhabung<\/strong> und<strong> Langlebigkeit<\/strong> und <strong>HS\u00b2<\/strong> ist damit eine fundamentale<strong> Neuerung im Schattierungsbau<\/strong>. Es kann kombiniert werden mit den verschiedensten Eindeckungsmaterialien, wodurch es f\u00fcr praktisch jeden Einsatzzweck adaptiert werden kann.<\/p>\n<p>Sie k\u00f6nnen hochtransparente Wetterschutzfolien verwenden und Ihren wertvollen Kulturbestand gegen Regen, Hagel und Frost sch\u00fctzen oder in wenigen Stunden eine Anlage auf ein luftdurchl\u00e4ssiges Schattiernetz oder auf eine Verdunklungsfolie umr\u00fcsten.<\/p>\n<p>Besonders <strong>hohe Stabilit\u00e4t<\/strong>, <strong>einfache Handhabung<\/strong> und <strong>optimaler Servicem\u00f6glichkeiten<\/strong>, ohne den Kulturraum r\u00e4umen zu m\u00fcssen, waren schon f\u00fcr Kunden auf fast allen Kontinenten ausschlaggebend, sich f\u00fcr dieses zukunftssichere System zu entscheiden.<\/p>\n<p>[\/et_pb_text][\/et_pb_column][\/et_pb_row][et_pb_row column_structure=&#8221;1_2,1_2&#8243; _builder_version=&#8221;4.16&#8243; global_colors_info=&#8221;{}&#8221;][et_pb_column type=&#8221;1_2&#8243; _builder_version=&#8221;4.16&#8243; global_colors_info=&#8221;{}&#8221;][et_pb_text admin_label=&#8221;Text&#8221; _builder_version=&#8221;4.16&#8243; min_height=&#8221;98px&#8221; global_colors_info=&#8221;{}&#8221;]<\/p>\n<h2>Die Vorteile des HS\u00b2-Systems auf einen Blick:<\/h2>\n<ul>\n<li>Anpassung und Nutzung der Freilandbewitterung<\/li>\n<li>L\u00e4ngere Materialhaltbarkeit<\/li>\n<li>Unkomplizierter Aufbau in einem Arbeitsgang<\/li>\n<li>Gr\u00f6\u00dfere Freiheit in der Anlage-Konstruktion<\/li>\n<li>Komplettes Dachsystem mit allen Komponenten aus einer Hand<\/li>\n<li>Unabh\u00e4ngigkeit von Herstellern und Materialien<\/li>\n<li>Einsatz drinnen und drau\u00dfen<\/li>\n<li>maximale Isolierwirkung<\/li>\n<li>Reparatur w\u00e4hrend des laufenden Betriebs<\/li>\n<li>neue Ma\u00dfst\u00e4be beim Brandschutz f\u00fcr Wetterschutzschirme<\/li>\n<\/ul>\n<p>[\/et_pb_text][\/et_pb_column][et_pb_column type=&#8221;1_2&#8243; _builder_version=&#8221;4.16&#8243; global_colors_info=&#8221;{}&#8221;][et_pb_image src=&#8221;https:\/\/www.novavert.com\/wp-content\/uploads\/2020\/04\/HS2Text-blau.jpg&#8221; _builder_version=&#8221;4.16&#8243; global_colors_info=&#8221;{}&#8221;][\/et_pb_image][\/et_pb_column][\/et_pb_row][et_pb_row _builder_version=&#8221;4.16&#8243; global_colors_info=&#8221;{}&#8221;][et_pb_column type=&#8221;4_4&#8243; _builder_version=&#8221;4.16&#8243; global_colors_info=&#8221;{}&#8221;][et_pb_divider color=&#8221;#eaeaea&#8221; _builder_version=&#8221;4.16&#8243; global_colors_info=&#8221;{}&#8221;][\/et_pb_divider][\/et_pb_column][\/et_pb_row][et_pb_row column_structure=&#8221;1_2,1_2&#8243; _builder_version=&#8221;4.16&#8243; global_colors_info=&#8221;{}&#8221;][et_pb_column type=&#8221;1_2&#8243; _builder_version=&#8221;4.16&#8243; global_colors_info=&#8221;{}&#8221;][et_pb_image src=&#8221;https:\/\/www.novavert.com\/wp-content\/uploads\/2024\/08\/1724773488344-96a210db-a13f-497a-8491-cfa1d65c58d5_1.jpg&#8221; title_text=&#8221;1724773488344-96a210db-a13f-497a-8491-cfa1d65c58d5_1&#8243; show_in_lightbox=&#8221;on&#8221; _builder_version=&#8221;4.27.0&#8243; hover_enabled=&#8221;0&#8243; global_colors_info=&#8221;{}&#8221; sticky_enabled=&#8221;0&#8243;][\/et_pb_image][et_pb_image src=&#8221;https:\/\/www.novavert.com\/wp-content\/uploads\/2024\/08\/1724773488344-96a210db-a13f-497a-8491-cfa1d65c58d5_2.jpg&#8221; title_text=&#8221;1724773488344-96a210db-a13f-497a-8491-cfa1d65c58d5_2&#8243; show_in_lightbox=&#8221;on&#8221; _builder_version=&#8221;4.27.0&#8243; hover_enabled=&#8221;0&#8243; global_colors_info=&#8221;{}&#8221; sticky_enabled=&#8221;0&#8243;][\/et_pb_image][\/et_pb_column][et_pb_column type=&#8221;1_2&#8243; _builder_version=&#8221;4.16&#8243; global_colors_info=&#8221;{}&#8221;][et_pb_text disabled_on=&#8221;off|off|off&#8221; _builder_version=&#8221;4.16&#8243; custom_padding=&#8221;|||0px||&#8221; global_colors_info=&#8221;{}&#8221;]<\/p>\n<h2>Empfehlungen und Installationshinweise<\/h2>\n<ul>\n<li>Das Drahtbett aus 3mm oder 4mm Edelstahl ist das R\u00fcckgrat der Anlage: Dr\u00e4hte m\u00fcssen drallfrei eingezogen werden und nur mit den von uns gelieferten Drahtspannern der Firma Gripple gespannt werden. Diese erm\u00f6glichen eine saubere Einstellung der Drahtspannung und setzten die Festigkeit des Drahts nicht herab, wie es bei normalen Spannern aus dem Zaunbau vorkommen kann.<\/li>\n<li>Die Edelstahldr\u00e4hte sollten an keiner Stelle Kontakt haben mit der Gew\u00e4chshauskonstruktion, um Kontaktkorrosion zu vermeiden.<\/li>\n<li>Novavert bietet speziell abgestimmtes Zubeh\u00f6r an, das ein Einschneiden von Antriebsdr\u00e4hten oder Schubstangen in station\u00e4re Komponenten\u00a0 vermeidet und eine dauerhafte Funktion erm\u00f6glicht.<\/li>\n<li>Wartung: Eine HS2-Anlage sollte regelm\u00e4\u00dfig an den bekannten Stellen des Antriebssystems (Zahnstangenritzel etc) gefettet und Antriebsseile \u00fcberpr\u00fcft werden. Pl\u00f6tzlich auftretenden Ger\u00e4uschen beim Fahren ist sofort Beachtung zu schenken. Die Profile und Gleiter sind wartungsfrei. Wartungen durch die bekannten Fachfirmen sichern den langfristigen Werterhalt Ihrer Investition.<\/li>\n<\/ul>\n<p>[\/et_pb_text][\/et_pb_column][\/et_pb_row][et_pb_row _builder_version=&#8221;4.16&#8243; global_colors_info=&#8221;{}&#8221;][et_pb_column type=&#8221;4_4&#8243; _builder_version=&#8221;4.16&#8243; global_colors_info=&#8221;{}&#8221;][et_pb_text _builder_version=&#8221;4.16&#8243; global_colors_info=&#8221;{}&#8221;]<\/p>\n<h2>HS\u00b2 SYSTEMTEILE<\/h2>\n<p>[\/et_pb_text][et_pb_shop type=&#8221;product_category&#8221; posts_number=&#8221;200&#8243; include_categories=&#8221;434&#8243; icon_hover_color=&#8221;#143889&#8243; hover_overlay_color=&#8221;rgba(255,255,255,0.52)&#8221; admin_label=&#8221;Shop&#8221; _builder_version=&#8221;4.16&#8243; title_font=&#8221;||||||||&#8221; title_text_align=&#8221;left&#8221; title_font_size=&#8221;15px&#8221; title_letter_spacing=&#8221;1px&#8221; z_index=&#8221;-287&#8243; custom_padding=&#8221;||0px|||&#8221; global_colors_info=&#8221;{}&#8221;][\/et_pb_shop][\/et_pb_column][\/et_pb_row][\/et_pb_section]<\/p>\n","protected":false},"excerpt":{"rendered":"<p>Die H\u00e4ngende Anlage ohne Haken Das bereits in vielen L\u00e4ndern patentierte Heescher Shading Hanging System, kurz: HS\u00b2, ist ein modulares Schirmsystem f\u00fcr den Gartenbau. Bei geringem Zeit- und Kosteneinsatz verbindet es Stabilit\u00e4t, einfache Handhabung und Langlebigkeit und HS\u00b2 ist damit eine fundamentale Neuerung im Schattierungsbau. Es kann kombiniert werden mit den verschiedensten Eindeckungsmaterialien, wodurch es [&hellip;]<\/p>\n","protected":false},"author":3,"featured_media":0,"parent":22,"menu_order":0,"comment_status":"closed","ping_status":"closed","template":"","meta":{"_et_pb_use_builder":"on","_et_pb_old_content":"","_et_gb_content_width":"","footnotes":""},"class_list":["post-8980","page","type-page","status-publish","hentry"],"yoast_head":"<!-- This site is optimized with the Yoast SEO plugin v27.5 - https:\/\/yoast.com\/product\/yoast-seo-wordpress\/ -->\n<title>HS\u00b2 Wetterschutz | Novavert<\/title>\n<meta name=\"description\" content=\"HS\u00b2 von Novavert ist ein modulares Schirmsystem f\u00fcr den Gartenbau, das als hervorragende Wetterschutz dient.\" \/>\n<meta name=\"robots\" content=\"index, follow, max-snippet:-1, max-image-preview:large, max-video-preview:-1\" \/>\n<link rel=\"canonical\" href=\"https:\/\/www.novavert.com\/de\/gartenbau\/hs%c2%b2-wetterschutz\/\" \/>\n<meta property=\"og:locale\" content=\"de_DE\" \/>\n<meta property=\"og:type\" content=\"article\" \/>\n<meta property=\"og:title\" content=\"HS\u00b2 Wetterschutz | Novavert\" \/>\n<meta property=\"og:description\" content=\"HS\u00b2 von Novavert ist ein modulares Schirmsystem f\u00fcr den Gartenbau, das als hervorragende Wetterschutz dient.\" \/>\n<meta property=\"og:url\" content=\"https:\/\/www.novavert.com\/de\/gartenbau\/hs%c2%b2-wetterschutz\/\" \/>\n<meta property=\"og:site_name\" content=\"Novavert\" \/>\n<meta property=\"article:modified_time\" content=\"2024-08-28T21:05:43+00:00\" \/>\n<meta name=\"twitter:card\" content=\"summary_large_image\" \/>\n<meta name=\"twitter:label1\" content=\"Gesch\u00e4tzte Lesezeit\" \/>\n\t<meta name=\"twitter:data1\" content=\"8\u00a0Minuten\" \/>\n<script type=\"application\/ld+json\" class=\"yoast-schema-graph\">{\"@context\":\"https:\\\/\\\/schema.org\",\"@graph\":[{\"@type\":\"WebPage\",\"@id\":\"https:\\\/\\\/www.novavert.com\\\/de\\\/gartenbau\\\/hs%c2%b2-wetterschutz\\\/\",\"url\":\"https:\\\/\\\/www.novavert.com\\\/de\\\/gartenbau\\\/hs%c2%b2-wetterschutz\\\/\",\"name\":\"HS\u00b2 Wetterschutz | Novavert\",\"isPartOf\":{\"@id\":\"\\\/#website\"},\"datePublished\":\"2020-04-13T12:49:57+00:00\",\"dateModified\":\"2024-08-28T21:05:43+00:00\",\"description\":\"HS\u00b2 von Novavert ist ein modulares Schirmsystem f\u00fcr den Gartenbau, das als hervorragende Wetterschutz dient.\",\"breadcrumb\":{\"@id\":\"https:\\\/\\\/www.novavert.com\\\/de\\\/gartenbau\\\/hs%c2%b2-wetterschutz\\\/#breadcrumb\"},\"inLanguage\":\"de\",\"potentialAction\":[{\"@type\":\"ReadAction\",\"target\":[\"https:\\\/\\\/www.novavert.com\\\/de\\\/gartenbau\\\/hs%c2%b2-wetterschutz\\\/\"]}]},{\"@type\":\"BreadcrumbList\",\"@id\":\"https:\\\/\\\/www.novavert.com\\\/de\\\/gartenbau\\\/hs%c2%b2-wetterschutz\\\/#breadcrumb\",\"itemListElement\":[{\"@type\":\"ListItem\",\"position\":1,\"name\":\"Startseite\",\"item\":\"https:\\\/\\\/www.novavert.com\\\/de\\\/\"},{\"@type\":\"ListItem\",\"position\":2,\"name\":\"Gartenbau\",\"item\":\"https:\\\/\\\/www.novavert.com\\\/de\\\/gartenbau\\\/\"},{\"@type\":\"ListItem\",\"position\":3,\"name\":\"HS\u00b2 Wetterschutz\"}]},{\"@type\":\"WebSite\",\"@id\":\"\\\/#website\",\"url\":\"\\\/\",\"name\":\"Novavert\",\"description\":\"IHR PARTNER F\u00dcR HOCHWERTIGE PRODUKTE AUS DEN BEREICHEN SCHATTIERUNGEN UND WETTERSCHUTZ\",\"publisher\":{\"@id\":\"\\\/#organization\"},\"potentialAction\":[{\"@type\":\"SearchAction\",\"target\":{\"@type\":\"EntryPoint\",\"urlTemplate\":\"\\\/?s={search_term_string}\"},\"query-input\":{\"@type\":\"PropertyValueSpecification\",\"valueRequired\":true,\"valueName\":\"search_term_string\"}}],\"inLanguage\":\"de\"},{\"@type\":\"Organization\",\"@id\":\"\\\/#organization\",\"name\":\"Novavert\",\"url\":\"\\\/\",\"logo\":{\"@type\":\"ImageObject\",\"inLanguage\":\"de\",\"@id\":\"\\\/#\\\/schema\\\/logo\\\/image\\\/\",\"url\":\"https:\\\/\\\/www.novavert.com\\\/wp-content\\\/uploads\\\/2020\\\/03\\\/novavert_Logo_Men\u00fc-3.png\",\"contentUrl\":\"https:\\\/\\\/www.novavert.com\\\/wp-content\\\/uploads\\\/2020\\\/03\\\/novavert_Logo_Men\u00fc-3.png\",\"width\":407,\"height\":180,\"caption\":\"Novavert\"},\"image\":{\"@id\":\"\\\/#\\\/schema\\\/logo\\\/image\\\/\"}}]}<\/script>\n<!-- \/ Yoast SEO plugin. -->","yoast_head_json":{"title":"HS\u00b2 Wetterschutz | Novavert","description":"HS\u00b2 von Novavert ist ein modulares Schirmsystem f\u00fcr den Gartenbau, das als hervorragende Wetterschutz dient.","robots":{"index":"index","follow":"follow","max-snippet":"max-snippet:-1","max-image-preview":"max-image-preview:large","max-video-preview":"max-video-preview:-1"},"canonical":"https:\/\/www.novavert.com\/de\/gartenbau\/hs%c2%b2-wetterschutz\/","og_locale":"de_DE","og_type":"article","og_title":"HS\u00b2 Wetterschutz | Novavert","og_description":"HS\u00b2 von Novavert ist ein modulares Schirmsystem f\u00fcr den Gartenbau, das als hervorragende Wetterschutz dient.","og_url":"https:\/\/www.novavert.com\/de\/gartenbau\/hs%c2%b2-wetterschutz\/","og_site_name":"Novavert","article_modified_time":"2024-08-28T21:05:43+00:00","twitter_card":"summary_large_image","twitter_misc":{"Gesch\u00e4tzte Lesezeit":"8\u00a0Minuten"},"schema":{"@context":"https:\/\/schema.org","@graph":[{"@type":"WebPage","@id":"https:\/\/www.novavert.com\/de\/gartenbau\/hs%c2%b2-wetterschutz\/","url":"https:\/\/www.novavert.com\/de\/gartenbau\/hs%c2%b2-wetterschutz\/","name":"HS\u00b2 Wetterschutz | Novavert","isPartOf":{"@id":"\/#website"},"datePublished":"2020-04-13T12:49:57+00:00","dateModified":"2024-08-28T21:05:43+00:00","description":"HS\u00b2 von Novavert ist ein modulares Schirmsystem f\u00fcr den Gartenbau, das als hervorragende Wetterschutz dient.","breadcrumb":{"@id":"https:\/\/www.novavert.com\/de\/gartenbau\/hs%c2%b2-wetterschutz\/#breadcrumb"},"inLanguage":"de","potentialAction":[{"@type":"ReadAction","target":["https:\/\/www.novavert.com\/de\/gartenbau\/hs%c2%b2-wetterschutz\/"]}]},{"@type":"BreadcrumbList","@id":"https:\/\/www.novavert.com\/de\/gartenbau\/hs%c2%b2-wetterschutz\/#breadcrumb","itemListElement":[{"@type":"ListItem","position":1,"name":"Startseite","item":"https:\/\/www.novavert.com\/de\/"},{"@type":"ListItem","position":2,"name":"Gartenbau","item":"https:\/\/www.novavert.com\/de\/gartenbau\/"},{"@type":"ListItem","position":3,"name":"HS\u00b2 Wetterschutz"}]},{"@type":"WebSite","@id":"\/#website","url":"\/","name":"Novavert","description":"IHR PARTNER F\u00dcR HOCHWERTIGE PRODUKTE AUS DEN BEREICHEN SCHATTIERUNGEN UND WETTERSCHUTZ","publisher":{"@id":"\/#organization"},"potentialAction":[{"@type":"SearchAction","target":{"@type":"EntryPoint","urlTemplate":"\/?s={search_term_string}"},"query-input":{"@type":"PropertyValueSpecification","valueRequired":true,"valueName":"search_term_string"}}],"inLanguage":"de"},{"@type":"Organization","@id":"\/#organization","name":"Novavert","url":"\/","logo":{"@type":"ImageObject","inLanguage":"de","@id":"\/#\/schema\/logo\/image\/","url":"https:\/\/www.novavert.com\/wp-content\/uploads\/2020\/03\/novavert_Logo_Men\u00fc-3.png","contentUrl":"https:\/\/www.novavert.com\/wp-content\/uploads\/2020\/03\/novavert_Logo_Men\u00fc-3.png","width":407,"height":180,"caption":"Novavert"},"image":{"@id":"\/#\/schema\/logo\/image\/"}}]}},"_links":{"self":[{"href":"https:\/\/www.novavert.com\/de\/wp-json\/wp\/v2\/pages\/8980","targetHints":{"allow":["GET"]}}],"collection":[{"href":"https:\/\/www.novavert.com\/de\/wp-json\/wp\/v2\/pages"}],"about":[{"href":"https:\/\/www.novavert.com\/de\/wp-json\/wp\/v2\/types\/page"}],"author":[{"embeddable":true,"href":"https:\/\/www.novavert.com\/de\/wp-json\/wp\/v2\/users\/3"}],"replies":[{"embeddable":true,"href":"https:\/\/www.novavert.com\/de\/wp-json\/wp\/v2\/comments?post=8980"}],"version-history":[{"count":32,"href":"https:\/\/www.novavert.com\/de\/wp-json\/wp\/v2\/pages\/8980\/revisions"}],"predecessor-version":[{"id":15981,"href":"https:\/\/www.novavert.com\/de\/wp-json\/wp\/v2\/pages\/8980\/revisions\/15981"}],"up":[{"embeddable":true,"href":"https:\/\/www.novavert.com\/de\/wp-json\/wp\/v2\/pages\/22"}],"wp:attachment":[{"href":"https:\/\/www.novavert.com\/de\/wp-json\/wp\/v2\/media?parent=8980"}],"curies":[{"name":"wp","href":"https:\/\/api.w.org\/{rel}","templated":true}]}}