{"id":8,"date":"2019-05-10T08:54:42","date_gmt":"2019-05-10T08:54:42","guid":{"rendered":"https:\/\/novavert.com\/?page_id=8"},"modified":"2025-07-01T14:22:06","modified_gmt":"2025-07-01T12:22:06","slug":"start","status":"publish","type":"page","link":"https:\/\/www.novavert.com\/de\/","title":{"rendered":"Start"},"content":{"rendered":"<p>[et_pb_section fb_built=&#8221;1&#8243; _builder_version=&#8221;4.16&#8243; custom_margin=&#8221;||0px||false|false&#8221; custom_padding=&#8221;0px||0px||false|false&#8221; locked=&#8221;off&#8221; global_colors_info=&#8221;{}&#8221;][et_pb_row _builder_version=&#8221;4.16&#8243; custom_margin=&#8221;|auto|0px|auto|false|false&#8221; custom_padding=&#8221;0px||0px||false|false&#8221; global_colors_info=&#8221;{}&#8221;][et_pb_column type=&#8221;4_4&#8243; _builder_version=&#8221;4.16&#8243; global_colors_info=&#8221;{}&#8221;][et_pb_slider _builder_version=&#8221;4.16&#8243; min_height=&#8221;400px&#8221; min_height_tablet=&#8221;&#8221; min_height_phone=&#8221;225px&#8221; min_height_last_edited=&#8221;on|desktop&#8221; custom_margin=&#8221;0px||||false|false&#8221; custom_padding=&#8221;||||false|false&#8221; global_colors_info=&#8221;{}&#8221;][et_pb_slide _builder_version=&#8221;4.16&#8243; background_image=&#8221;https:\/\/www.novavert.com\/wp-content\/uploads\/2020\/11\/Genfer-See-13-scaled-e1606134969203.jpg&#8221; background_enable_image=&#8221;on&#8221; global_colors_info=&#8221;{}&#8221; sticky_transition=&#8221;on&#8221;][\/et_pb_slide][et_pb_slide _builder_version=&#8221;4.16&#8243; background_image=&#8221;https:\/\/www.novavert.com\/wp-content\/uploads\/2021\/11\/Singapore-Slideshow-Startseite-e1637251158327.jpg&#8221; background_enable_image=&#8221;on&#8221; global_colors_info=&#8221;{}&#8221; sticky_transition=&#8221;on&#8221;][\/et_pb_slide][et_pb_slide _builder_version=&#8221;4.16&#8243; background_image=&#8221;https:\/\/www.novavert.com\/wp-content\/uploads\/2020\/12\/DJI_0008-scaled-e1608297722684.jpg&#8221; background_enable_image=&#8221;on&#8221; background_position=&#8221;top_right&#8221; global_colors_info=&#8221;{}&#8221; sticky_transition=&#8221;on&#8221;][\/et_pb_slide][\/et_pb_slider][et_pb_text _builder_version=&#8221;4.16&#8243; custom_margin=&#8221;||19px|||&#8221; global_colors_info=&#8221;{}&#8221;]<\/p>\n<h2 style=\"text-align: center;\"><span style=\"font-size: xx-large;\">Novavert <\/span><\/h2>\n<h2 style=\"text-align: center;\">Ihr partner f\u00fcr hochwertige produkte aus den bereichEN schattierungen und wetterschutz<\/h2>\n<p>[\/et_pb_text][et_pb_divider color=&#8221;#666666&#8243; _builder_version=&#8221;4.16&#8243; min_height=&#8221;8px&#8221; custom_margin=&#8221;||0px||false|false&#8221; custom_padding=&#8221;0px||||false|false&#8221; locked=&#8221;off&#8221; global_colors_info=&#8221;{}&#8221;][\/et_pb_divider][et_pb_text _builder_version=&#8221;4.16&#8243; global_colors_info=&#8221;{}&#8221;]<\/p>\n<h2 style=\"text-align: center;\"><span style=\"color: #143889;\">ENTDECKEN SIE UNSERE L\u00d6SUNGEN F\u00dcR DIE VERSCHIEDENe marktsegmente<br \/><\/span><\/h2>\n<p>[\/et_pb_text][\/et_pb_column][\/et_pb_row][\/et_pb_section][et_pb_section fb_built=&#8221;1&#8243; _builder_version=&#8221;4.16&#8243; custom_margin=&#8221;0px||||false|false&#8221; custom_padding=&#8221;0px||100px||false|false&#8221; global_colors_info=&#8221;{}&#8221;][et_pb_row column_structure=&#8221;1_3,1_3,1_3&#8243; use_custom_gutter=&#8221;on&#8221; gutter_width=&#8221;2&#8243; _builder_version=&#8221;4.16&#8243; background_enable_image=&#8221;off&#8221; background_size=&#8221;initial&#8221; background_position=&#8221;top_left&#8221; background_repeat=&#8221;repeat&#8221; custom_padding=&#8221;||||false|false&#8221; animation_style=&#8221;fade&#8221; global_colors_info=&#8221;{}&#8221;][et_pb_column type=&#8221;1_3&#8243; _builder_version=&#8221;4.16&#8243; background_image=&#8221;https:\/\/www.novavert.com\/wp-content\/uploads\/2020\/03\/Kat.-Agrar-1-scaled.jpg&#8221; custom_padding=&#8221;|||&#8221; global_colors_info=&#8221;{}&#8221; custom_padding__hover=&#8221;|||&#8221;][et_pb_blurb title=&#8221;Gartenbau&#8221; url=&#8221;https:\/\/www.novavert.com\/gartenbau\/&#8221; image=&#8221;https:\/\/www.novavert.com\/wp-content\/uploads\/2019\/05\/Novavert-Icon-Horti.png&#8221; icon_placement=&#8221;left&#8221; content_max_width=&#8221;600px&#8221; admin_label=&#8221;Gartenbau&#8221; _builder_version=&#8221;4.16&#8243; header_font=&#8221;Oswald|500||on|||||&#8221; header_text_color=&#8221;#ffffff&#8221; header_font_size=&#8221;20px&#8221; header_letter_spacing=&#8221;3px&#8221; header_line_height=&#8221;1.6em&#8221; body_text_color=&#8221;#000000&#8243; background_enable_color=&#8221;off&#8221; background_color_gradient_type=&#8221;linear&#8221; background_color_gradient_stops=&#8221;rgba(0,0,0,0) 66%|rgba(0,0,0,0.66) 100%&#8221; background_color_gradient_start=&#8221;rgba(0,0,0,0)&#8221; background_color_gradient_start_position=&#8221;66%&#8221; background_color_gradient_end=&#8221;rgba(0,0,0,0.66)&#8221; background_image=&#8221;https:\/\/www.novavert.com\/wp-content\/uploads\/2019\/06\/img-20180508-101855-big.jpg&#8221; transform_scale_linked=&#8221;off&#8221; transform_translate_linked=&#8221;off&#8221; width=&#8221;100%&#8221; height=&#8221;60px&#8221; max_height=&#8221;1000px&#8221; custom_margin=&#8221;0px||0px||true|false&#8221; custom_padding=&#8221;200px|15px|45px|15px|false|false&#8221; link_option_url=&#8221;https:\/\/www.novavert.com\/gartenbau\/&#8221; border_radii=&#8221;on|0px|0px|0px|0px&#8221; border_color_all=&#8221;#143889&#8243; box_shadow_style=&#8221;preset3&#8243; global_colors_info=&#8221;{}&#8221;][\/et_pb_blurb][\/et_pb_column][et_pb_column type=&#8221;1_3&#8243; _builder_version=&#8221;4.16&#8243; global_colors_info=&#8221;{}&#8221;][et_pb_blurb title=&#8221;Architektur&#8221; url=&#8221;@ET-DC@eyJkeW5hbWljIjp0cnVlLCJjb250ZW50IjoicG9zdF9saW5rX3VybF9wYWdlIiwic2V0dGluZ3MiOnsicG9zdF9pZCI6IjY0ODAifX0=@&#8221; image=&#8221;https:\/\/www.novavert.com\/wp-content\/uploads\/2019\/05\/Novavert-Icon-Archi-klein.png&#8221; icon_placement=&#8221;left&#8221; content_max_width=&#8221;600px&#8221; admin_label=&#8221;Architektur&#8221; _builder_version=&#8221;4.16&#8243; _dynamic_attributes=&#8221;link_option_url,url&#8221; header_font=&#8221;Oswald|500||on|||||&#8221; header_text_color=&#8221;#ffffff&#8221; header_font_size=&#8221;20px&#8221; header_letter_spacing=&#8221;3px&#8221; header_line_height=&#8221;1.6em&#8221; body_text_color=&#8221;#000000&#8243; background_enable_color=&#8221;off&#8221; background_color_gradient_type=&#8221;linear&#8221; background_color_gradient_stops=&#8221;rgba(0,0,0,0) 66%|rgba(0,0,0,0.66) 100%&#8221; background_color_gradient_start=&#8221;rgba(0,0,0,0)&#8221; background_color_gradient_start_position=&#8221;66%&#8221; background_color_gradient_end=&#8221;rgba(0,0,0,0.66)&#8221; background_image=&#8221;https:\/\/www.novavert.com\/wp-content\/uploads\/2020\/03\/Kat.-Architektur-1-Vinpearl-VIETNAM-1-scaled.jpg&#8221; transform_scale_linked=&#8221;off&#8221; transform_translate_linked=&#8221;off&#8221; width=&#8221;100%&#8221; height=&#8221;60px&#8221; max_height=&#8221;1000px&#8221; custom_margin=&#8221;0px||0px||true|false&#8221; custom_padding=&#8221;200px|15px|45px|15px|false|false&#8221; link_option_url=&#8221;@ET-DC@eyJkeW5hbWljIjp0cnVlLCJjb250ZW50IjoicG9zdF9saW5rX3VybF9wYWdlIiwic2V0dGluZ3MiOnsicG9zdF9pZCI6IjY0ODAifX0=@&#8221; border_radii=&#8221;on|0px|0px|0px|0px&#8221; box_shadow_style=&#8221;preset3&#8243; global_colors_info=&#8221;{}&#8221;][\/et_pb_blurb][\/et_pb_column][et_pb_column type=&#8221;1_3&#8243; _builder_version=&#8221;4.16&#8243; global_colors_info=&#8221;{}&#8221;][et_pb_blurb title=&#8221;technische Konfektion&#8221; url=&#8221;@ET-DC@eyJkeW5hbWljIjp0cnVlLCJjb250ZW50IjoicG9zdF9saW5rX3VybF9wYWdlIiwic2V0dGluZ3MiOnsicG9zdF9pZCI6IjY0ODEifX0=@&#8221; image=&#8221;https:\/\/www.novavert.com\/wp-content\/uploads\/2019\/05\/Novavert-Icon-Tech.png&#8221; icon_placement=&#8221;left&#8221; content_max_width=&#8221;600px&#8221; admin_label=&#8221;Technische Konfektion&#8221; _builder_version=&#8221;4.16&#8243; _dynamic_attributes=&#8221;link_option_url,url&#8221; header_font=&#8221;Oswald|500||on|||||&#8221; header_text_align=&#8221;left&#8221; header_text_color=&#8221;#ffffff&#8221; header_font_size=&#8221;20px&#8221; header_letter_spacing=&#8221;3px&#8221; header_line_height=&#8221;1.6em&#8221; body_text_color=&#8221;#000000&#8243; background_enable_color=&#8221;off&#8221; background_color_gradient_type=&#8221;linear&#8221; background_color_gradient_stops=&#8221;rgba(0,0,0,0) 66%|rgba(0,0,0,0.66) 100%&#8221; background_color_gradient_start=&#8221;rgba(0,0,0,0)&#8221; background_color_gradient_start_position=&#8221;66%&#8221; background_color_gradient_end=&#8221;rgba(0,0,0,0.66)&#8221; background_image=&#8221;https:\/\/www.novavert.com\/wp-content\/uploads\/2020\/03\/Kat.-Tech.-Konfektion-1-Schere-Detail.jpg&#8221; transform_scale_linked=&#8221;off&#8221; transform_translate_linked=&#8221;off&#8221; width=&#8221;100%&#8221; height=&#8221;60px&#8221; max_height=&#8221;1000px&#8221; custom_margin=&#8221;0px||0px||true|false&#8221; custom_padding=&#8221;200px|15px|45px|15px|false|false&#8221; link_option_url=&#8221;@ET-DC@eyJkeW5hbWljIjp0cnVlLCJjb250ZW50IjoicG9zdF9saW5rX3VybF9wYWdlIiwic2V0dGluZ3MiOnsicG9zdF9pZCI6IjY0ODEifX0=@&#8221; border_radii=&#8221;on|0px|0px|0px|0px&#8221; border_color_all_image=&#8221;#e09900&#8243; box_shadow_style=&#8221;preset3&#8243; global_colors_info=&#8221;{}&#8221;][\/et_pb_blurb][\/et_pb_column][\/et_pb_row][et_pb_row column_structure=&#8221;1_3,1_3,1_3&#8243; use_custom_gutter=&#8221;on&#8221; gutter_width=&#8221;2&#8243; make_equal=&#8221;on&#8221; _builder_version=&#8221;4.16&#8243; animation_style=&#8221;fade&#8221; z_index_tablet=&#8221;500&#8243; global_colors_info=&#8221;{}&#8221;][et_pb_column type=&#8221;1_3&#8243; _builder_version=&#8221;4.16&#8243; global_colors_info=&#8221;{}&#8221;][et_pb_blurb title=&#8221;Industrie&#8221; url=&#8221;@ET-DC@eyJkeW5hbWljIjp0cnVlLCJjb250ZW50IjoicG9zdF9saW5rX3VybF9wYWdlIiwic2V0dGluZ3MiOnsicG9zdF9pZCI6IjY0NzkifX0=@&#8221; image=&#8221;https:\/\/www.novavert.com\/wp-content\/uploads\/2019\/05\/Novavert-Icon-Industry.png&#8221; icon_placement=&#8221;left&#8221; content_max_width=&#8221;600px&#8221; admin_label=&#8221;Industrie&#8221; _builder_version=&#8221;4.16&#8243; _dynamic_attributes=&#8221;url,link_option_url&#8221; header_font=&#8221;Oswald|500||on|||||&#8221; header_text_color=&#8221;#ffffff&#8221; header_font_size=&#8221;20px&#8221; header_letter_spacing=&#8221;3px&#8221; header_line_height=&#8221;1.6em&#8221; body_text_color=&#8221;#000000&#8243; background_enable_color=&#8221;off&#8221; background_color_gradient_type=&#8221;linear&#8221; background_color_gradient_stops=&#8221;rgba(0,0,0,0) 66%|rgba(0,0,0,0.66) 100%&#8221; background_color_gradient_start=&#8221;rgba(0,0,0,0)&#8221; background_color_gradient_start_position=&#8221;66%&#8221; background_color_gradient_end=&#8221;rgba(0,0,0,0.66)&#8221; background_image=&#8221;https:\/\/www.novavert.com\/wp-content\/uploads\/2020\/03\/KatIndustrie.jpg&#8221; transform_scale_linked=&#8221;off&#8221; transform_translate_linked=&#8221;off&#8221; width=&#8221;100%&#8221; height=&#8221;60px&#8221; max_height=&#8221;1000px&#8221; custom_margin=&#8221;0px||0px||true|false&#8221; custom_padding=&#8221;200px|15px|45px|15px|false|false&#8221; link_option_url=&#8221;@ET-DC@eyJkeW5hbWljIjp0cnVlLCJjb250ZW50IjoicG9zdF9saW5rX3VybF9wYWdlIiwic2V0dGluZ3MiOnsicG9zdF9pZCI6IjY0NzkifX0=@&#8221; border_radii=&#8221;on|0px|0px|0px|0px&#8221; border_color_all=&#8221;#143889&#8243; box_shadow_style=&#8221;preset3&#8243; global_colors_info=&#8221;{}&#8221;][\/et_pb_blurb][\/et_pb_column][et_pb_column type=&#8221;1_3&#8243; _builder_version=&#8221;4.16&#8243; custom_padding=&#8221;|||&#8221; global_colors_info=&#8221;{}&#8221; custom_padding__hover=&#8221;|||&#8221;][et_pb_blurb title=&#8221;Agrar&#8221; url=&#8221;\/agrar\/&#8221; image=&#8221;https:\/\/www.novavert.com\/wp-content\/uploads\/2019\/05\/Novavert-Icon-Agrar.png&#8221; icon_placement=&#8221;left&#8221; content_max_width=&#8221;600px&#8221; admin_label=&#8221;Agrar&#8221; _builder_version=&#8221;4.16&#8243; header_font=&#8221;Oswald|500||on|||||&#8221; header_text_color=&#8221;#ffffff&#8221; header_font_size=&#8221;20px&#8221; header_letter_spacing=&#8221;3px&#8221; header_line_height=&#8221;1.6em&#8221; body_text_color=&#8221;#000000&#8243; background_enable_color=&#8221;off&#8221; background_color_gradient_type=&#8221;linear&#8221; background_color_gradient_stops=&#8221;rgba(0,0,0,0) 66%|rgba(0,0,0,0.66) 100%&#8221; background_color_gradient_start=&#8221;rgba(0,0,0,0)&#8221; background_color_gradient_start_position=&#8221;66%&#8221; background_color_gradient_end=&#8221;rgba(0,0,0,0.66)&#8221; background_image=&#8221;https:\/\/www.novavert.com\/wp-content\/uploads\/2020\/03\/Kat.-Agrar-3-Fotolia_102497162_XXL-1-scaled.jpg&#8221; transform_scale_linked=&#8221;off&#8221; transform_translate_linked=&#8221;off&#8221; width=&#8221;100%&#8221; height=&#8221;60px&#8221; max_height=&#8221;1000px&#8221; custom_margin=&#8221;0px||0px||true|false&#8221; custom_padding=&#8221;200px|15px|45px|15px|false|false&#8221; link_option_url=&#8221;\/agrar\/&#8221; border_radii=&#8221;on|0px|0px|0px|0px&#8221; border_color_all=&#8221;#260000&#8243; box_shadow_style=&#8221;preset3&#8243; global_colors_info=&#8221;{}&#8221;][\/et_pb_blurb][\/et_pb_column][et_pb_column type=&#8221;1_3&#8243; _builder_version=&#8221;4.16&#8243; custom_padding=&#8221;|||&#8221; global_colors_info=&#8221;{}&#8221; custom_padding__hover=&#8221;|||&#8221;][et_pb_blurb title=&#8221;Hobby &#038; Deko&#8221; url=&#8221;@ET-DC@eyJkeW5hbWljIjp0cnVlLCJjb250ZW50IjoicG9zdF9saW5rX3VybF9wYWdlIiwic2V0dGluZ3MiOnsicG9zdF9pZCI6IjY0ODIifX0=@&#8221; image=&#8221;https:\/\/www.novavert.com\/wp-content\/uploads\/2019\/05\/Novavert-Icon-Hobby.png&#8221; icon_placement=&#8221;left&#8221; content_max_width=&#8221;600px&#8221; admin_label=&#8221;Hobby &#038; Deko&#8221; _builder_version=&#8221;4.16&#8243; _dynamic_attributes=&#8221;link_option_url,url&#8221; header_font=&#8221;Oswald|500||on|||||&#8221; header_text_color=&#8221;#ffffff&#8221; header_font_size=&#8221;20px&#8221; header_letter_spacing=&#8221;3px&#8221; header_line_height=&#8221;1.6em&#8221; body_text_color=&#8221;#000000&#8243; background_enable_color=&#8221;off&#8221; background_color_gradient_type=&#8221;linear&#8221; background_color_gradient_stops=&#8221;rgba(0,0,0,0) 66%|rgba(0,0,0,0.66) 100%&#8221; background_color_gradient_start=&#8221;rgba(0,0,0,0)&#8221; background_color_gradient_start_position=&#8221;66%&#8221; background_color_gradient_end=&#8221;rgba(0,0,0,0.66)&#8221; background_image=&#8221;https:\/\/www.novavert.com\/wp-content\/uploads\/2020\/03\/Kat.-HobbyDeko-Arendshoeve-NL_4-scaled.jpg&#8221; transform_scale_linked=&#8221;off&#8221; transform_translate_linked=&#8221;off&#8221; width=&#8221;100%&#8221; height=&#8221;60px&#8221; max_height=&#8221;1000px&#8221; custom_margin=&#8221;0px||0px||true|false&#8221; custom_padding=&#8221;200px|15px|45px|15px|false|false&#8221; link_option_url=&#8221;@ET-DC@eyJkeW5hbWljIjp0cnVlLCJjb250ZW50IjoicG9zdF9saW5rX3VybF9wYWdlIiwic2V0dGluZ3MiOnsicG9zdF9pZCI6IjY0ODIifX0=@&#8221; border_radii=&#8221;on|0px|0px|0px|0px&#8221; box_shadow_style=&#8221;preset3&#8243; global_colors_info=&#8221;{}&#8221;][\/et_pb_blurb][\/et_pb_column][\/et_pb_row][\/et_pb_section][et_pb_section fb_built=&#8221;1&#8243; admin_label=&#8221;Aktuelles&#8221; _builder_version=&#8221;4.16&#8243; background_color=&#8221;rgba(20,56,137,0.11)&#8221; inner_width_tablet=&#8221;50px&#8221; inner_max_width_tablet=&#8221;50px&#8221; z_index_tablet=&#8221;500&#8243; global_colors_info=&#8221;{}&#8221;][et_pb_row _builder_version=&#8221;4.16&#8243; background_size=&#8221;initial&#8221; background_position=&#8221;top_left&#8221; background_repeat=&#8221;repeat&#8221; custom_margin=&#8221;-39px|auto||auto||&#8221; custom_padding=&#8221;||20px|||&#8221; animation_style=&#8221;fade&#8221; global_colors_info=&#8221;{}&#8221;][et_pb_column type=&#8221;4_4&#8243; _builder_version=&#8221;4.16&#8243; custom_padding=&#8221;|||&#8221; global_colors_info=&#8221;{}&#8221; custom_padding__hover=&#8221;|||&#8221;][et_pb_text _builder_version=&#8221;4.16&#8243; header_font=&#8221;|||on|||||&#8221; header_font_size=&#8221;37px&#8221; header_letter_spacing=&#8221;13px&#8221; z_index_tablet=&#8221;500&#8243; global_colors_info=&#8221;{}&#8221;]<\/p>\n<h2 style=\"text-align: left;\">Neuigkeiten<\/h2>\n<p>[\/et_pb_text][\/et_pb_column][\/et_pb_row][et_pb_row use_custom_gutter=&#8221;on&#8221; gutter_width=&#8221;2&#8243; _builder_version=&#8221;4.16&#8243; background_size=&#8221;initial&#8221; background_position=&#8221;top_left&#8221; background_repeat=&#8221;repeat&#8221; custom_padding=&#8221;7px|||||&#8221; global_colors_info=&#8221;{}&#8221;][et_pb_column type=&#8221;4_4&#8243; _builder_version=&#8221;4.16&#8243; custom_padding=&#8221;|||&#8221; global_colors_info=&#8221;{}&#8221; custom_padding__hover=&#8221;|||&#8221;][et_pb_blog fullwidth=&#8221;off&#8221; include_categories=&#8221;58&#8243; show_more=&#8221;on&#8221; show_author=&#8221;off&#8221; show_date=&#8221;off&#8221; show_categories=&#8221;off&#8221; admin_label=&#8221;News&#8221; _builder_version=&#8221;4.16&#8243; header_level=&#8221;h3&#8243; body_text_color=&#8221;#143889&#8243; animation_style=&#8221;fade&#8221; z_index_tablet=&#8221;500&#8243; border_width_all=&#8221;0px&#8221; box_shadow_style=&#8221;preset3&#8243; global_colors_info=&#8221;{}&#8221;][\/et_pb_blog][\/et_pb_column][\/et_pb_row][\/et_pb_section]<\/p>\n","protected":false},"excerpt":{"rendered":"<p>Novavert Ihr partner f\u00fcr hochwertige produkte aus den bereichEN schattierungen und wetterschutzENTDECKEN SIE UNSERE L\u00d6SUNGEN F\u00dcR DIE VERSCHIEDENe marktsegmenteNeuigkeiten<\/p>\n","protected":false},"author":1,"featured_media":0,"parent":0,"menu_order":0,"comment_status":"closed","ping_status":"closed","template":"","meta":{"_et_pb_use_builder":"on","_et_pb_old_content":"","_et_gb_content_width":"","footnotes":""},"class_list":["post-8","page","type-page","status-publish","hentry"],"yoast_head":"<!-- This site is optimized with the Yoast SEO plugin v27.4 - https:\/\/yoast.com\/product\/yoast-seo-wordpress\/ -->\n<title>Novavert GmbH &amp; Co. KG | Entdecken SIe unsere L\u00f6sungen<\/title>\n<meta name=\"description\" content=\"Ihr Partner f\u00fcr hochwertige Produkte aus den Bereichen Schattierungen und Wetterschutz.\" \/>\n<meta name=\"robots\" content=\"index, follow, max-snippet:-1, max-image-preview:large, max-video-preview:-1\" \/>\n<link rel=\"canonical\" href=\"https:\/\/www.novavert.com\/de\/\" \/>\n<meta property=\"og:locale\" content=\"de_DE\" \/>\n<meta property=\"og:type\" content=\"article\" \/>\n<meta property=\"og:title\" content=\"Novavert GmbH &amp; Co. KG | Entdecken SIe unsere L\u00f6sungen\" \/>\n<meta property=\"og:description\" content=\"Ihr Partner f\u00fcr hochwertige Produkte aus den Bereichen Schattierungen und Wetterschutz.\" \/>\n<meta property=\"og:url\" content=\"https:\/\/www.novavert.com\/de\/\" \/>\n<meta property=\"og:site_name\" content=\"Novavert\" \/>\n<meta property=\"article:modified_time\" content=\"2025-07-01T12:22:06+00:00\" \/>\n<meta name=\"twitter:card\" content=\"summary_large_image\" \/>\n<meta name=\"twitter:label1\" content=\"Gesch\u00e4tzte Lesezeit\" \/>\n\t<meta name=\"twitter:data1\" content=\"4\u00a0Minuten\" \/>\n<script type=\"application\/ld+json\" class=\"yoast-schema-graph\">{\"@context\":\"https:\\\/\\\/schema.org\",\"@graph\":[{\"@type\":\"WebPage\",\"@id\":\"https:\\\/\\\/www.novavert.com\\\/de\\\/\",\"url\":\"https:\\\/\\\/www.novavert.com\\\/de\\\/\",\"name\":\"Novavert GmbH & Co. KG | Entdecken SIe unsere L\u00f6sungen\",\"isPartOf\":{\"@id\":\"\\\/#website\"},\"datePublished\":\"2019-05-10T08:54:42+00:00\",\"dateModified\":\"2025-07-01T12:22:06+00:00\",\"description\":\"Ihr Partner f\u00fcr hochwertige Produkte aus den Bereichen Schattierungen und Wetterschutz.\",\"breadcrumb\":{\"@id\":\"https:\\\/\\\/www.novavert.com\\\/de\\\/#breadcrumb\"},\"inLanguage\":\"de\",\"potentialAction\":[{\"@type\":\"ReadAction\",\"target\":[\"https:\\\/\\\/www.novavert.com\\\/de\\\/\"]}]},{\"@type\":\"BreadcrumbList\",\"@id\":\"https:\\\/\\\/www.novavert.com\\\/de\\\/#breadcrumb\",\"itemListElement\":[{\"@type\":\"ListItem\",\"position\":1,\"name\":\"Startseite\",\"item\":\"https:\\\/\\\/www.novavert.com\\\/de\\\/\"},{\"@type\":\"ListItem\",\"position\":2,\"name\":\"Start\"}]},{\"@type\":\"WebSite\",\"@id\":\"\\\/#website\",\"url\":\"\\\/\",\"name\":\"Novavert\",\"description\":\"IHR PARTNER F\u00dcR HOCHWERTIGE PRODUKTE AUS DEN BEREICHEN SCHATTIERUNGEN UND WETTERSCHUTZ\",\"publisher\":{\"@id\":\"\\\/#organization\"},\"potentialAction\":[{\"@type\":\"SearchAction\",\"target\":{\"@type\":\"EntryPoint\",\"urlTemplate\":\"\\\/?s={search_term_string}\"},\"query-input\":{\"@type\":\"PropertyValueSpecification\",\"valueRequired\":true,\"valueName\":\"search_term_string\"}}],\"inLanguage\":\"de\"},{\"@type\":\"Organization\",\"@id\":\"\\\/#organization\",\"name\":\"Novavert\",\"url\":\"\\\/\",\"logo\":{\"@type\":\"ImageObject\",\"inLanguage\":\"de\",\"@id\":\"\\\/#\\\/schema\\\/logo\\\/image\\\/\",\"url\":\"https:\\\/\\\/www.novavert.com\\\/wp-content\\\/uploads\\\/2020\\\/03\\\/novavert_Logo_Men\u00fc-3.png\",\"contentUrl\":\"https:\\\/\\\/www.novavert.com\\\/wp-content\\\/uploads\\\/2020\\\/03\\\/novavert_Logo_Men\u00fc-3.png\",\"width\":407,\"height\":180,\"caption\":\"Novavert\"},\"image\":{\"@id\":\"\\\/#\\\/schema\\\/logo\\\/image\\\/\"}}]}<\/script>\n<!-- \/ Yoast SEO plugin. -->","yoast_head_json":{"title":"Novavert GmbH & Co. KG | Entdecken SIe unsere L\u00f6sungen","description":"Ihr Partner f\u00fcr hochwertige Produkte aus den Bereichen Schattierungen und Wetterschutz.","robots":{"index":"index","follow":"follow","max-snippet":"max-snippet:-1","max-image-preview":"max-image-preview:large","max-video-preview":"max-video-preview:-1"},"canonical":"https:\/\/www.novavert.com\/de\/","og_locale":"de_DE","og_type":"article","og_title":"Novavert GmbH & Co. KG | Entdecken SIe unsere L\u00f6sungen","og_description":"Ihr Partner f\u00fcr hochwertige Produkte aus den Bereichen Schattierungen und Wetterschutz.","og_url":"https:\/\/www.novavert.com\/de\/","og_site_name":"Novavert","article_modified_time":"2025-07-01T12:22:06+00:00","twitter_card":"summary_large_image","twitter_misc":{"Gesch\u00e4tzte Lesezeit":"4\u00a0Minuten"},"schema":{"@context":"https:\/\/schema.org","@graph":[{"@type":"WebPage","@id":"https:\/\/www.novavert.com\/de\/","url":"https:\/\/www.novavert.com\/de\/","name":"Novavert GmbH & Co. KG | Entdecken SIe unsere L\u00f6sungen","isPartOf":{"@id":"\/#website"},"datePublished":"2019-05-10T08:54:42+00:00","dateModified":"2025-07-01T12:22:06+00:00","description":"Ihr Partner f\u00fcr hochwertige Produkte aus den Bereichen Schattierungen und Wetterschutz.","breadcrumb":{"@id":"https:\/\/www.novavert.com\/de\/#breadcrumb"},"inLanguage":"de","potentialAction":[{"@type":"ReadAction","target":["https:\/\/www.novavert.com\/de\/"]}]},{"@type":"BreadcrumbList","@id":"https:\/\/www.novavert.com\/de\/#breadcrumb","itemListElement":[{"@type":"ListItem","position":1,"name":"Startseite","item":"https:\/\/www.novavert.com\/de\/"},{"@type":"ListItem","position":2,"name":"Start"}]},{"@type":"WebSite","@id":"\/#website","url":"\/","name":"Novavert","description":"IHR PARTNER F\u00dcR HOCHWERTIGE PRODUKTE AUS DEN BEREICHEN SCHATTIERUNGEN UND WETTERSCHUTZ","publisher":{"@id":"\/#organization"},"potentialAction":[{"@type":"SearchAction","target":{"@type":"EntryPoint","urlTemplate":"\/?s={search_term_string}"},"query-input":{"@type":"PropertyValueSpecification","valueRequired":true,"valueName":"search_term_string"}}],"inLanguage":"de"},{"@type":"Organization","@id":"\/#organization","name":"Novavert","url":"\/","logo":{"@type":"ImageObject","inLanguage":"de","@id":"\/#\/schema\/logo\/image\/","url":"https:\/\/www.novavert.com\/wp-content\/uploads\/2020\/03\/novavert_Logo_Men\u00fc-3.png","contentUrl":"https:\/\/www.novavert.com\/wp-content\/uploads\/2020\/03\/novavert_Logo_Men\u00fc-3.png","width":407,"height":180,"caption":"Novavert"},"image":{"@id":"\/#\/schema\/logo\/image\/"}}]}},"_links":{"self":[{"href":"https:\/\/www.novavert.com\/de\/wp-json\/wp\/v2\/pages\/8","targetHints":{"allow":["GET"]}}],"collection":[{"href":"https:\/\/www.novavert.com\/de\/wp-json\/wp\/v2\/pages"}],"about":[{"href":"https:\/\/www.novavert.com\/de\/wp-json\/wp\/v2\/types\/page"}],"author":[{"embeddable":true,"href":"https:\/\/www.novavert.com\/de\/wp-json\/wp\/v2\/users\/1"}],"replies":[{"embeddable":true,"href":"https:\/\/www.novavert.com\/de\/wp-json\/wp\/v2\/comments?post=8"}],"version-history":[{"count":174,"href":"https:\/\/www.novavert.com\/de\/wp-json\/wp\/v2\/pages\/8\/revisions"}],"predecessor-version":[{"id":15700,"href":"https:\/\/www.novavert.com\/de\/wp-json\/wp\/v2\/pages\/8\/revisions\/15700"}],"wp:attachment":[{"href":"https:\/\/www.novavert.com\/de\/wp-json\/wp\/v2\/media?parent=8"}],"curies":[{"name":"wp","href":"https:\/\/api.w.org\/{rel}","templated":true}]}}