{"id":7701,"date":"2020-03-31T07:46:50","date_gmt":"2020-03-31T07:46:50","guid":{"rendered":"https:\/\/novavert.com\/?page_id=7701"},"modified":"2020-10-06T09:18:57","modified_gmt":"2020-10-06T09:18:57","slug":"rollschirmsysteme","status":"publish","type":"page","link":"https:\/\/www.novavert.com\/de\/rollschirmsysteme\/","title":{"rendered":"Rollschirmsysteme"},"content":{"rendered":"<p>[et_pb_section fb_built=&#8221;1&#8243; admin_label=&#8221;Header&#8221; _builder_version=&#8221;4.2.2&#8243; min_height=&#8221;36px&#8221; custom_margin=&#8221;0px||||false|false&#8221; custom_padding=&#8221;0px||0px||false|false&#8221; z_index_tablet=&#8221;500&#8243; collapsed=&#8221;off&#8221;][et_pb_row _builder_version=&#8221;4.2.2&#8243;][et_pb_column type=&#8221;4_4&#8243; _builder_version=&#8221;4.2.2&#8243;][et_pb_text _builder_version=&#8221;4.2.2&#8243; min_height=&#8221;98px&#8221;]<\/p>\n<h1>AuFROLLBARES SYSTEM: hs double duo 100<\/h1>\n<p><strong>Das neu von Novavert entwickelte HS double duo Rollschirmrohr mit 100mm Au\u00dfendurchmesser setzt neue Ma\u00dfst\u00e4be bei Rollschirmen.<\/strong><\/p>\n<p style=\"text-align: justify;\">\n<p>[\/et_pb_text][\/et_pb_column][\/et_pb_row][et_pb_row column_structure=&#8221;1_2,1_2&#8243; _builder_version=&#8221;4.2.2&#8243; custom_padding=&#8221;10px|||||&#8221; locked=&#8221;off&#8221;][et_pb_column type=&#8221;1_2&#8243; _builder_version=&#8221;4.2.2&#8243;][et_pb_text _builder_version=&#8221;4.2.2&#8243;]<\/p>\n<p>Bisherige \u00d850 und \u00d863mm Rollschirme krankten daran, dass der Rohrmotor an das Wickelrohr angeflanscht wurde &#8211; somit musste der Keder beim \u00dcbergang von Rollschirmrohr abgeschnitten werden. Die Befestigung auf dem \u00dcberwurfrohr erfolgte meist mit doppelseitigem Klebeband. Dieses ist nicht nur f\u00fcr den Einbau, sondern auch f\u00fcr den Tausch die denkbar schlechteste L\u00f6sung. Es kommt sehr oft zu ungleichm\u00e4\u00dfigem Aufwickeln mit Falten im Rollschirm. Bei empfindlichen Materialien kann der Rollschirm sogar Schaden nehmen.<strong><\/strong><\/p>\n<p><strong>SAUBERES GLEICHM\u00c4\u00dfIGES WICKELN<br \/><\/strong>Mit dem HS double duo 100mm reicht das Wickelrohr \u00fcber die volle L\u00e4nge, bis direkt an die F\u00fchrungsschlitten der Schienenf\u00fchrung. Das Geheimnis ist der Innendurchmesser von 63mm, der es nun erlaubt, die Rohrmotore komplett im Rohr zu versenken und b\u00fcndig abschlie\u00dfen zu lassen. Kein Keder muss mehr abgeschnitten werden und ein eventueller Tausch des Antriebs wird eine Angelegenheit von wenigen Minuten.<\/p>\n<p>[\/et_pb_text][\/et_pb_column][et_pb_column type=&#8221;1_2&#8243; _builder_version=&#8221;4.2.2&#8243;][et_pb_image src=&#8221;https:\/\/www.novavert.com\/wp-content\/uploads\/2020\/05\/Kat.-Gartenbau-Systemteile-Rollschirm-Detail-scaled-e1590136529971.jpg&#8221; _builder_version=&#8221;4.2.2&#8243; box_shadow_style=&#8221;preset1&#8243;][\/et_pb_image][\/et_pb_column][\/et_pb_row][et_pb_row column_structure=&#8221;1_2,1_2&#8243; _builder_version=&#8221;4.2.2&#8243; custom_padding=&#8221;8px|||||&#8221; locked=&#8221;off&#8221;][et_pb_column type=&#8221;1_2&#8243; _builder_version=&#8221;4.2.2&#8243;][et_pb_image src=&#8221;https:\/\/www.novavert.com\/wp-content\/uploads\/2020\/10\/3269-Rollschirmrohr-O100mm-Double-Duo-horizontal-e1601975844206.jpg&#8221; _builder_version=&#8221;4.6.1&#8243; hover_enabled=&#8221;0&#8243; box_shadow_style=&#8221;preset1&#8243; title_text=&#8221;3269 Rollschirmrohr \u00d8100mm Double Duo &#8211; horizontal&#8221; sticky_enabled=&#8221;0&#8243;][\/et_pb_image][\/et_pb_column][et_pb_column type=&#8221;1_2&#8243; _builder_version=&#8221;4.2.2&#8243;][et_pb_text _builder_version=&#8221;4.2.2&#8243;]<\/p>\n<p><strong>MINIMALE GEFAHR DER \u00dcBERHITZUNG<\/strong><br \/>War der Motor bisher quasi im Rollschirmmaterial eingewickelt und \u00fcberhitzte entsprechend schnell, kann nun die W\u00e4rme durch die vier gro\u00dfen Luftspalte verteilt werden bzw. \u00fcber die Rippen gro\u00dffl\u00e4chig abgeleitet werden.<\/p>\n<p><strong>HOCHGESCHWINDIGKEIT<\/strong><br \/>Durch den vergr\u00f6\u00dferten Durchmesser wickelt sich eine mit HS double duo 100 ausgef\u00fchrte Trennwand wesentlich schneller hoch, was sich z.B. bei h\u00e4ufigen Durchfahrten sofort bemerkbar macht.<\/p>\n<p>[\/et_pb_text][\/et_pb_column][\/et_pb_row][et_pb_row column_structure=&#8221;1_2,1_2&#8243; _builder_version=&#8221;4.2.2&#8243; custom_padding=&#8221;8px|||||&#8221; locked=&#8221;off&#8221;][et_pb_column type=&#8221;1_2&#8243; _builder_version=&#8221;4.2.2&#8243;][et_pb_text _builder_version=&#8221;4.2.2&#8243;]<\/p>\n<p><strong><\/strong><strong>HOHE BELASTBARKEIT<\/strong><br \/>Die wesentlich h\u00f6here Biegesteifigkeit wirkt sich bei Au\u00dfentrennw\u00e4nden positiv aus, denn es werden weniger senkrechte Wegwehsicherungen ben\u00f6tigt. F\u00fcr extreme Belastungen steht eine Variante mit 7mm Wandst\u00e4rke zur Verf\u00fcgung: Diese kann mit entsprechnenden Flanschen und Lagern f\u00fcr sehr breite Tore eingesetzt werden und sind auch f\u00fcr Rollschirme bei extremen Windbelastungen geeignet.<\/p>\n<p>Weniger Torsion und h\u00f6here \u00fcbertragbare Drehmomente erlauben besonders lange Rollschirme mit angeflanschter, au\u00dfenliegender Elektrowinde. Hierbei ist auf ein entsprechendes Gegengewicht zu achten.<\/p>\n<p>&nbsp;<\/p>\n<p>[\/et_pb_text][\/et_pb_column][et_pb_column type=&#8221;1_2&#8243; _builder_version=&#8221;4.2.2&#8243;][et_pb_image src=&#8221;https:\/\/www.novavert.com\/wp-content\/uploads\/2020\/06\/Kat.-Tech.-Konfektion-Rollschirme-Caruso-IT-e1592895561901.jpg&#8221; _builder_version=&#8221;4.2.2&#8243; box_shadow_style=&#8221;preset1&#8243;][\/et_pb_image][\/et_pb_column][\/et_pb_row][et_pb_row column_structure=&#8221;1_2,1_2&#8243; _builder_version=&#8221;4.2.2&#8243; custom_padding=&#8221;8px|||||&#8221; locked=&#8221;off&#8221;][et_pb_column type=&#8221;1_2&#8243; _builder_version=&#8221;4.2.2&#8243;][et_pb_image src=&#8221;https:\/\/www.novavert.com\/wp-content\/uploads\/2020\/03\/Kat.-Tech.-Konfektion-Rollschirme-Flortec-IT-scaled-e1592473365777.jpg&#8221; _builder_version=&#8221;4.2.2&#8243; box_shadow_style=&#8221;preset1&#8243;][\/et_pb_image][\/et_pb_column][et_pb_column type=&#8221;1_2&#8243; _builder_version=&#8221;4.2.2&#8243;][et_pb_text _builder_version=&#8221;4.2.2&#8243; custom_padding=&#8221;||30px|||&#8221; locked=&#8221;off&#8221;]<\/p>\n<p><strong>UNIVERSELL EINSETZBAR<\/strong><br \/>Schon kurz nach Markteinf\u00fchrung wurde das HS double duo vielfach bei der Ausr\u00fcstung von Gartencentertrennw\u00e4nden mit der ultra-transparenten HS maxilux Folie aus ETFE eingesetzt.<\/p>\n<p><strong>KOMPLETTES PROGRAM LIEFERBAR<\/strong><br \/>Novavert liefert passende innenliegende Rohrmotore von 50-120Nm, au\u00dfenliegende Winden und das komplette Zubeh\u00f6r &#8211; wie z.B. Linearf\u00fchrungen, Schlitten, Kabelf\u00fchrungsketten, Abdichtungsb\u00fcrsten usw. Selbstverst\u00e4ndlich versorgen wir vorhandene 50mm und 63mm-Systeme auch weiterhin mit allen Ersatzteilen.<\/p>\n<p>[\/et_pb_text][\/et_pb_column][\/et_pb_row][et_pb_row disabled_on=&#8221;off|off|off&#8221; _builder_version=&#8221;4.2.2&#8243; custom_padding=&#8221;||||false|false&#8221; locked=&#8221;off&#8221;][et_pb_column type=&#8221;4_4&#8243; _builder_version=&#8221;3.25&#8243; custom_padding=&#8221;|||&#8221; custom_padding__hover=&#8221;|||&#8221;][et_pb_text disabled_on=&#8221;off|off|off&#8221; _builder_version=&#8221;4.2.2&#8243;]<\/p>\n<h1>Artikel der Rollschirmsysteme<\/h1>\n<p>[\/et_pb_text][et_pb_shop type=&#8221;product_category&#8221; posts_number=&#8221;300&#8243; include_categories=&#8221;87&#8243; icon_hover_color=&#8221;#143889&#8243; hover_overlay_color=&#8221;rgba(255,255,255,0.52)&#8221; _builder_version=&#8221;4.6.1&#8243; title_font=&#8221;||||||||&#8221; title_text_align=&#8221;left&#8221; title_font_size=&#8221;15px&#8221; title_letter_spacing=&#8221;1px&#8221; z_index=&#8221;-287&#8243; custom_padding=&#8221;||0px|||&#8221;][\/et_pb_shop][\/et_pb_column][\/et_pb_row][\/et_pb_section]<\/p>\n","protected":false},"excerpt":{"rendered":"<p>AuFROLLBARES SYSTEM: hs double duo 100 Das neu von Novavert entwickelte HS double duo Rollschirmrohr mit 100mm Au\u00dfendurchmesser setzt neue Ma\u00dfst\u00e4be bei Rollschirmen. Bisherige \u00d850 und \u00d863mm Rollschirme krankten daran, dass der Rohrmotor an das Wickelrohr angeflanscht wurde &#8211; somit musste der Keder beim \u00dcbergang von Rollschirmrohr abgeschnitten werden. Die Befestigung auf dem \u00dcberwurfrohr erfolgte [&hellip;]<\/p>\n","protected":false},"author":3,"featured_media":0,"parent":0,"menu_order":0,"comment_status":"closed","ping_status":"closed","template":"","meta":{"_et_pb_use_builder":"on","_et_pb_old_content":"","_et_gb_content_width":"","footnotes":""},"class_list":["post-7701","page","type-page","status-publish","hentry"],"yoast_head":"<!-- This site is optimized with the Yoast SEO plugin v27.6 - https:\/\/yoast.com\/product\/yoast-seo-wordpress\/ -->\n<title>Rollschirmsysteme | Novavert<\/title>\n<meta name=\"robots\" content=\"index, follow, max-snippet:-1, max-image-preview:large, max-video-preview:-1\" \/>\n<link rel=\"canonical\" href=\"https:\/\/www.novavert.com\/de\/rollschirmsysteme\/\" \/>\n<meta property=\"og:locale\" content=\"de_DE\" \/>\n<meta property=\"og:type\" content=\"article\" \/>\n<meta property=\"og:title\" content=\"Rollschirmsysteme | Novavert\" \/>\n<meta property=\"og:description\" content=\"AuFROLLBARES SYSTEM: hs double duo 100 Das neu von Novavert entwickelte HS double duo Rollschirmrohr mit 100mm Au\u00dfendurchmesser setzt neue Ma\u00dfst\u00e4be bei Rollschirmen. Bisherige \u00d850 und \u00d863mm Rollschirme krankten daran, dass der Rohrmotor an das Wickelrohr angeflanscht wurde - somit musste der Keder beim \u00dcbergang von Rollschirmrohr abgeschnitten werden. Die Befestigung auf dem \u00dcberwurfrohr erfolgte [&hellip;]\" \/>\n<meta property=\"og:url\" content=\"https:\/\/www.novavert.com\/de\/rollschirmsysteme\/\" \/>\n<meta property=\"og:site_name\" content=\"Novavert\" \/>\n<meta property=\"article:modified_time\" content=\"2020-10-06T09:18:57+00:00\" \/>\n<meta name=\"twitter:card\" content=\"summary_large_image\" \/>\n<meta name=\"twitter:label1\" content=\"Gesch\u00e4tzte Lesezeit\" \/>\n\t<meta name=\"twitter:data1\" content=\"4\u00a0Minuten\" \/>\n<script type=\"application\/ld+json\" class=\"yoast-schema-graph\">{\"@context\":\"https:\\\/\\\/schema.org\",\"@graph\":[{\"@type\":\"WebPage\",\"@id\":\"https:\\\/\\\/www.novavert.com\\\/de\\\/rollschirmsysteme\\\/\",\"url\":\"https:\\\/\\\/www.novavert.com\\\/de\\\/rollschirmsysteme\\\/\",\"name\":\"Rollschirmsysteme | Novavert\",\"isPartOf\":{\"@id\":\"\\\/#website\"},\"datePublished\":\"2020-03-31T07:46:50+00:00\",\"dateModified\":\"2020-10-06T09:18:57+00:00\",\"breadcrumb\":{\"@id\":\"https:\\\/\\\/www.novavert.com\\\/de\\\/rollschirmsysteme\\\/#breadcrumb\"},\"inLanguage\":\"de\",\"potentialAction\":[{\"@type\":\"ReadAction\",\"target\":[\"https:\\\/\\\/www.novavert.com\\\/de\\\/rollschirmsysteme\\\/\"]}]},{\"@type\":\"BreadcrumbList\",\"@id\":\"https:\\\/\\\/www.novavert.com\\\/de\\\/rollschirmsysteme\\\/#breadcrumb\",\"itemListElement\":[{\"@type\":\"ListItem\",\"position\":1,\"name\":\"Startseite\",\"item\":\"https:\\\/\\\/www.novavert.com\\\/de\\\/\"},{\"@type\":\"ListItem\",\"position\":2,\"name\":\"Rollschirmsysteme\"}]},{\"@type\":\"WebSite\",\"@id\":\"\\\/#website\",\"url\":\"\\\/\",\"name\":\"Novavert\",\"description\":\"IHR PARTNER F\u00dcR HOCHWERTIGE PRODUKTE AUS DEN BEREICHEN SCHATTIERUNGEN UND WETTERSCHUTZ\",\"publisher\":{\"@id\":\"\\\/#organization\"},\"potentialAction\":[{\"@type\":\"SearchAction\",\"target\":{\"@type\":\"EntryPoint\",\"urlTemplate\":\"\\\/?s={search_term_string}\"},\"query-input\":{\"@type\":\"PropertyValueSpecification\",\"valueRequired\":true,\"valueName\":\"search_term_string\"}}],\"inLanguage\":\"de\"},{\"@type\":\"Organization\",\"@id\":\"\\\/#organization\",\"name\":\"Novavert\",\"url\":\"\\\/\",\"logo\":{\"@type\":\"ImageObject\",\"inLanguage\":\"de\",\"@id\":\"\\\/#\\\/schema\\\/logo\\\/image\\\/\",\"url\":\"https:\\\/\\\/www.novavert.com\\\/wp-content\\\/uploads\\\/2020\\\/03\\\/novavert_Logo_Men\u00fc-3.png\",\"contentUrl\":\"https:\\\/\\\/www.novavert.com\\\/wp-content\\\/uploads\\\/2020\\\/03\\\/novavert_Logo_Men\u00fc-3.png\",\"width\":407,\"height\":180,\"caption\":\"Novavert\"},\"image\":{\"@id\":\"\\\/#\\\/schema\\\/logo\\\/image\\\/\"}}]}<\/script>\n<!-- \/ Yoast SEO plugin. -->","yoast_head_json":{"title":"Rollschirmsysteme | Novavert","robots":{"index":"index","follow":"follow","max-snippet":"max-snippet:-1","max-image-preview":"max-image-preview:large","max-video-preview":"max-video-preview:-1"},"canonical":"https:\/\/www.novavert.com\/de\/rollschirmsysteme\/","og_locale":"de_DE","og_type":"article","og_title":"Rollschirmsysteme | Novavert","og_description":"AuFROLLBARES SYSTEM: hs double duo 100 Das neu von Novavert entwickelte HS double duo Rollschirmrohr mit 100mm Au\u00dfendurchmesser setzt neue Ma\u00dfst\u00e4be bei Rollschirmen. Bisherige \u00d850 und \u00d863mm Rollschirme krankten daran, dass der Rohrmotor an das Wickelrohr angeflanscht wurde - somit musste der Keder beim \u00dcbergang von Rollschirmrohr abgeschnitten werden. Die Befestigung auf dem \u00dcberwurfrohr erfolgte [&hellip;]","og_url":"https:\/\/www.novavert.com\/de\/rollschirmsysteme\/","og_site_name":"Novavert","article_modified_time":"2020-10-06T09:18:57+00:00","twitter_card":"summary_large_image","twitter_misc":{"Gesch\u00e4tzte Lesezeit":"4\u00a0Minuten"},"schema":{"@context":"https:\/\/schema.org","@graph":[{"@type":"WebPage","@id":"https:\/\/www.novavert.com\/de\/rollschirmsysteme\/","url":"https:\/\/www.novavert.com\/de\/rollschirmsysteme\/","name":"Rollschirmsysteme | Novavert","isPartOf":{"@id":"\/#website"},"datePublished":"2020-03-31T07:46:50+00:00","dateModified":"2020-10-06T09:18:57+00:00","breadcrumb":{"@id":"https:\/\/www.novavert.com\/de\/rollschirmsysteme\/#breadcrumb"},"inLanguage":"de","potentialAction":[{"@type":"ReadAction","target":["https:\/\/www.novavert.com\/de\/rollschirmsysteme\/"]}]},{"@type":"BreadcrumbList","@id":"https:\/\/www.novavert.com\/de\/rollschirmsysteme\/#breadcrumb","itemListElement":[{"@type":"ListItem","position":1,"name":"Startseite","item":"https:\/\/www.novavert.com\/de\/"},{"@type":"ListItem","position":2,"name":"Rollschirmsysteme"}]},{"@type":"WebSite","@id":"\/#website","url":"\/","name":"Novavert","description":"IHR PARTNER F\u00dcR HOCHWERTIGE PRODUKTE AUS DEN BEREICHEN SCHATTIERUNGEN UND WETTERSCHUTZ","publisher":{"@id":"\/#organization"},"potentialAction":[{"@type":"SearchAction","target":{"@type":"EntryPoint","urlTemplate":"\/?s={search_term_string}"},"query-input":{"@type":"PropertyValueSpecification","valueRequired":true,"valueName":"search_term_string"}}],"inLanguage":"de"},{"@type":"Organization","@id":"\/#organization","name":"Novavert","url":"\/","logo":{"@type":"ImageObject","inLanguage":"de","@id":"\/#\/schema\/logo\/image\/","url":"https:\/\/www.novavert.com\/wp-content\/uploads\/2020\/03\/novavert_Logo_Men\u00fc-3.png","contentUrl":"https:\/\/www.novavert.com\/wp-content\/uploads\/2020\/03\/novavert_Logo_Men\u00fc-3.png","width":407,"height":180,"caption":"Novavert"},"image":{"@id":"\/#\/schema\/logo\/image\/"}}]}},"_links":{"self":[{"href":"https:\/\/www.novavert.com\/de\/wp-json\/wp\/v2\/pages\/7701","targetHints":{"allow":["GET"]}}],"collection":[{"href":"https:\/\/www.novavert.com\/de\/wp-json\/wp\/v2\/pages"}],"about":[{"href":"https:\/\/www.novavert.com\/de\/wp-json\/wp\/v2\/types\/page"}],"author":[{"embeddable":true,"href":"https:\/\/www.novavert.com\/de\/wp-json\/wp\/v2\/users\/3"}],"replies":[{"embeddable":true,"href":"https:\/\/www.novavert.com\/de\/wp-json\/wp\/v2\/comments?post=7701"}],"version-history":[{"count":23,"href":"https:\/\/www.novavert.com\/de\/wp-json\/wp\/v2\/pages\/7701\/revisions"}],"predecessor-version":[{"id":14183,"href":"https:\/\/www.novavert.com\/de\/wp-json\/wp\/v2\/pages\/7701\/revisions\/14183"}],"wp:attachment":[{"href":"https:\/\/www.novavert.com\/de\/wp-json\/wp\/v2\/media?parent=7701"}],"curies":[{"name":"wp","href":"https:\/\/api.w.org\/{rel}","templated":true}]}}