{"id":7684,"date":"2020-03-31T07:38:55","date_gmt":"2020-03-31T07:38:55","guid":{"rendered":"https:\/\/novavert.com\/?page_id=7684"},"modified":"2020-04-08T15:49:57","modified_gmt":"2020-04-08T15:49:57","slug":"lueftungsschlaeuche-jettubes","status":"publish","type":"page","link":"https:\/\/www.novavert.com\/de\/lueftungsschlaeuche-jettubes\/","title":{"rendered":"L\u00fcftungsschl\u00e4uche &#8220;JetTubes&#8221;"},"content":{"rendered":"<p>[et_pb_section fb_built=&#8221;1&#8243; _builder_version=&#8221;4.2.2&#8243; custom_padding=&#8221;0px||0px||false|false&#8221; locked=&#8221;off&#8221;][et_pb_row disabled_on=&#8221;off|off|off&#8221; _builder_version=&#8221;4.2.2&#8243; custom_margin=&#8221;0px||||false|false&#8221; custom_padding=&#8221;0px||0px||false|false&#8221;][et_pb_column type=&#8221;4_4&#8243; _builder_version=&#8221;3.25&#8243; custom_padding=&#8221;|||&#8221; custom_padding__hover=&#8221;|||&#8221;][et_pb_slider _builder_version=&#8221;4.2.2&#8243; min_height=&#8221;368px&#8221; custom_margin=&#8221;0px||||false|false&#8221; custom_padding=&#8221;||||false|false&#8221; hover_enabled=&#8221;0&#8243; auto=&#8221;on&#8221;][et_pb_slide heading=&#8221;L\u00fcftungsschl\u00e4uche %22JetTubes%22&#8243; _builder_version=&#8221;4.2.2&#8243; background_image=&#8221;https:\/\/www.novavert.com\/wp-content\/uploads\/2020\/03\/Kat.-Gartenbau-1-Prinz-AU-scaled.jpg&#8221; background_enable_image=&#8221;on&#8221;][\/et_pb_slide][et_pb_slide _builder_version=&#8221;4.2.2&#8243; background_image=&#8221;https:\/\/www.novavert.com\/wp-content\/uploads\/2020\/03\/Kat.-Gartenbau-2-Rehner-DE-scaled.jpg&#8221; background_enable_image=&#8221;on&#8221;][\/et_pb_slide][et_pb_slide _builder_version=&#8221;4.2.2&#8243; background_image=&#8221;https:\/\/www.novavert.com\/wp-content\/uploads\/2020\/03\/Kat.-Gartenbau-3-Saric-DE-scaled.jpg&#8221; background_enable_image=&#8221;on&#8221;][\/et_pb_slide][et_pb_slide _builder_version=&#8221;4.2.2&#8243; background_image=&#8221;https:\/\/www.novavert.com\/wp-content\/uploads\/2020\/03\/Kat.-Gartenbau-7-Penza-RUS-scaled.jpg&#8221; background_enable_image=&#8221;on&#8221;][\/et_pb_slide][\/et_pb_slider][et_pb_text _builder_version=&#8221;4.2.2&#8243; min_height=&#8221;98px&#8221;]<\/p>\n<h1>L\u00f6sungen f\u00fcr L\u00fcftungsschl\u00e4uche &#8220;JetTubes&#8221;<\/h1>\n<p>Das Stallklima hat einen gro\u00dfen Einfluss auf das Wohlbefinden der Tiere, insbesondere auf deren Leistung und Verhalten.<br \/> Klimafaktoren wie Lufttemperatur, Temperaturschwankungen, Luftfeuchte, Luftgeschwindigkeit, Staubgehalt, Staub- und Schadgaskonzentration m\u00fcssen aus diesem Grund st\u00e4ndig unter Kontrolle gehalten werden.<\/p>\n<p>[\/et_pb_text][et_pb_divider color=&#8221;#eaeaea&#8221; _builder_version=&#8221;4.2.2&#8243;][\/et_pb_divider][et_pb_text disabled_on=&#8221;off|off|off&#8221; _builder_version=&#8221;4.2.2&#8243;]<\/p>\n<h1>Produkte<\/h1>\n<p>Entdecken Sie unsere Produkte im Agrar-Bereich. Gerne nehmen wir per Anfrage Ihre Bestellung entgegen oder beantworten Ihre Fragen.\u00a0<\/p>\n<p>[\/et_pb_text][et_pb_shop icon_hover_color=&#8221;#143889&#8243; hover_overlay_color=&#8221;rgba(255,255,255,0.52)&#8221; _builder_version=&#8221;4.2.2&#8243; title_font=&#8221;||||||||&#8221; title_text_align=&#8221;left&#8221; title_font_size=&#8221;15px&#8221; title_letter_spacing=&#8221;1px&#8221; z_index=&#8221;-287&#8243; custom_padding=&#8221;||0px|||&#8221;][\/et_pb_shop][\/et_pb_column][\/et_pb_row][\/et_pb_section]<\/p>\n","protected":false},"excerpt":{"rendered":"<p>L\u00f6sungen f\u00fcr L\u00fcftungsschl\u00e4uche &#8220;JetTubes&#8221; Das Stallklima hat einen gro\u00dfen Einfluss auf das Wohlbefinden der Tiere, insbesondere auf deren Leistung und Verhalten. Klimafaktoren wie Lufttemperatur, Temperaturschwankungen, Luftfeuchte, Luftgeschwindigkeit, Staubgehalt, Staub- und Schadgaskonzentration m\u00fcssen aus diesem Grund st\u00e4ndig unter Kontrolle gehalten werden.Produkte Entdecken Sie unsere Produkte im Agrar-Bereich. Gerne nehmen wir per Anfrage Ihre Bestellung entgegen oder [&hellip;]<\/p>\n","protected":false},"author":3,"featured_media":0,"parent":0,"menu_order":0,"comment_status":"closed","ping_status":"closed","template":"","meta":{"_et_pb_use_builder":"on","_et_pb_old_content":"","_et_gb_content_width":"","footnotes":""},"class_list":["post-7684","page","type-page","status-publish","hentry"],"yoast_head":"<!-- This site is optimized with the Yoast SEO plugin v27.5 - https:\/\/yoast.com\/product\/yoast-seo-wordpress\/ -->\n<title>L\u00fcftungsschl\u00e4uche &quot;JetTubes&quot; | Novavert<\/title>\n<meta name=\"robots\" content=\"index, follow, max-snippet:-1, max-image-preview:large, max-video-preview:-1\" \/>\n<link rel=\"canonical\" href=\"https:\/\/www.novavert.com\/de\/lueftungsschlaeuche-jettubes\/\" \/>\n<meta property=\"og:locale\" content=\"de_DE\" \/>\n<meta property=\"og:type\" content=\"article\" \/>\n<meta property=\"og:title\" content=\"L\u00fcftungsschl\u00e4uche &quot;JetTubes&quot; | Novavert\" \/>\n<meta property=\"og:description\" content=\"L\u00f6sungen f\u00fcr L\u00fcftungsschl\u00e4uche &quot;JetTubes&quot; Das Stallklima hat einen gro\u00dfen Einfluss auf das Wohlbefinden der Tiere, insbesondere auf deren Leistung und Verhalten. Klimafaktoren wie Lufttemperatur, Temperaturschwankungen, Luftfeuchte, Luftgeschwindigkeit, Staubgehalt, Staub- und Schadgaskonzentration m\u00fcssen aus diesem Grund st\u00e4ndig unter Kontrolle gehalten werden.Produkte Entdecken Sie unsere Produkte im Agrar-Bereich. Gerne nehmen wir per Anfrage Ihre Bestellung entgegen oder [&hellip;]\" \/>\n<meta property=\"og:url\" content=\"https:\/\/www.novavert.com\/de\/lueftungsschlaeuche-jettubes\/\" \/>\n<meta property=\"og:site_name\" content=\"Novavert\" \/>\n<meta property=\"article:modified_time\" content=\"2020-04-08T15:49:57+00:00\" \/>\n<meta name=\"twitter:card\" content=\"summary_large_image\" \/>\n<meta name=\"twitter:label1\" content=\"Gesch\u00e4tzte Lesezeit\" \/>\n\t<meta name=\"twitter:data1\" content=\"2\u00a0Minuten\" \/>\n<script type=\"application\/ld+json\" class=\"yoast-schema-graph\">{\"@context\":\"https:\\\/\\\/schema.org\",\"@graph\":[{\"@type\":\"WebPage\",\"@id\":\"https:\\\/\\\/www.novavert.com\\\/de\\\/lueftungsschlaeuche-jettubes\\\/\",\"url\":\"https:\\\/\\\/www.novavert.com\\\/de\\\/lueftungsschlaeuche-jettubes\\\/\",\"name\":\"L\u00fcftungsschl\u00e4uche \\\"JetTubes\\\" | Novavert\",\"isPartOf\":{\"@id\":\"\\\/#website\"},\"datePublished\":\"2020-03-31T07:38:55+00:00\",\"dateModified\":\"2020-04-08T15:49:57+00:00\",\"breadcrumb\":{\"@id\":\"https:\\\/\\\/www.novavert.com\\\/de\\\/lueftungsschlaeuche-jettubes\\\/#breadcrumb\"},\"inLanguage\":\"de\",\"potentialAction\":[{\"@type\":\"ReadAction\",\"target\":[\"https:\\\/\\\/www.novavert.com\\\/de\\\/lueftungsschlaeuche-jettubes\\\/\"]}]},{\"@type\":\"BreadcrumbList\",\"@id\":\"https:\\\/\\\/www.novavert.com\\\/de\\\/lueftungsschlaeuche-jettubes\\\/#breadcrumb\",\"itemListElement\":[{\"@type\":\"ListItem\",\"position\":1,\"name\":\"Startseite\",\"item\":\"https:\\\/\\\/www.novavert.com\\\/de\\\/\"},{\"@type\":\"ListItem\",\"position\":2,\"name\":\"L\u00fcftungsschl\u00e4uche &#8220;JetTubes&#8221;\"}]},{\"@type\":\"WebSite\",\"@id\":\"\\\/#website\",\"url\":\"\\\/\",\"name\":\"Novavert\",\"description\":\"IHR PARTNER F\u00dcR HOCHWERTIGE PRODUKTE AUS DEN BEREICHEN SCHATTIERUNGEN UND WETTERSCHUTZ\",\"publisher\":{\"@id\":\"\\\/#organization\"},\"potentialAction\":[{\"@type\":\"SearchAction\",\"target\":{\"@type\":\"EntryPoint\",\"urlTemplate\":\"\\\/?s={search_term_string}\"},\"query-input\":{\"@type\":\"PropertyValueSpecification\",\"valueRequired\":true,\"valueName\":\"search_term_string\"}}],\"inLanguage\":\"de\"},{\"@type\":\"Organization\",\"@id\":\"\\\/#organization\",\"name\":\"Novavert\",\"url\":\"\\\/\",\"logo\":{\"@type\":\"ImageObject\",\"inLanguage\":\"de\",\"@id\":\"\\\/#\\\/schema\\\/logo\\\/image\\\/\",\"url\":\"https:\\\/\\\/www.novavert.com\\\/wp-content\\\/uploads\\\/2020\\\/03\\\/novavert_Logo_Men\u00fc-3.png\",\"contentUrl\":\"https:\\\/\\\/www.novavert.com\\\/wp-content\\\/uploads\\\/2020\\\/03\\\/novavert_Logo_Men\u00fc-3.png\",\"width\":407,\"height\":180,\"caption\":\"Novavert\"},\"image\":{\"@id\":\"\\\/#\\\/schema\\\/logo\\\/image\\\/\"}}]}<\/script>\n<!-- \/ Yoast SEO plugin. -->","yoast_head_json":{"title":"L\u00fcftungsschl\u00e4uche \"JetTubes\" | Novavert","robots":{"index":"index","follow":"follow","max-snippet":"max-snippet:-1","max-image-preview":"max-image-preview:large","max-video-preview":"max-video-preview:-1"},"canonical":"https:\/\/www.novavert.com\/de\/lueftungsschlaeuche-jettubes\/","og_locale":"de_DE","og_type":"article","og_title":"L\u00fcftungsschl\u00e4uche \"JetTubes\" | Novavert","og_description":"L\u00f6sungen f\u00fcr L\u00fcftungsschl\u00e4uche \"JetTubes\" Das Stallklima hat einen gro\u00dfen Einfluss auf das Wohlbefinden der Tiere, insbesondere auf deren Leistung und Verhalten. Klimafaktoren wie Lufttemperatur, Temperaturschwankungen, Luftfeuchte, Luftgeschwindigkeit, Staubgehalt, Staub- und Schadgaskonzentration m\u00fcssen aus diesem Grund st\u00e4ndig unter Kontrolle gehalten werden.Produkte Entdecken Sie unsere Produkte im Agrar-Bereich. Gerne nehmen wir per Anfrage Ihre Bestellung entgegen oder [&hellip;]","og_url":"https:\/\/www.novavert.com\/de\/lueftungsschlaeuche-jettubes\/","og_site_name":"Novavert","article_modified_time":"2020-04-08T15:49:57+00:00","twitter_card":"summary_large_image","twitter_misc":{"Gesch\u00e4tzte Lesezeit":"2\u00a0Minuten"},"schema":{"@context":"https:\/\/schema.org","@graph":[{"@type":"WebPage","@id":"https:\/\/www.novavert.com\/de\/lueftungsschlaeuche-jettubes\/","url":"https:\/\/www.novavert.com\/de\/lueftungsschlaeuche-jettubes\/","name":"L\u00fcftungsschl\u00e4uche \"JetTubes\" | Novavert","isPartOf":{"@id":"\/#website"},"datePublished":"2020-03-31T07:38:55+00:00","dateModified":"2020-04-08T15:49:57+00:00","breadcrumb":{"@id":"https:\/\/www.novavert.com\/de\/lueftungsschlaeuche-jettubes\/#breadcrumb"},"inLanguage":"de","potentialAction":[{"@type":"ReadAction","target":["https:\/\/www.novavert.com\/de\/lueftungsschlaeuche-jettubes\/"]}]},{"@type":"BreadcrumbList","@id":"https:\/\/www.novavert.com\/de\/lueftungsschlaeuche-jettubes\/#breadcrumb","itemListElement":[{"@type":"ListItem","position":1,"name":"Startseite","item":"https:\/\/www.novavert.com\/de\/"},{"@type":"ListItem","position":2,"name":"L\u00fcftungsschl\u00e4uche &#8220;JetTubes&#8221;"}]},{"@type":"WebSite","@id":"\/#website","url":"\/","name":"Novavert","description":"IHR PARTNER F\u00dcR HOCHWERTIGE PRODUKTE AUS DEN BEREICHEN SCHATTIERUNGEN UND WETTERSCHUTZ","publisher":{"@id":"\/#organization"},"potentialAction":[{"@type":"SearchAction","target":{"@type":"EntryPoint","urlTemplate":"\/?s={search_term_string}"},"query-input":{"@type":"PropertyValueSpecification","valueRequired":true,"valueName":"search_term_string"}}],"inLanguage":"de"},{"@type":"Organization","@id":"\/#organization","name":"Novavert","url":"\/","logo":{"@type":"ImageObject","inLanguage":"de","@id":"\/#\/schema\/logo\/image\/","url":"https:\/\/www.novavert.com\/wp-content\/uploads\/2020\/03\/novavert_Logo_Men\u00fc-3.png","contentUrl":"https:\/\/www.novavert.com\/wp-content\/uploads\/2020\/03\/novavert_Logo_Men\u00fc-3.png","width":407,"height":180,"caption":"Novavert"},"image":{"@id":"\/#\/schema\/logo\/image\/"}}]}},"_links":{"self":[{"href":"https:\/\/www.novavert.com\/de\/wp-json\/wp\/v2\/pages\/7684","targetHints":{"allow":["GET"]}}],"collection":[{"href":"https:\/\/www.novavert.com\/de\/wp-json\/wp\/v2\/pages"}],"about":[{"href":"https:\/\/www.novavert.com\/de\/wp-json\/wp\/v2\/types\/page"}],"author":[{"embeddable":true,"href":"https:\/\/www.novavert.com\/de\/wp-json\/wp\/v2\/users\/3"}],"replies":[{"embeddable":true,"href":"https:\/\/www.novavert.com\/de\/wp-json\/wp\/v2\/comments?post=7684"}],"version-history":[{"count":8,"href":"https:\/\/www.novavert.com\/de\/wp-json\/wp\/v2\/pages\/7684\/revisions"}],"predecessor-version":[{"id":8807,"href":"https:\/\/www.novavert.com\/de\/wp-json\/wp\/v2\/pages\/7684\/revisions\/8807"}],"wp:attachment":[{"href":"https:\/\/www.novavert.com\/de\/wp-json\/wp\/v2\/media?parent=7684"}],"curies":[{"name":"wp","href":"https:\/\/api.w.org\/{rel}","templated":true}]}}