{"id":7117,"date":"2020-03-23T09:59:40","date_gmt":"2020-03-23T09:59:40","guid":{"rendered":"https:\/\/novavert.com\/?page_id=7117"},"modified":"2021-06-29T12:01:28","modified_gmt":"2021-06-29T10:01:28","slug":"archi-line","status":"publish","type":"page","link":"https:\/\/www.novavert.com\/de\/archi-line\/","title":{"rendered":"Archi-Line"},"content":{"rendered":"<p>[et_pb_section fb_built=&#8221;1&#8243; _builder_version=&#8221;4.2.2&#8243; min_height=&#8221;348px&#8221; custom_margin=&#8221;||||false|false&#8221; custom_padding=&#8221;0px||0px||false|false&#8221; locked=&#8221;off&#8221;][et_pb_row _builder_version=&#8221;4.2.2&#8243;][et_pb_column type=&#8221;4_4&#8243; _builder_version=&#8221;4.2.2&#8243;][et_pb_text _builder_version=&#8221;4.2.2&#8243; min_height=&#8221;98px&#8221; custom_padding=&#8221;5px|||||&#8221;]<\/p>\n<h1>HS ARCHI-LINE | Au\u00dfenrollschattierung<\/h1>\n<p>&nbsp;<\/p>\n<p>[\/et_pb_text][\/et_pb_column][\/et_pb_row][et_pb_row column_structure=&#8221;1_2,1_2&#8243; _builder_version=&#8221;4.2.2&#8243; custom_padding=&#8221;8px|||||&#8221; locked=&#8221;off&#8221;][et_pb_column type=&#8221;1_2&#8243; _builder_version=&#8221;4.2.2&#8243;][et_pb_image _builder_version=&#8221;4.2.2&#8243;][\/et_pb_image][et_pb_image src=&#8221;https:\/\/www.novavert.com\/wp-content\/uploads\/2020\/05\/Kat.-Architektur-HS-Archi-Line-Bot.-Garten-Berlin-1-e1589965903710.jpg&#8221; _builder_version=&#8221;4.2.2&#8243; custom_margin=&#8221;-42px|||||&#8221; box_shadow_style=&#8221;preset1&#8243;][\/et_pb_image][\/et_pb_column][et_pb_column type=&#8221;1_2&#8243; _builder_version=&#8221;4.2.2&#8243;][et_pb_text _builder_version=&#8221;4.6.1&#8243;]<\/p>\n<p><strong>AUFROLLBARER SONNENSCHUTZ<\/strong><\/p>\n<p>Bei der HS archi-line handelt es sich um eine extrem belastbare Au\u00dfenschattierl\u00f6sung und eine seit Jahren erprobte Konstruktion aus Aluminiumlamellen und Edelstahlseilen. Diese kommt vorrangig auf den D\u00e4chern von Geb\u00e4ude zum Einsatz.<\/p>\n<p><strong>EVOLUTION<\/strong><\/p>\n<p style=\"color:#666666\">Das System steht f\u00fcr kompromisslose Haltbarkeit. Wir haben hierf\u00fcr eine stark automatisierte Produktion aufgebaut, die gleichm\u00e4\u00dfige Qualit\u00e4t garantiert, m\u00f6gliche Fehlerquellen eliminiert und eine schnelle, effiziente Fertigung erm\u00f6glicht.<\/p>\n<p>[\/et_pb_text][\/et_pb_column][\/et_pb_row][et_pb_row column_structure=&#8221;1_2,1_2&#8243; _builder_version=&#8221;4.2.2&#8243; custom_padding=&#8221;8px|||||&#8221; locked=&#8221;off&#8221;][et_pb_column type=&#8221;1_2&#8243; _builder_version=&#8221;4.2.2&#8243;][et_pb_text _builder_version=&#8221;4.6.1&#8243;]<\/p>\n<p><b>FILIGRANE LEICHTGEWICHT<\/b><\/p>\n<p>Nur 1mm Materialst\u00e4rke der Lamelle reichen aus, da r\u00fcckseitig ein 6mm-Steg zur unsichtbaren Aufnahme der Drahtseile und zur Verst\u00e4rkung angebracht ist. Die Alulamellen \u00fcbernehmen keine tragende Funktion. Alle Ecken sind abgerundet f\u00fcr verringerte Verletzungsgefahr bei Montage und Betrieb.<\/p>\n<p><strong>BELIBIEGE SCHATTIERWERTE<\/strong><\/p>\n<p style=\"color:#666666\">Da die Produktion hausintern durchgef\u00fchrt wird, k\u00f6nnen Lamellenabst\u00e4nde je nach Kundenwunsch eingestellt werden und somit der Schattierwert perfekt an die Gegebenheiten angepasst werden. Sogar unterschiedliche Lamellenabst\u00e4nde innerhalb eines Modules f\u00fcr eine variable Schattierung sind denkbar.<\/p>\n<p>[\/et_pb_text][\/et_pb_column][et_pb_column type=&#8221;1_2&#8243; _builder_version=&#8221;4.2.2&#8243;][et_pb_image src=&#8221;https:\/\/www.novavert.com\/wp-content\/uploads\/2020\/05\/Photo-002-Lobstein-4-e1589967405800.jpg&#8221; _builder_version=&#8221;4.2.2&#8243; box_shadow_style=&#8221;preset1&#8243;][\/et_pb_image][\/et_pb_column][\/et_pb_row][et_pb_row column_structure=&#8221;1_2,1_2&#8243; _builder_version=&#8221;4.2.2&#8243; custom_padding=&#8221;8px|||||&#8221; locked=&#8221;off&#8221;][et_pb_column type=&#8221;1_2&#8243; _builder_version=&#8221;4.2.2&#8243;][et_pb_image src=&#8221;https:\/\/www.novavert.com\/wp-content\/uploads\/2020\/05\/HS-Archi-Line-corner-detail-e1589968451873.jpg&#8221; _builder_version=&#8221;4.2.2&#8243; box_shadow_style=&#8221;preset1&#8243;][\/et_pb_image][\/et_pb_column][et_pb_column type=&#8221;1_2&#8243; _builder_version=&#8221;4.2.2&#8243;][et_pb_text _builder_version=&#8221;4.6.1&#8243;]<\/p>\n<p><strong>MASSANFERTIGUNG<\/strong><\/p>\n<p>Bitte beachten Sie: Jedes HS archi-line Modul wird exakt nach Kundenwunsch erstellt &#8211; \u00c4nderungen nach Produktionsbeginn bedeuten deswegen meist eine Neufertigung. F\u00fcr farbige Module erfragen Sie bitte Mindestmengen und jeweilige Lieferzeiten.<\/p>\n<p><strong>FUNKTIONSWEISE<\/strong><\/p>\n<p style=\"color:#666666\">Beim Ausfahren laufen die Lamellen durch die Dachneigung auf Gleitschienen und in seitlichen F\u00fchrungsschienen sicher und ann\u00e4hrend ger\u00e4uschlos. Somit kann auf ein st\u00f6ranf\u00e4lliges Gegenzugsystem verzichtet werden. Aktuell sind Sondergr\u00f6\u00dfen von bis zu 6,4m (= Lamellenl\u00e4nge) m\u00f6glich bei einer theoretischen Wickell\u00e4nge von 12m.<\/p>\n<p>[\/et_pb_text][\/et_pb_column][\/et_pb_row][et_pb_row column_structure=&#8221;1_2,1_2&#8243; _builder_version=&#8221;4.2.2&#8243; custom_padding=&#8221;8px|||||&#8221; locked=&#8221;off&#8221;][et_pb_column type=&#8221;1_2&#8243; _builder_version=&#8221;4.2.2&#8243;][et_pb_text _builder_version=&#8221;4.6.1&#8243;]<\/p>\n<p><strong>MAXIMALE STABILIT\u00c4T<\/strong><\/p>\n<p>Ca. 20mm vom Rand entfernt beginnend und ca. alle 50-70cm ein rostfreies Drahtseil mit 3mm Durchmesser sind Standardma\u00dfe und garantieren f\u00fcr eine perfekte Funktion. Je nach Kundenvorstellungen sind engere Drahtabst\u00e4nde m\u00f6glich.<\/p>\n<p><strong>VIELF\u00c4LTIGE EINSATZM\u00d6GLICHKEITEN<\/strong><\/p>\n<p style=\"color:#666666\">Neben der Standardanwendung als aufrollbarer Sonnenschutz f\u00fcr Dachschr\u00e4gen oder vertikale Montage ist HS archi-line auch als station\u00e4res Deko- und Zaunelement bzw. als Raumteiler einsetzbar. Die optionale Pulverbeschichtung in allen Farben sorgt f\u00fcr einen edlen Touch, w\u00e4hrend eine einfache Montage durch integrierte Befestigungsschlaufen, H\u00fclsen oder Seilspanner m\u00f6glich ist.<\/p>\n<p>[\/et_pb_text][\/et_pb_column][et_pb_column type=&#8221;1_2&#8243; _builder_version=&#8221;4.2.2&#8243;][et_pb_image src=&#8221;https:\/\/www.novavert.com\/wp-content\/uploads\/2020\/05\/HS-Archi-Line-black-white-e1589968522435.jpg&#8221; _builder_version=&#8221;4.2.2&#8243; box_shadow_style=&#8221;preset1&#8243;][\/et_pb_image][\/et_pb_column][\/et_pb_row][et_pb_row disabled_on=&#8221;on|on|on&#8221; _builder_version=&#8221;4.6.1&#8243; custom_padding=&#8221;||||false|false&#8221; disabled=&#8221;on&#8221; locked=&#8221;off&#8221;][et_pb_column type=&#8221;4_4&#8243; _builder_version=&#8221;3.25&#8243; custom_padding=&#8221;|||&#8221; custom_padding__hover=&#8221;|||&#8221;][et_pb_divider color=&#8221;#eaeaea&#8221; _builder_version=&#8221;4.2.2&#8243;][\/et_pb_divider][et_pb_text disabled_on=&#8221;off|off|off&#8221; _builder_version=&#8221;4.2.2&#8243;]<\/p>\n<h1>Produkte<\/h1>\n<p>Entdecken Sie unsere Produkte im Agrar-Bereich. Gerne nehmen wir per Anfrage Ihre Bestellung entgegen oder beantworten Ihre Fragen.\u00a0<\/p>\n<p>[\/et_pb_text][et_pb_shop icon_hover_color=&#8221;#143889&#8243; hover_overlay_color=&#8221;rgba(255,255,255,0.52)&#8221; _builder_version=&#8221;4.2.2&#8243; title_font=&#8221;||||||||&#8221; title_text_align=&#8221;left&#8221; title_font_size=&#8221;15px&#8221; title_letter_spacing=&#8221;1px&#8221; z_index=&#8221;-287&#8243; custom_padding=&#8221;||0px|||&#8221;][\/et_pb_shop][\/et_pb_column][\/et_pb_row][\/et_pb_section]<\/p>\n","protected":false},"excerpt":{"rendered":"<p>HS ARCHI-LINE | Au\u00dfenrollschattierung &nbsp;AUFROLLBARER SONNENSCHUTZ Bei der HS archi-line handelt es sich um eine extrem belastbare Au\u00dfenschattierl\u00f6sung und eine seit Jahren erprobte Konstruktion aus Aluminiumlamellen und Edelstahlseilen. Diese kommt vorrangig auf den D\u00e4chern von Geb\u00e4ude zum Einsatz. EVOLUTION Das System steht f\u00fcr kompromisslose Haltbarkeit. Wir haben hierf\u00fcr eine stark automatisierte Produktion aufgebaut, die gleichm\u00e4\u00dfige [&hellip;]<\/p>\n","protected":false},"author":3,"featured_media":0,"parent":0,"menu_order":0,"comment_status":"closed","ping_status":"closed","template":"","meta":{"_et_pb_use_builder":"on","_et_pb_old_content":"","_et_gb_content_width":"","footnotes":""},"class_list":["post-7117","page","type-page","status-publish","hentry"],"yoast_head":"<!-- This site is optimized with the Yoast SEO plugin v27.5 - https:\/\/yoast.com\/product\/yoast-seo-wordpress\/ -->\n<title>Archi-Line | Novavert<\/title>\n<meta name=\"robots\" content=\"index, follow, max-snippet:-1, max-image-preview:large, max-video-preview:-1\" \/>\n<link rel=\"canonical\" href=\"https:\/\/www.novavert.com\/de\/archi-line\/\" \/>\n<meta property=\"og:locale\" content=\"de_DE\" \/>\n<meta property=\"og:type\" content=\"article\" \/>\n<meta property=\"og:title\" content=\"Archi-Line | Novavert\" \/>\n<meta property=\"og:description\" content=\"HS ARCHI-LINE | Au\u00dfenrollschattierung &nbsp;AUFROLLBARER SONNENSCHUTZ Bei der HS archi-line handelt es sich um eine extrem belastbare Au\u00dfenschattierl\u00f6sung und eine seit Jahren erprobte Konstruktion aus Aluminiumlamellen und Edelstahlseilen. Diese kommt vorrangig auf den D\u00e4chern von Geb\u00e4ude zum Einsatz. EVOLUTION Das System steht f\u00fcr kompromisslose Haltbarkeit. Wir haben hierf\u00fcr eine stark automatisierte Produktion aufgebaut, die gleichm\u00e4\u00dfige [&hellip;]\" \/>\n<meta property=\"og:url\" content=\"https:\/\/www.novavert.com\/de\/archi-line\/\" \/>\n<meta property=\"og:site_name\" content=\"Novavert\" \/>\n<meta property=\"article:modified_time\" content=\"2021-06-29T10:01:28+00:00\" \/>\n<meta name=\"twitter:card\" content=\"summary_large_image\" \/>\n<meta name=\"twitter:label1\" content=\"Gesch\u00e4tzte Lesezeit\" \/>\n\t<meta name=\"twitter:data1\" content=\"4\u00a0Minuten\" \/>\n<script type=\"application\/ld+json\" class=\"yoast-schema-graph\">{\"@context\":\"https:\\\/\\\/schema.org\",\"@graph\":[{\"@type\":\"WebPage\",\"@id\":\"https:\\\/\\\/www.novavert.com\\\/de\\\/archi-line\\\/\",\"url\":\"https:\\\/\\\/www.novavert.com\\\/de\\\/archi-line\\\/\",\"name\":\"Archi-Line | Novavert\",\"isPartOf\":{\"@id\":\"\\\/#website\"},\"datePublished\":\"2020-03-23T09:59:40+00:00\",\"dateModified\":\"2021-06-29T10:01:28+00:00\",\"breadcrumb\":{\"@id\":\"https:\\\/\\\/www.novavert.com\\\/de\\\/archi-line\\\/#breadcrumb\"},\"inLanguage\":\"de\",\"potentialAction\":[{\"@type\":\"ReadAction\",\"target\":[\"https:\\\/\\\/www.novavert.com\\\/de\\\/archi-line\\\/\"]}]},{\"@type\":\"BreadcrumbList\",\"@id\":\"https:\\\/\\\/www.novavert.com\\\/de\\\/archi-line\\\/#breadcrumb\",\"itemListElement\":[{\"@type\":\"ListItem\",\"position\":1,\"name\":\"Startseite\",\"item\":\"https:\\\/\\\/www.novavert.com\\\/de\\\/\"},{\"@type\":\"ListItem\",\"position\":2,\"name\":\"Archi-Line\"}]},{\"@type\":\"WebSite\",\"@id\":\"\\\/#website\",\"url\":\"\\\/\",\"name\":\"Novavert\",\"description\":\"IHR PARTNER F\u00dcR HOCHWERTIGE PRODUKTE AUS DEN BEREICHEN SCHATTIERUNGEN UND WETTERSCHUTZ\",\"publisher\":{\"@id\":\"\\\/#organization\"},\"potentialAction\":[{\"@type\":\"SearchAction\",\"target\":{\"@type\":\"EntryPoint\",\"urlTemplate\":\"\\\/?s={search_term_string}\"},\"query-input\":{\"@type\":\"PropertyValueSpecification\",\"valueRequired\":true,\"valueName\":\"search_term_string\"}}],\"inLanguage\":\"de\"},{\"@type\":\"Organization\",\"@id\":\"\\\/#organization\",\"name\":\"Novavert\",\"url\":\"\\\/\",\"logo\":{\"@type\":\"ImageObject\",\"inLanguage\":\"de\",\"@id\":\"\\\/#\\\/schema\\\/logo\\\/image\\\/\",\"url\":\"https:\\\/\\\/www.novavert.com\\\/wp-content\\\/uploads\\\/2020\\\/03\\\/novavert_Logo_Men\u00fc-3.png\",\"contentUrl\":\"https:\\\/\\\/www.novavert.com\\\/wp-content\\\/uploads\\\/2020\\\/03\\\/novavert_Logo_Men\u00fc-3.png\",\"width\":407,\"height\":180,\"caption\":\"Novavert\"},\"image\":{\"@id\":\"\\\/#\\\/schema\\\/logo\\\/image\\\/\"}}]}<\/script>\n<!-- \/ Yoast SEO plugin. -->","yoast_head_json":{"title":"Archi-Line | Novavert","robots":{"index":"index","follow":"follow","max-snippet":"max-snippet:-1","max-image-preview":"max-image-preview:large","max-video-preview":"max-video-preview:-1"},"canonical":"https:\/\/www.novavert.com\/de\/archi-line\/","og_locale":"de_DE","og_type":"article","og_title":"Archi-Line | Novavert","og_description":"HS ARCHI-LINE | Au\u00dfenrollschattierung &nbsp;AUFROLLBARER SONNENSCHUTZ Bei der HS archi-line handelt es sich um eine extrem belastbare Au\u00dfenschattierl\u00f6sung und eine seit Jahren erprobte Konstruktion aus Aluminiumlamellen und Edelstahlseilen. Diese kommt vorrangig auf den D\u00e4chern von Geb\u00e4ude zum Einsatz. EVOLUTION Das System steht f\u00fcr kompromisslose Haltbarkeit. Wir haben hierf\u00fcr eine stark automatisierte Produktion aufgebaut, die gleichm\u00e4\u00dfige [&hellip;]","og_url":"https:\/\/www.novavert.com\/de\/archi-line\/","og_site_name":"Novavert","article_modified_time":"2021-06-29T10:01:28+00:00","twitter_card":"summary_large_image","twitter_misc":{"Gesch\u00e4tzte Lesezeit":"4\u00a0Minuten"},"schema":{"@context":"https:\/\/schema.org","@graph":[{"@type":"WebPage","@id":"https:\/\/www.novavert.com\/de\/archi-line\/","url":"https:\/\/www.novavert.com\/de\/archi-line\/","name":"Archi-Line | Novavert","isPartOf":{"@id":"\/#website"},"datePublished":"2020-03-23T09:59:40+00:00","dateModified":"2021-06-29T10:01:28+00:00","breadcrumb":{"@id":"https:\/\/www.novavert.com\/de\/archi-line\/#breadcrumb"},"inLanguage":"de","potentialAction":[{"@type":"ReadAction","target":["https:\/\/www.novavert.com\/de\/archi-line\/"]}]},{"@type":"BreadcrumbList","@id":"https:\/\/www.novavert.com\/de\/archi-line\/#breadcrumb","itemListElement":[{"@type":"ListItem","position":1,"name":"Startseite","item":"https:\/\/www.novavert.com\/de\/"},{"@type":"ListItem","position":2,"name":"Archi-Line"}]},{"@type":"WebSite","@id":"\/#website","url":"\/","name":"Novavert","description":"IHR PARTNER F\u00dcR HOCHWERTIGE PRODUKTE AUS DEN BEREICHEN SCHATTIERUNGEN UND WETTERSCHUTZ","publisher":{"@id":"\/#organization"},"potentialAction":[{"@type":"SearchAction","target":{"@type":"EntryPoint","urlTemplate":"\/?s={search_term_string}"},"query-input":{"@type":"PropertyValueSpecification","valueRequired":true,"valueName":"search_term_string"}}],"inLanguage":"de"},{"@type":"Organization","@id":"\/#organization","name":"Novavert","url":"\/","logo":{"@type":"ImageObject","inLanguage":"de","@id":"\/#\/schema\/logo\/image\/","url":"https:\/\/www.novavert.com\/wp-content\/uploads\/2020\/03\/novavert_Logo_Men\u00fc-3.png","contentUrl":"https:\/\/www.novavert.com\/wp-content\/uploads\/2020\/03\/novavert_Logo_Men\u00fc-3.png","width":407,"height":180,"caption":"Novavert"},"image":{"@id":"\/#\/schema\/logo\/image\/"}}]}},"_links":{"self":[{"href":"https:\/\/www.novavert.com\/de\/wp-json\/wp\/v2\/pages\/7117","targetHints":{"allow":["GET"]}}],"collection":[{"href":"https:\/\/www.novavert.com\/de\/wp-json\/wp\/v2\/pages"}],"about":[{"href":"https:\/\/www.novavert.com\/de\/wp-json\/wp\/v2\/types\/page"}],"author":[{"embeddable":true,"href":"https:\/\/www.novavert.com\/de\/wp-json\/wp\/v2\/users\/3"}],"replies":[{"embeddable":true,"href":"https:\/\/www.novavert.com\/de\/wp-json\/wp\/v2\/comments?post=7117"}],"version-history":[{"count":16,"href":"https:\/\/www.novavert.com\/de\/wp-json\/wp\/v2\/pages\/7117\/revisions"}],"predecessor-version":[{"id":15145,"href":"https:\/\/www.novavert.com\/de\/wp-json\/wp\/v2\/pages\/7117\/revisions\/15145"}],"wp:attachment":[{"href":"https:\/\/www.novavert.com\/de\/wp-json\/wp\/v2\/media?parent=7117"}],"curies":[{"name":"wp","href":"https:\/\/api.w.org\/{rel}","templated":true}]}}