{"id":7040,"date":"2020-03-23T09:30:13","date_gmt":"2020-03-23T09:30:13","guid":{"rendered":"https:\/\/novavert.com\/?page_id=7040"},"modified":"2020-10-13T10:18:28","modified_gmt":"2020-10-13T08:18:28","slug":"deko-events","status":"publish","type":"page","link":"https:\/\/www.novavert.com\/de\/gaertnereibedarf\/deko-events\/","title":{"rendered":"Deko &#038; Events"},"content":{"rendered":"<p>[et_pb_section fb_built=&#8221;1&#8243; _builder_version=&#8221;4.6.1&#8243; custom_padding=&#8221;0px||0px||false|false&#8221; hover_enabled=&#8221;0&#8243; locked=&#8221;off&#8221; custom_margin=&#8221;0px||0px||false|false&#8221; sticky_enabled=&#8221;0&#8243;][et_pb_row disabled_on=&#8221;off|off|off&#8221; _builder_version=&#8221;4.6.1&#8243; custom_margin=&#8221;0px|auto|0px|auto|false|false&#8221; custom_padding=&#8221;0px||0px||false|false&#8221; hover_enabled=&#8221;0&#8243; sticky_enabled=&#8221;0&#8243;][et_pb_column type=&#8221;4_4&#8243; _builder_version=&#8221;3.25&#8243; custom_padding=&#8221;|||&#8221; custom_padding__hover=&#8221;|||&#8221;][et_pb_slider _builder_version=&#8221;4.6.1&#8243; min_height=&#8221;368px&#8221; custom_margin=&#8221;0px||||false|false&#8221; custom_padding=&#8221;||||false|false&#8221; auto=&#8221;on&#8221;][et_pb_slide heading=&#8221;Deko &#038; Events &#8221; _builder_version=&#8221;4.2.2&#8243; background_image=&#8221;https:\/\/www.novavert.com\/wp-content\/uploads\/2020\/03\/Kat.-HobbyDeko-2-Arendhoeve-NL-scaled-e1588780005333.jpg&#8221; background_enable_image=&#8221;on&#8221; sticky_transition=&#8221;on&#8221;][\/et_pb_slide][et_pb_slide _builder_version=&#8221;4.6.1&#8243; background_image=&#8221;https:\/\/www.novavert.com\/wp-content\/uploads\/2020\/09\/Kat.-HobbyDeko-2-Arendshoeve-NL_4-e1601032859397.jpg&#8221; background_enable_image=&#8221;on&#8221; sticky_transition=&#8221;on&#8221;][\/et_pb_slide][et_pb_slide _builder_version=&#8221;4.2.2&#8243; background_image=&#8221;https:\/\/www.novavert.com\/wp-content\/uploads\/2020\/05\/DSC_0146-e1588780376638.jpg&#8221; background_enable_image=&#8221;on&#8221; sticky_transition=&#8221;on&#8221;][\/et_pb_slide][et_pb_slide _builder_version=&#8221;4.2.2&#8243; background_image=&#8221;https:\/\/www.novavert.com\/wp-content\/uploads\/2020\/05\/IMG_2685-e1588780818505.jpg&#8221; background_enable_image=&#8221;on&#8221; sticky_transition=&#8221;on&#8221;][\/et_pb_slide][\/et_pb_slider][et_pb_text _builder_version=&#8221;4.6.1&#8243; min_height=&#8221;98px&#8221;]<\/p>\n<h1>DEKO &amp; EVENTS<\/h1>\n<p><strong>PRAKTISCH, SCH\u00d6N UND SICHER<\/strong><br \/> Dekomaterialien wie B\u00fchnenmolton und unsere farbige Schirme sind aus schwerentflammbaren Stoffen, wie Trevira, Modacryl oder Baumwolle gefertigt. Diese schenken W\u00e4rme und versch\u00f6nern Verkaufsra\u00fcme in Gartencenter, Eventhallen, Kinos und Theater.<\/p>\n<p>Im Gegensatz dazu werden hochtransparente Materialien (HS Maxilux) oft in Au\u00dfenanlagen eingebaut. Sie sch\u00fctzen gegen Wind und Regen und lassen durch das Sonnenlicht den Raum erhellen.<\/p>\n<p>Die Schirme konfektionieren wir auf jede gew\u00fcnschte Breite als Rollenware, mit Haken, u.a. mit Saumband, Schlaufe, Drahtseil, Klettband, oder f\u00fcr HS\u00b2-Anlagen.<\/p>\n<p>[\/et_pb_text][et_pb_divider color=&#8221;#eaeaea&#8221; _builder_version=&#8221;4.2.2&#8243; min_height=&#8221;9px&#8221; custom_margin=&#8221;||16px|||&#8221; custom_padding=&#8221;||0px|||&#8221;][\/et_pb_divider][et_pb_text disabled_on=&#8221;off|off|off&#8221; _builder_version=&#8221;4.2.2&#8243; custom_margin=&#8221;-12px|||||&#8221;]<\/p>\n<h1>Produkte<\/h1>\n<p>[\/et_pb_text][et_pb_shop type=&#8221;product_category&#8221; posts_number=&#8221;200&#8243; include_categories=&#8221;27&#8243; icon_hover_color=&#8221;#143889&#8243; hover_overlay_color=&#8221;rgba(255,255,255,0.52)&#8221; _builder_version=&#8221;4.6.1&#8243; title_font=&#8221;||||||||&#8221; title_text_align=&#8221;left&#8221; title_font_size=&#8221;15px&#8221; title_letter_spacing=&#8221;1px&#8221; z_index=&#8221;-287&#8243; custom_padding=&#8221;||0px|||&#8221;][\/et_pb_shop][\/et_pb_column][\/et_pb_row][\/et_pb_section]<\/p>\n","protected":false},"excerpt":{"rendered":"<p>DEKO &amp; EVENTS PRAKTISCH, SCH\u00d6N UND SICHER Dekomaterialien wie B\u00fchnenmolton und unsere farbige Schirme sind aus schwerentflammbaren Stoffen, wie Trevira, Modacryl oder Baumwolle gefertigt. Diese schenken W\u00e4rme und versch\u00f6nern Verkaufsra\u00fcme in Gartencenter, Eventhallen, Kinos und Theater. Im Gegensatz dazu werden hochtransparente Materialien (HS Maxilux) oft in Au\u00dfenanlagen eingebaut. Sie sch\u00fctzen gegen Wind und Regen und [&hellip;]<\/p>\n","protected":false},"author":3,"featured_media":0,"parent":7035,"menu_order":0,"comment_status":"closed","ping_status":"closed","template":"","meta":{"_et_pb_use_builder":"on","_et_pb_old_content":"","_et_gb_content_width":"","footnotes":""},"class_list":["post-7040","page","type-page","status-publish","hentry"],"yoast_head":"<!-- This site is optimized with the Yoast SEO plugin v27.5 - https:\/\/yoast.com\/product\/yoast-seo-wordpress\/ -->\n<title>Deko &amp; Events | Novavert<\/title>\n<meta name=\"robots\" content=\"index, follow, max-snippet:-1, max-image-preview:large, max-video-preview:-1\" \/>\n<link rel=\"canonical\" href=\"https:\/\/www.novavert.com\/de\/gaertnereibedarf\/deko-events\/\" \/>\n<meta property=\"og:locale\" content=\"de_DE\" \/>\n<meta property=\"og:type\" content=\"article\" \/>\n<meta property=\"og:title\" content=\"Deko &amp; Events | Novavert\" \/>\n<meta property=\"og:description\" content=\"DEKO &amp; EVENTS PRAKTISCH, SCH\u00d6N UND SICHER Dekomaterialien wie B\u00fchnenmolton und unsere farbige Schirme sind aus schwerentflammbaren Stoffen, wie Trevira, Modacryl oder Baumwolle gefertigt. Diese schenken W\u00e4rme und versch\u00f6nern Verkaufsra\u00fcme in Gartencenter, Eventhallen, Kinos und Theater. Im Gegensatz dazu werden hochtransparente Materialien (HS Maxilux) oft in Au\u00dfenanlagen eingebaut. Sie sch\u00fctzen gegen Wind und Regen und [&hellip;]\" \/>\n<meta property=\"og:url\" content=\"https:\/\/www.novavert.com\/de\/gaertnereibedarf\/deko-events\/\" \/>\n<meta property=\"og:site_name\" content=\"Novavert\" \/>\n<meta property=\"article:modified_time\" content=\"2020-10-13T08:18:28+00:00\" \/>\n<meta name=\"twitter:card\" content=\"summary_large_image\" \/>\n<meta name=\"twitter:label1\" content=\"Gesch\u00e4tzte Lesezeit\" \/>\n\t<meta name=\"twitter:data1\" content=\"2\u00a0Minuten\" \/>\n<script type=\"application\/ld+json\" class=\"yoast-schema-graph\">{\"@context\":\"https:\\\/\\\/schema.org\",\"@graph\":[{\"@type\":\"WebPage\",\"@id\":\"https:\\\/\\\/www.novavert.com\\\/de\\\/gaertnereibedarf\\\/deko-events\\\/\",\"url\":\"https:\\\/\\\/www.novavert.com\\\/de\\\/gaertnereibedarf\\\/deko-events\\\/\",\"name\":\"Deko & Events | Novavert\",\"isPartOf\":{\"@id\":\"\\\/#website\"},\"datePublished\":\"2020-03-23T09:30:13+00:00\",\"dateModified\":\"2020-10-13T08:18:28+00:00\",\"breadcrumb\":{\"@id\":\"https:\\\/\\\/www.novavert.com\\\/de\\\/gaertnereibedarf\\\/deko-events\\\/#breadcrumb\"},\"inLanguage\":\"de\",\"potentialAction\":[{\"@type\":\"ReadAction\",\"target\":[\"https:\\\/\\\/www.novavert.com\\\/de\\\/gaertnereibedarf\\\/deko-events\\\/\"]}]},{\"@type\":\"BreadcrumbList\",\"@id\":\"https:\\\/\\\/www.novavert.com\\\/de\\\/gaertnereibedarf\\\/deko-events\\\/#breadcrumb\",\"itemListElement\":[{\"@type\":\"ListItem\",\"position\":1,\"name\":\"Startseite\",\"item\":\"https:\\\/\\\/www.novavert.com\\\/de\\\/\"},{\"@type\":\"ListItem\",\"position\":2,\"name\":\"G\u00e4rtnereibedarf\",\"item\":\"https:\\\/\\\/www.novavert.com\\\/de\\\/gaertnereibedarf\\\/\"},{\"@type\":\"ListItem\",\"position\":3,\"name\":\"Deko &#038; Events\"}]},{\"@type\":\"WebSite\",\"@id\":\"\\\/#website\",\"url\":\"\\\/\",\"name\":\"Novavert\",\"description\":\"IHR PARTNER F\u00dcR HOCHWERTIGE PRODUKTE AUS DEN BEREICHEN SCHATTIERUNGEN UND WETTERSCHUTZ\",\"publisher\":{\"@id\":\"\\\/#organization\"},\"potentialAction\":[{\"@type\":\"SearchAction\",\"target\":{\"@type\":\"EntryPoint\",\"urlTemplate\":\"\\\/?s={search_term_string}\"},\"query-input\":{\"@type\":\"PropertyValueSpecification\",\"valueRequired\":true,\"valueName\":\"search_term_string\"}}],\"inLanguage\":\"de\"},{\"@type\":\"Organization\",\"@id\":\"\\\/#organization\",\"name\":\"Novavert\",\"url\":\"\\\/\",\"logo\":{\"@type\":\"ImageObject\",\"inLanguage\":\"de\",\"@id\":\"\\\/#\\\/schema\\\/logo\\\/image\\\/\",\"url\":\"https:\\\/\\\/www.novavert.com\\\/wp-content\\\/uploads\\\/2020\\\/03\\\/novavert_Logo_Men\u00fc-3.png\",\"contentUrl\":\"https:\\\/\\\/www.novavert.com\\\/wp-content\\\/uploads\\\/2020\\\/03\\\/novavert_Logo_Men\u00fc-3.png\",\"width\":407,\"height\":180,\"caption\":\"Novavert\"},\"image\":{\"@id\":\"\\\/#\\\/schema\\\/logo\\\/image\\\/\"}}]}<\/script>\n<!-- \/ Yoast SEO plugin. -->","yoast_head_json":{"title":"Deko & Events | Novavert","robots":{"index":"index","follow":"follow","max-snippet":"max-snippet:-1","max-image-preview":"max-image-preview:large","max-video-preview":"max-video-preview:-1"},"canonical":"https:\/\/www.novavert.com\/de\/gaertnereibedarf\/deko-events\/","og_locale":"de_DE","og_type":"article","og_title":"Deko & Events | Novavert","og_description":"DEKO &amp; EVENTS PRAKTISCH, SCH\u00d6N UND SICHER Dekomaterialien wie B\u00fchnenmolton und unsere farbige Schirme sind aus schwerentflammbaren Stoffen, wie Trevira, Modacryl oder Baumwolle gefertigt. Diese schenken W\u00e4rme und versch\u00f6nern Verkaufsra\u00fcme in Gartencenter, Eventhallen, Kinos und Theater. Im Gegensatz dazu werden hochtransparente Materialien (HS Maxilux) oft in Au\u00dfenanlagen eingebaut. Sie sch\u00fctzen gegen Wind und Regen und [&hellip;]","og_url":"https:\/\/www.novavert.com\/de\/gaertnereibedarf\/deko-events\/","og_site_name":"Novavert","article_modified_time":"2020-10-13T08:18:28+00:00","twitter_card":"summary_large_image","twitter_misc":{"Gesch\u00e4tzte Lesezeit":"2\u00a0Minuten"},"schema":{"@context":"https:\/\/schema.org","@graph":[{"@type":"WebPage","@id":"https:\/\/www.novavert.com\/de\/gaertnereibedarf\/deko-events\/","url":"https:\/\/www.novavert.com\/de\/gaertnereibedarf\/deko-events\/","name":"Deko & Events | Novavert","isPartOf":{"@id":"\/#website"},"datePublished":"2020-03-23T09:30:13+00:00","dateModified":"2020-10-13T08:18:28+00:00","breadcrumb":{"@id":"https:\/\/www.novavert.com\/de\/gaertnereibedarf\/deko-events\/#breadcrumb"},"inLanguage":"de","potentialAction":[{"@type":"ReadAction","target":["https:\/\/www.novavert.com\/de\/gaertnereibedarf\/deko-events\/"]}]},{"@type":"BreadcrumbList","@id":"https:\/\/www.novavert.com\/de\/gaertnereibedarf\/deko-events\/#breadcrumb","itemListElement":[{"@type":"ListItem","position":1,"name":"Startseite","item":"https:\/\/www.novavert.com\/de\/"},{"@type":"ListItem","position":2,"name":"G\u00e4rtnereibedarf","item":"https:\/\/www.novavert.com\/de\/gaertnereibedarf\/"},{"@type":"ListItem","position":3,"name":"Deko &#038; Events"}]},{"@type":"WebSite","@id":"\/#website","url":"\/","name":"Novavert","description":"IHR PARTNER F\u00dcR HOCHWERTIGE PRODUKTE AUS DEN BEREICHEN SCHATTIERUNGEN UND WETTERSCHUTZ","publisher":{"@id":"\/#organization"},"potentialAction":[{"@type":"SearchAction","target":{"@type":"EntryPoint","urlTemplate":"\/?s={search_term_string}"},"query-input":{"@type":"PropertyValueSpecification","valueRequired":true,"valueName":"search_term_string"}}],"inLanguage":"de"},{"@type":"Organization","@id":"\/#organization","name":"Novavert","url":"\/","logo":{"@type":"ImageObject","inLanguage":"de","@id":"\/#\/schema\/logo\/image\/","url":"https:\/\/www.novavert.com\/wp-content\/uploads\/2020\/03\/novavert_Logo_Men\u00fc-3.png","contentUrl":"https:\/\/www.novavert.com\/wp-content\/uploads\/2020\/03\/novavert_Logo_Men\u00fc-3.png","width":407,"height":180,"caption":"Novavert"},"image":{"@id":"\/#\/schema\/logo\/image\/"}}]}},"_links":{"self":[{"href":"https:\/\/www.novavert.com\/de\/wp-json\/wp\/v2\/pages\/7040","targetHints":{"allow":["GET"]}}],"collection":[{"href":"https:\/\/www.novavert.com\/de\/wp-json\/wp\/v2\/pages"}],"about":[{"href":"https:\/\/www.novavert.com\/de\/wp-json\/wp\/v2\/types\/page"}],"author":[{"embeddable":true,"href":"https:\/\/www.novavert.com\/de\/wp-json\/wp\/v2\/users\/3"}],"replies":[{"embeddable":true,"href":"https:\/\/www.novavert.com\/de\/wp-json\/wp\/v2\/comments?post=7040"}],"version-history":[{"count":20,"href":"https:\/\/www.novavert.com\/de\/wp-json\/wp\/v2\/pages\/7040\/revisions"}],"predecessor-version":[{"id":14425,"href":"https:\/\/www.novavert.com\/de\/wp-json\/wp\/v2\/pages\/7040\/revisions\/14425"}],"up":[{"embeddable":true,"href":"https:\/\/www.novavert.com\/de\/wp-json\/wp\/v2\/pages\/7035"}],"wp:attachment":[{"href":"https:\/\/www.novavert.com\/de\/wp-json\/wp\/v2\/media?parent=7040"}],"curies":[{"name":"wp","href":"https:\/\/api.w.org\/{rel}","templated":true}]}}