{"id":7035,"date":"2020-03-23T09:25:44","date_gmt":"2020-03-23T09:25:44","guid":{"rendered":"https:\/\/novavert.com\/?page_id=7035"},"modified":"2026-02-02T12:09:10","modified_gmt":"2026-02-02T10:09:10","slug":"gaertnereibedarf","status":"publish","type":"page","link":"https:\/\/www.novavert.com\/de\/gaertnereibedarf\/","title":{"rendered":"G\u00e4rtnereibedarf"},"content":{"rendered":"<p>[et_pb_section fb_built=&#8221;1&#8243; _builder_version=&#8221;4.16&#8243; custom_margin=&#8221;||||false|false&#8221; custom_padding=&#8221;0px||0px||false|false&#8221; locked=&#8221;off&#8221; global_colors_info=&#8221;{}&#8221;][et_pb_row _builder_version=&#8221;4.16&#8243; custom_margin=&#8221;|auto||auto|false|false&#8221; custom_padding=&#8221;0px||0px||false|false&#8221; global_colors_info=&#8221;{}&#8221;][et_pb_column type=&#8221;4_4&#8243; _builder_version=&#8221;4.16&#8243; global_colors_info=&#8221;{}&#8221;][et_pb_slider _builder_version=&#8221;4.16&#8243; min_height=&#8221;368px&#8221; custom_margin=&#8221;||||false|false&#8221; custom_padding=&#8221;||||false|false&#8221; auto=&#8221;on&#8221; global_colors_info=&#8221;{}&#8221;][et_pb_slide heading=&#8221;G\u00e4rtnereibedarf&#8221; _builder_version=&#8221;4.16&#8243; background_image=&#8221;https:\/\/www.novavert.com\/wp-content\/uploads\/2020\/05\/Kat.-Gartenbau-G\u00e4rtnereibedarf-Schio-IT-e1588773325385.jpg&#8221; background_enable_image=&#8221;on&#8221; global_colors_info=&#8221;{}&#8221; sticky_transition=&#8221;on&#8221;][\/et_pb_slide][et_pb_slide _builder_version=&#8221;4.16&#8243; background_image=&#8221;https:\/\/www.novavert.com\/wp-content\/uploads\/2020\/03\/Kat.-Gartenbau-2-Rehner-DE-scaled.jpg&#8221; background_enable_image=&#8221;on&#8221; global_colors_info=&#8221;{}&#8221; sticky_transition=&#8221;on&#8221;][\/et_pb_slide][et_pb_slide _builder_version=&#8221;4.16&#8243; background_image=&#8221;https:\/\/www.novavert.com\/wp-content\/uploads\/2020\/05\/IMG_7712-1-e1588773910406.jpg&#8221; background_enable_image=&#8221;on&#8221; global_colors_info=&#8221;{}&#8221; sticky_transition=&#8221;on&#8221;][\/et_pb_slide][et_pb_slide _builder_version=&#8221;4.16&#8243; background_image=&#8221;https:\/\/www.novavert.com\/wp-content\/uploads\/2020\/05\/028-scaled-e1588774508171.jpg&#8221; background_enable_image=&#8221;on&#8221; global_colors_info=&#8221;{}&#8221; sticky_transition=&#8221;on&#8221;][\/et_pb_slide][\/et_pb_slider][et_pb_text _builder_version=&#8221;4.16&#8243; min_height=&#8221;98px&#8221; global_colors_info=&#8221;{}&#8221;]<\/p>\n<h1>G\u00e4rtnereibedarf<\/h1>\n<p style=\"font-weight: 400;\">Neben Schirml\u00f6sungen erhalten Sie bei uns auch viele andere Bedarfsartikel. <\/p>\n<p>[\/et_pb_text][et_pb_divider color=&#8221;#eaeaea&#8221; _builder_version=&#8221;4.16&#8243; global_colors_info=&#8221;{}&#8221;][\/et_pb_divider][\/et_pb_column][\/et_pb_row][et_pb_row column_structure=&#8221;1_3,1_3,1_3&#8243; _builder_version=&#8221;4.16&#8243; custom_padding=&#8221;4px|||||&#8221; global_colors_info=&#8221;{}&#8221;][et_pb_column type=&#8221;1_3&#8243; _builder_version=&#8221;4.16&#8243; global_colors_info=&#8221;{}&#8221;][et_pb_image src=&#8221;https:\/\/www.novavert.com\/wp-content\/uploads\/2020\/04\/HS-Jet-Tubes-Schlauch-aufgeh\u00e4ngt-1-e1587369492961.jpg&#8221; _builder_version=&#8221;4.16&#8243; global_colors_info=&#8221;{}&#8221;][\/et_pb_image][et_pb_text _builder_version=&#8221;4.16&#8243; global_colors_info=&#8221;{}&#8221;]<\/p>\n<h3>l\u00fcftungsschl\u00e4uche &#8220;hs jet tubes&#8221;<\/h3>\n<p>[\/et_pb_text][et_pb_text _builder_version=&#8221;4.16&#8243; global_colors_info=&#8221;{}&#8221;]<\/p>\n<p><strong>Prima f\u00fcrs Klima!<\/strong><\/p>\n<p>F\u00fcr eine effiziente Verteilung der W\u00e4rme und Frischluft im Gew\u00e4chshaus bieten wir ma\u00dfgeschneiderte L\u00fcftungsschl\u00e4uche, die wunschgerecht gefertigt werden.<\/p>\n<p>Egal, ob als extrem kleiner Durchmesser, ob als Standard mit 40-60cm Durchmesser oder als Riesenschlauch mit 2,5m Durchmesser &#8211; wir machen das! Die Position, den Abstand der L\u00f6cher zueinander und die Lochgr\u00f6\u00dfe bestimmen Sie.<\/p>\n<p>Die maximal m\u00f6gliche L\u00e4nge in einem St\u00fcck betr\u00e4gt ca. 400m und ist materialabh\u00e4ngig.<\/p>\n<p>&nbsp;<\/p>\n<p>[\/et_pb_text][\/et_pb_column][et_pb_column type=&#8221;1_3&#8243; _builder_version=&#8221;4.16&#8243; global_colors_info=&#8221;{}&#8221;][et_pb_image src=&#8221;https:\/\/www.novavert.com\/wp-content\/uploads\/2020\/05\/Kat.-Gartenbau-G\u00e4rtnereibedarf-LED-e1588772550619.jpg&#8221; _builder_version=&#8221;4.16&#8243; global_colors_info=&#8221;{}&#8221;][\/et_pb_image][et_pb_text _builder_version=&#8221;4.16&#8243; global_colors_info=&#8221;{}&#8221;]<\/p>\n<h3>LED-Beleuchtung<\/h3>\n<p>[\/et_pb_text][et_pb_text _builder_version=&#8221;4.16&#8243; global_colors_info=&#8221;{}&#8221;]<\/p>\n<p><strong>Senken Sie Ihren Stromverbrauch und sichern sich h\u00f6here Ertr\u00e4ge mit unseren LED-L\u00f6sungen! <br \/><\/strong><\/p>\n<p>LEDs setzen sich auch im Gartenbau immer mehr als hocheffiziente Beleuchtung durch. Doch gibt es gro\u00dfe Unterschiede. Aktiv gek\u00fchlte Systeme besitzen einen L\u00fcfter. F\u00e4llt dieser L\u00fcfter aus, kann das teure Leuchtmittel \u00fcberhitzen und muss ersetzt werden.<\/p>\n<p>Vor diesem Hintergrund haben wir ein Aluminiumprofil f\u00fcr passiv gek\u00fchlte LED-Strips entwickelt, das die W\u00e4rme gro\u00dffl\u00e4chig ableitet und gleichzeitig als sch\u00fctzende Halterung dient.\u00a0 F\u00fcr das Profil in L\u00e4ngen von bis zu 6.4m sind Verbinder und Aufh\u00e4ngungen f\u00fcr alle Montagef\u00e4lle verf\u00fcgbar.<\/p>\n<p>[\/et_pb_text][\/et_pb_column][et_pb_column type=&#8221;1_3&#8243; _builder_version=&#8221;4.16&#8243; global_colors_info=&#8221;{}&#8221;][et_pb_image src=&#8221;https:\/\/www.novavert.com\/wp-content\/uploads\/2020\/04\/Luftpolsterfolie-e1586267328889.jpg&#8221; _builder_version=&#8221;4.16&#8243; global_colors_info=&#8221;{}&#8221;][\/et_pb_image][et_pb_text _builder_version=&#8221;4.16&#8243; global_colors_info=&#8221;{}&#8221;]<\/p>\n<h3>Luftpolsterfolie<\/h3>\n<p>[\/et_pb_text][et_pb_text _builder_version=&#8221;4.16&#8243; global_colors_info=&#8221;{}&#8221;]<\/p>\n<p>Die UV-stabilisierte Luftpolsterfolie dient zur W\u00e4rmed\u00e4mmung in Produktions- und Verkaufsgew\u00e4chsh\u00e4usern.<\/p>\n<p>Diese besteht aus 3-lagiger Polyethylenfolie mit niedriger Dichte (LLDPE &amp; LDPE) und ist verf\u00fcgbar in Standardfolienbreite von:<\/p>\n<ul>\n<li>1500mm \/ 2000mm \/ 2400mm<\/li>\n<li>ab 3000m bis 4800mm mit einer Schwei\u00dfnaht<\/li>\n<\/ul>\n<p>Die Folie wird sehr oft in Kombination mit den Klebeelementen (Artikel 2299) und Silikonkleber (Artikel 2290) gekauft und auf Glas fixiert (min. 4 Elemente pro m\u00b2)\u00a0 <br \/>(Bitte Befestigungshinweise beachten! Gerne schicken wir Ihnen diese per Email zu)<\/p>\n<p>&nbsp;<\/p>\n<p>&nbsp;<\/p>\n<p>[\/et_pb_text][\/et_pb_column][\/et_pb_row][et_pb_row column_structure=&#8221;1_3,1_3,1_3&#8243; _builder_version=&#8221;4.16&#8243; custom_padding=&#8221;4px|||||&#8221; global_colors_info=&#8221;{}&#8221;][et_pb_column type=&#8221;1_3&#8243; _builder_version=&#8221;4.16&#8243; global_colors_info=&#8221;{}&#8221;][et_pb_image src=&#8221;https:\/\/www.novavert.com\/wp-content\/uploads\/2020\/04\/Bew\u00e4sserungsmatte-IM-400-1-e1587369246528.jpg&#8221; _builder_version=&#8221;4.16&#8243; global_colors_info=&#8221;{}&#8221;][\/et_pb_image][et_pb_text _builder_version=&#8221;4.16&#8243; global_colors_info=&#8221;{}&#8221;]<\/p>\n<h3>Bew\u00e4sserungsmatte<\/h3>\n<p>[\/et_pb_text][et_pb_text _builder_version=&#8221;4.16&#8243; global_colors_info=&#8221;{}&#8221;]<\/p>\n<p>Mit der IM400 bietet Novavert eine dreilagige Bew\u00e4sserungsmatte an. Diese verf\u00fcgt \u00fcber eine sehr gute mechanische Stabilit\u00e4t, erm\u00f6glicht ein schnelles einfaches Verlegen und eine optimale Wasserverteilung. Die Matte wird Ihrem Wunsch entsprechend nach Ma\u00df geschnitten.<\/p>\n<p>Aufbau:<\/p>\n<ul style=\"list-style-type: disc;\">\n<li>ca. 100 g\/m\u00b2 PP-B\u00e4ndchen Gewebe<\/li>\n<li>ca. 200 g\/m\u00b2 PET-Faser schwarz mit Kleber<\/li>\n<li>ca. 100 g\/m\u00b2 (100\u00b5) PE-Folie transparent<\/li>\n<\/ul>\n<p>\u00a0ges. 400 g\/m\u00b2 Fl\u00e4chen Gewicht<\/p>\n<p>Wasseraufnahme : ca. 750g\/ m\u00b2<\/p>\n<p>Standard Breite: 4,50m (andere auf Anfrage)<\/p>\n<p>&nbsp;<\/p>\n<p>[\/et_pb_text][\/et_pb_column][et_pb_column type=&#8221;1_3&#8243; _builder_version=&#8221;4.16&#8243; global_colors_info=&#8221;{}&#8221;][et_pb_image src=&#8221;https:\/\/www.novavert.com\/wp-content\/uploads\/2020\/04\/HS-Bodengewebe-schwarz.jpg&#8221; _builder_version=&#8221;4.16&#8243; global_colors_info=&#8221;{}&#8221;][\/et_pb_image][et_pb_text _builder_version=&#8221;4.16&#8243; global_colors_info=&#8221;{}&#8221;]<\/p>\n<h3>Bodengewebe<\/h3>\n<p>[\/et_pb_text][et_pb_text _builder_version=&#8221;4.16&#8243; global_colors_info=&#8221;{}&#8221;]<\/p>\n<p>Bodengewebe decken den Boden ab und lassen das Wasser z\u00fcgig abfliessen, sind aber eine wirkungsvolle Barriere gegen Unkraut. Ihre Kulturfl\u00e4chen und Tische werden somit sauber gehalten.<\/p>\n<p>Sie sind in schwarz oder wei\u00df und in den Gewichtsklassen 100 bzw. 130g\/m\u00b2 erh\u00e4ltlich. Durch die starke UV-Stabilisierung der Polypropylen-B\u00e4ndchen sind lange Haltbarkeiten gew\u00e4hrleistet.<\/p>\n<p>Standardbreiten sind in 3.30m \/ 4.15m \/ 5.15m, aber auch in allen anderen Breiten lieferbar. Durch unseren Maschinenpark k\u00f6nnen wir sowohl Ihre Wunschbreite fransenfrei herunterschneiden als auch auf \u00dcberbreiten bis 25m durch Ann\u00e4hen verbreitern.<\/p>\n<p>Als besonderen Service bieten wir Ihnen neben den Standardrollen von 100 Laufmetern L\u00e4nge auch jede Sonderl\u00e4nge bis zu 1.000m.<\/p>\n<p>&nbsp;<\/p>\n<p>[\/et_pb_text][\/et_pb_column][et_pb_column type=&#8221;1_3&#8243; _builder_version=&#8221;4.16&#8243; global_colors_info=&#8221;{}&#8221;][\/et_pb_column][\/et_pb_row][\/et_pb_section]<\/p>\n","protected":false},"excerpt":{"rendered":"<p>G\u00e4rtnereibedarf Neben Schirml\u00f6sungen erhalten Sie bei uns auch viele andere Bedarfsartikel. l\u00fcftungsschl\u00e4uche &#8220;hs jet tubes&#8221;Prima f\u00fcrs Klima! F\u00fcr eine effiziente Verteilung der W\u00e4rme und Frischluft im Gew\u00e4chshaus bieten wir ma\u00dfgeschneiderte L\u00fcftungsschl\u00e4uche, die wunschgerecht gefertigt werden. Egal, ob als extrem kleiner Durchmesser, ob als Standard mit 40-60cm Durchmesser oder als Riesenschlauch mit 2,5m Durchmesser &#8211; wir [&hellip;]<\/p>\n","protected":false},"author":3,"featured_media":0,"parent":0,"menu_order":0,"comment_status":"closed","ping_status":"closed","template":"","meta":{"_et_pb_use_builder":"on","_et_pb_old_content":"","_et_gb_content_width":"","footnotes":""},"class_list":["post-7035","page","type-page","status-publish","hentry"],"yoast_head":"<!-- This site is optimized with the Yoast SEO plugin v27.3 - https:\/\/yoast.com\/product\/yoast-seo-wordpress\/ -->\n<title>G\u00e4rtnereibedarf | Gro\u00dfe Auswahl &amp; schnelle Lieferung | Novavert<\/title>\n<meta name=\"description\" content=\"Von L\u00fcftungsschl\u00e4uchen \u00fcber Bew\u00e4sserungssysteme bis hin zur LED-Beleuchtung bieten wir vielf\u00e4ltige L\u00f6sungen f\u00fcr G\u00e4rtnereien. Erfahren Sie mehr.\" \/>\n<meta name=\"robots\" content=\"index, follow, max-snippet:-1, max-image-preview:large, max-video-preview:-1\" \/>\n<link rel=\"canonical\" href=\"https:\/\/www.novavert.com\/de\/gaertnereibedarf\/\" \/>\n<meta property=\"og:locale\" content=\"de_DE\" \/>\n<meta property=\"og:type\" content=\"article\" \/>\n<meta property=\"og:title\" content=\"G\u00e4rtnereibedarf | Gro\u00dfe Auswahl &amp; schnelle Lieferung | Novavert\" \/>\n<meta property=\"og:description\" content=\"Von L\u00fcftungsschl\u00e4uchen \u00fcber Bew\u00e4sserungssysteme bis hin zur LED-Beleuchtung bieten wir vielf\u00e4ltige L\u00f6sungen f\u00fcr G\u00e4rtnereien. Erfahren Sie mehr.\" \/>\n<meta property=\"og:url\" content=\"https:\/\/www.novavert.com\/de\/gaertnereibedarf\/\" \/>\n<meta property=\"og:site_name\" content=\"Novavert\" \/>\n<meta property=\"article:modified_time\" content=\"2026-02-02T10:09:10+00:00\" \/>\n<meta name=\"twitter:card\" content=\"summary_large_image\" \/>\n<meta name=\"twitter:label1\" content=\"Gesch\u00e4tzte Lesezeit\" \/>\n\t<meta name=\"twitter:data1\" content=\"4\u00a0Minuten\" \/>\n<script type=\"application\/ld+json\" class=\"yoast-schema-graph\">{\"@context\":\"https:\\\/\\\/schema.org\",\"@graph\":[{\"@type\":\"WebPage\",\"@id\":\"https:\\\/\\\/www.novavert.com\\\/de\\\/gaertnereibedarf\\\/\",\"url\":\"https:\\\/\\\/www.novavert.com\\\/de\\\/gaertnereibedarf\\\/\",\"name\":\"G\u00e4rtnereibedarf | Gro\u00dfe Auswahl & schnelle Lieferung | Novavert\",\"isPartOf\":{\"@id\":\"\\\/#website\"},\"datePublished\":\"2020-03-23T09:25:44+00:00\",\"dateModified\":\"2026-02-02T10:09:10+00:00\",\"description\":\"Von L\u00fcftungsschl\u00e4uchen \u00fcber Bew\u00e4sserungssysteme bis hin zur LED-Beleuchtung bieten wir vielf\u00e4ltige L\u00f6sungen f\u00fcr G\u00e4rtnereien. Erfahren Sie mehr.\",\"breadcrumb\":{\"@id\":\"https:\\\/\\\/www.novavert.com\\\/de\\\/gaertnereibedarf\\\/#breadcrumb\"},\"inLanguage\":\"de\",\"potentialAction\":[{\"@type\":\"ReadAction\",\"target\":[\"https:\\\/\\\/www.novavert.com\\\/de\\\/gaertnereibedarf\\\/\"]}]},{\"@type\":\"BreadcrumbList\",\"@id\":\"https:\\\/\\\/www.novavert.com\\\/de\\\/gaertnereibedarf\\\/#breadcrumb\",\"itemListElement\":[{\"@type\":\"ListItem\",\"position\":1,\"name\":\"Startseite\",\"item\":\"https:\\\/\\\/www.novavert.com\\\/de\\\/\"},{\"@type\":\"ListItem\",\"position\":2,\"name\":\"G\u00e4rtnereibedarf\"}]},{\"@type\":\"WebSite\",\"@id\":\"\\\/#website\",\"url\":\"\\\/\",\"name\":\"Novavert\",\"description\":\"IHR PARTNER F\u00dcR HOCHWERTIGE PRODUKTE AUS DEN BEREICHEN SCHATTIERUNGEN UND WETTERSCHUTZ\",\"publisher\":{\"@id\":\"\\\/#organization\"},\"potentialAction\":[{\"@type\":\"SearchAction\",\"target\":{\"@type\":\"EntryPoint\",\"urlTemplate\":\"\\\/?s={search_term_string}\"},\"query-input\":{\"@type\":\"PropertyValueSpecification\",\"valueRequired\":true,\"valueName\":\"search_term_string\"}}],\"inLanguage\":\"de\"},{\"@type\":\"Organization\",\"@id\":\"\\\/#organization\",\"name\":\"Novavert\",\"url\":\"\\\/\",\"logo\":{\"@type\":\"ImageObject\",\"inLanguage\":\"de\",\"@id\":\"\\\/#\\\/schema\\\/logo\\\/image\\\/\",\"url\":\"https:\\\/\\\/www.novavert.com\\\/wp-content\\\/uploads\\\/2020\\\/03\\\/novavert_Logo_Men\u00fc-3.png\",\"contentUrl\":\"https:\\\/\\\/www.novavert.com\\\/wp-content\\\/uploads\\\/2020\\\/03\\\/novavert_Logo_Men\u00fc-3.png\",\"width\":407,\"height\":180,\"caption\":\"Novavert\"},\"image\":{\"@id\":\"\\\/#\\\/schema\\\/logo\\\/image\\\/\"}}]}<\/script>\n<!-- \/ Yoast SEO plugin. -->","yoast_head_json":{"title":"G\u00e4rtnereibedarf | Gro\u00dfe Auswahl & schnelle Lieferung | Novavert","description":"Von L\u00fcftungsschl\u00e4uchen \u00fcber Bew\u00e4sserungssysteme bis hin zur LED-Beleuchtung bieten wir vielf\u00e4ltige L\u00f6sungen f\u00fcr G\u00e4rtnereien. Erfahren Sie mehr.","robots":{"index":"index","follow":"follow","max-snippet":"max-snippet:-1","max-image-preview":"max-image-preview:large","max-video-preview":"max-video-preview:-1"},"canonical":"https:\/\/www.novavert.com\/de\/gaertnereibedarf\/","og_locale":"de_DE","og_type":"article","og_title":"G\u00e4rtnereibedarf | Gro\u00dfe Auswahl & schnelle Lieferung | Novavert","og_description":"Von L\u00fcftungsschl\u00e4uchen \u00fcber Bew\u00e4sserungssysteme bis hin zur LED-Beleuchtung bieten wir vielf\u00e4ltige L\u00f6sungen f\u00fcr G\u00e4rtnereien. Erfahren Sie mehr.","og_url":"https:\/\/www.novavert.com\/de\/gaertnereibedarf\/","og_site_name":"Novavert","article_modified_time":"2026-02-02T10:09:10+00:00","twitter_card":"summary_large_image","twitter_misc":{"Gesch\u00e4tzte Lesezeit":"4\u00a0Minuten"},"schema":{"@context":"https:\/\/schema.org","@graph":[{"@type":"WebPage","@id":"https:\/\/www.novavert.com\/de\/gaertnereibedarf\/","url":"https:\/\/www.novavert.com\/de\/gaertnereibedarf\/","name":"G\u00e4rtnereibedarf | Gro\u00dfe Auswahl & schnelle Lieferung | Novavert","isPartOf":{"@id":"\/#website"},"datePublished":"2020-03-23T09:25:44+00:00","dateModified":"2026-02-02T10:09:10+00:00","description":"Von L\u00fcftungsschl\u00e4uchen \u00fcber Bew\u00e4sserungssysteme bis hin zur LED-Beleuchtung bieten wir vielf\u00e4ltige L\u00f6sungen f\u00fcr G\u00e4rtnereien. Erfahren Sie mehr.","breadcrumb":{"@id":"https:\/\/www.novavert.com\/de\/gaertnereibedarf\/#breadcrumb"},"inLanguage":"de","potentialAction":[{"@type":"ReadAction","target":["https:\/\/www.novavert.com\/de\/gaertnereibedarf\/"]}]},{"@type":"BreadcrumbList","@id":"https:\/\/www.novavert.com\/de\/gaertnereibedarf\/#breadcrumb","itemListElement":[{"@type":"ListItem","position":1,"name":"Startseite","item":"https:\/\/www.novavert.com\/de\/"},{"@type":"ListItem","position":2,"name":"G\u00e4rtnereibedarf"}]},{"@type":"WebSite","@id":"\/#website","url":"\/","name":"Novavert","description":"IHR PARTNER F\u00dcR HOCHWERTIGE PRODUKTE AUS DEN BEREICHEN SCHATTIERUNGEN UND WETTERSCHUTZ","publisher":{"@id":"\/#organization"},"potentialAction":[{"@type":"SearchAction","target":{"@type":"EntryPoint","urlTemplate":"\/?s={search_term_string}"},"query-input":{"@type":"PropertyValueSpecification","valueRequired":true,"valueName":"search_term_string"}}],"inLanguage":"de"},{"@type":"Organization","@id":"\/#organization","name":"Novavert","url":"\/","logo":{"@type":"ImageObject","inLanguage":"de","@id":"\/#\/schema\/logo\/image\/","url":"https:\/\/www.novavert.com\/wp-content\/uploads\/2020\/03\/novavert_Logo_Men\u00fc-3.png","contentUrl":"https:\/\/www.novavert.com\/wp-content\/uploads\/2020\/03\/novavert_Logo_Men\u00fc-3.png","width":407,"height":180,"caption":"Novavert"},"image":{"@id":"\/#\/schema\/logo\/image\/"}}]}},"_links":{"self":[{"href":"https:\/\/www.novavert.com\/de\/wp-json\/wp\/v2\/pages\/7035","targetHints":{"allow":["GET"]}}],"collection":[{"href":"https:\/\/www.novavert.com\/de\/wp-json\/wp\/v2\/pages"}],"about":[{"href":"https:\/\/www.novavert.com\/de\/wp-json\/wp\/v2\/types\/page"}],"author":[{"embeddable":true,"href":"https:\/\/www.novavert.com\/de\/wp-json\/wp\/v2\/users\/3"}],"replies":[{"embeddable":true,"href":"https:\/\/www.novavert.com\/de\/wp-json\/wp\/v2\/comments?post=7035"}],"version-history":[{"count":33,"href":"https:\/\/www.novavert.com\/de\/wp-json\/wp\/v2\/pages\/7035\/revisions"}],"predecessor-version":[{"id":16068,"href":"https:\/\/www.novavert.com\/de\/wp-json\/wp\/v2\/pages\/7035\/revisions\/16068"}],"wp:attachment":[{"href":"https:\/\/www.novavert.com\/de\/wp-json\/wp\/v2\/media?parent=7035"}],"curies":[{"name":"wp","href":"https:\/\/api.w.org\/{rel}","templated":true}]}}