{"id":6482,"date":"2020-03-09T07:38:46","date_gmt":"2020-03-09T07:38:46","guid":{"rendered":"https:\/\/novavert.com\/?page_id=6482"},"modified":"2020-11-23T14:47:19","modified_gmt":"2020-11-23T12:47:19","slug":"hobby-gardening","status":"publish","type":"page","link":"https:\/\/www.novavert.com\/de\/hobby-gardening\/","title":{"rendered":"Hobby &#038; Deko"},"content":{"rendered":"<p>[et_pb_section fb_built=&#8221;1&#8243; admin_label=&#8221;Header&#8221; _builder_version=&#8221;4.0.4&#8243; custom_margin=&#8221;0px||||false|false&#8221; custom_padding=&#8221;0px||0px||false|false&#8221; z_index_tablet=&#8221;500&#8243;][et_pb_row _builder_version=&#8221;4.2.2&#8243; custom_margin=&#8221;0px||||false|false&#8221; custom_padding=&#8221;0px|0px|0px|0px|false|true&#8221;][et_pb_column type=&#8221;4_4&#8243; _builder_version=&#8221;4.0.4&#8243;][et_pb_slider _builder_version=&#8221;4.6.1&#8243; min_height=&#8221;368px&#8221; custom_margin=&#8221;||||false|false&#8221; custom_padding=&#8221;||||false|false&#8221; auto=&#8221;on&#8221; hover_enabled=&#8221;0&#8243; locked=&#8221;off&#8221; sticky_enabled=&#8221;0&#8243;][et_pb_slide heading=&#8221;Hobby &#038; Deko&#8221; _builder_version=&#8221;4.6.1&#8243; background_image=&#8221;https:\/\/www.novavert.com\/wp-content\/uploads\/2020\/03\/Kat.-HobbyDeko-2-Arendhoeve-NL-scaled.jpg&#8221; background_enable_image=&#8221;on&#8221; locked=&#8221;off&#8221; sticky_transition=&#8221;on&#8221;][\/et_pb_slide][et_pb_slide _builder_version=&#8221;4.6.1&#8243; background_image=&#8221;https:\/\/www.novavert.com\/wp-content\/uploads\/2020\/03\/Kat.-Hobby-Deko-StullenschmiedeGreven-retuschiert-scaled.jpg&#8221; background_enable_image=&#8221;on&#8221; locked=&#8221;off&#8221; sticky_transition=&#8221;on&#8221;][\/et_pb_slide][et_pb_slide _builder_version=&#8221;4.6.1&#8243; _module_preset=&#8221;default&#8221; locked=&#8221;off&#8221; title_text=&#8221;Genfer See (13)&#8221; background_image=&#8221;https:\/\/www.novavert.com\/wp-content\/uploads\/2020\/11\/Genfer-See-13-scaled-e1606134969203.jpg&#8221; background_enable_image=&#8221;on&#8221; hover_enabled=&#8221;0&#8243; sticky_enabled=&#8221;0&#8243;][\/et_pb_slide][et_pb_slide _builder_version=&#8221;4.2.2&#8243; background_image=&#8221;https:\/\/www.novavert.com\/wp-content\/uploads\/2020\/03\/Kat.-HobbyDeko-1-Restaurant-scaled.jpg&#8221; background_enable_image=&#8221;on&#8221; locked=&#8221;off&#8221; sticky_transition=&#8221;on&#8221;][\/et_pb_slide][et_pb_slide _builder_version=&#8221;4.6.1&#8243; background_image=&#8221;https:\/\/www.novavert.com\/wp-content\/uploads\/2020\/09\/Kat.-HobbyDeko-2-Arendshoeve-NL_4-e1601032859397.jpg&#8221; background_enable_image=&#8221;on&#8221; locked=&#8221;off&#8221; sticky_transition=&#8221;on&#8221;][\/et_pb_slide][et_pb_slide _builder_version=&#8221;4.6.1&#8243; background_image=&#8221;https:\/\/www.novavert.com\/wp-content\/uploads\/2020\/03\/Kat.-HobbyDeko-PTH-DE-scaled.jpg&#8221; background_enable_image=&#8221;on&#8221; locked=&#8221;off&#8221; sticky_transition=&#8221;on&#8221;][\/et_pb_slide][et_pb_slide _builder_version=&#8221;4.2.2&#8243; background_enable_color=&#8221;off&#8221; background_image=&#8221;https:\/\/www.novavert.com\/wp-content\/uploads\/2020\/05\/Kat.-Hobby-Deko-Ext.-Wintergarten.jpg&#8221; background_enable_image=&#8221;on&#8221; locked=&#8221;off&#8221; sticky_transition=&#8221;on&#8221;][\/et_pb_slide][\/et_pb_slider][et_pb_text _builder_version=&#8221;4.2.2&#8243; min_height=&#8221;98px&#8221;]<\/p>\n<h1>Hobby &amp; DEKOBEREICH f\u00fcr das gewerbe<\/h1>\n<p>Novavert Produkte f\u00fcr den gewerblichen Bereich werden vielf\u00e4ltig eingesetzt: In der Hotellerie, in der Gastronomie, in Museen und auf Kongressen.<\/p>\n<p>&nbsp;<\/p>\n<p>[\/et_pb_text][et_pb_divider color=&#8221;#eaeaea&#8221; _builder_version=&#8221;4.2.2&#8243; custom_margin=&#8221;-50px|||||&#8221;][\/et_pb_divider][et_pb_text _builder_version=&#8221;4.2.2&#8243;]<\/p>\n<h1>Kategorien<\/h1>\n<p>[\/et_pb_text][\/et_pb_column][\/et_pb_row][et_pb_row column_structure=&#8221;1_3,1_3,1_3&#8243; disabled_on=&#8221;off|off|off&#8221; _builder_version=&#8221;4.2.2&#8243; custom_padding=&#8221;4px|||||&#8221;][et_pb_column type=&#8221;1_3&#8243; _builder_version=&#8221;4.2.2&#8243;][et_pb_image src=&#8221;https:\/\/www.novavert.com\/wp-content\/uploads\/2020\/05\/Kat.-Hobby-Deko-Ext.-Wintergarten_3-e1589805564975.jpg&#8221; _builder_version=&#8221;4.2.2&#8243; box_shadow_style=&#8221;preset1&#8243;][\/et_pb_image][et_pb_text _builder_version=&#8221;4.6.1&#8243; custom_margin=&#8221;||0px||false|false&#8221;]<\/p>\n<h3>Externe Wintergartenbeschattung\u00a0<\/h3>\n<p>[\/et_pb_text][et_pb_text _builder_version=&#8221;4.6.1&#8243;]<\/p>\n<p style=\"color:#666666;\">Bei der Auswahl an Materialien f\u00fcr Ihre Au\u00dfenbeschattung k\u00f6nnen Sie Ihrer Fantasie freien Lauf lassen. Das Angebot begrenzt sich nicht nur auf Stoffe oder Folien, sondern reicht bis zum farbigen Plexiglas und Cortenestahl. Diese werden auf Wunsch auch mit einem Muster Ihrer Wahl personalisiert und mit Laser auf millimetergenaue Ma\u00dfe geschnitten. Sie schicken uns Ihre Zeichnung und wir \u00fcbernehmen die Realisierung.<\/p>\n<p>[\/et_pb_text][\/et_pb_column][et_pb_column type=&#8221;1_3&#8243; _builder_version=&#8221;4.2.2&#8243;][et_pb_image src=&#8221;https:\/\/www.novavert.com\/wp-content\/uploads\/2020\/05\/Place-Napol\u00e9on-10-e1590568663737.jpg&#8221; _builder_version=&#8221;4.2.2&#8243; box_shadow_style=&#8221;preset1&#8243;][\/et_pb_image][et_pb_text _builder_version=&#8221;4.6.1&#8243; custom_margin=&#8221;||0px||false|false&#8221;]<\/p>\n<h3>Interne Wintergartenbeschattung<\/h3>\n<p>[\/et_pb_text][et_pb_text _builder_version=&#8221;4.2.2&#8243;]<\/p>\n<p><span class=\"st\">Auf dem Glasdach oder Wintergarten angebrachte Beschattungen sch\u00fctzen den darunter liegenden Raum vor \u00dcberhitzung. <\/span><span class=\"st\">Unsere Stoffe zeichnen sich durch hohe UV-Best\u00e4ndigkeit, geringe Faltenbildung und hohe Lebensdauer aus. <\/span><span class=\"st\">Diese erf\u00fcllen nicht nur den praktischen Zweck, sondern verleihen dem Raum auch eine gem\u00fctliche Atmosph\u00e4re.<br \/>Gerne beraten wir Sie \u00fcber die Vielzahl an L\u00f6sungsans\u00e4tzen.<br \/><\/span><\/p>\n<p><span class=\"st\"><\/span><\/p>\n<p>[\/et_pb_text][\/et_pb_column][et_pb_column type=&#8221;1_3&#8243; _builder_version=&#8221;4.2.2&#8243;][et_pb_image src=&#8221;https:\/\/www.novavert.com\/wp-content\/uploads\/2020\/05\/Kat.-Hobby-Deko-Sichtschutzpanele-e1589973902160.jpg&#8221; _builder_version=&#8221;4.2.2&#8243; box_shadow_style=&#8221;preset1&#8243; box_shadow_color=&#8221;rgba(0,0,0,0)&#8221;][\/et_pb_image][et_pb_text _builder_version=&#8221;4.6.1&#8243; custom_margin=&#8221;||0px||false|false&#8221;]<\/p>\n<h3>Sichtschutzpaneele<\/h3>\n<p>[\/et_pb_text][et_pb_text _builder_version=&#8221;4.6.1&#8243;]<\/p>\n<p style=\"color:#666666;\">Unsere Sichtschutzpaneele aus Aluminium oder Cortenestahl haben nicht nur funktionale Aufgaben. Mit diesem edlen Charme bereichern Sie Ihren Garten oder Ihre Einfahrt auch optisch. Diese Sichtblenden sind in jeder Preisklasse und unz\u00e4hligen Varianten erh\u00e4ltlich.<br \/>\nDurch die vielf\u00e4ltigen Laserzuschnitte und das individualisierte Design k\u00f6nnen Sie gestalterische Akzente setzen und echte Unikate von uns bekommen!<\/p>\n<p>[\/et_pb_text][\/et_pb_column][\/et_pb_row][et_pb_row column_structure=&#8221;1_3,1_3,1_3&#8243; disabled_on=&#8221;off|off|off&#8221; _builder_version=&#8221;4.2.2&#8243; custom_padding=&#8221;4px|||||&#8221;][et_pb_column type=&#8221;1_3&#8243; _builder_version=&#8221;4.2.2&#8243;][et_pb_image src=&#8221;https:\/\/www.novavert.com\/wp-content\/uploads\/2020\/04\/Luftpolsterfolie-e1589804029759.jpg&#8221; _builder_version=&#8221;4.2.2&#8243; box_shadow_style=&#8221;preset1&#8243; box_shadow_color=&#8221;rgba(0,0,0,0)&#8221;][\/et_pb_image][et_pb_text _builder_version=&#8221;4.6.1&#8243; custom_margin=&#8221;||0px||false|false&#8221;]<\/p>\n<h3>Luftpolsterfolie<\/h3>\n<p>[\/et_pb_text][et_pb_text _builder_version=&#8221;4.6.1&#8243;]<\/p>\n<p>Unsere UV-stabilisierte Luftpolsterfolie bietet W\u00e4rmed\u00e4mmung f\u00fcr Hobby-Gew\u00e4chsh\u00e4user oder Winterg\u00e4rten.<\/p>\n<p>Diese besteht aus 3-lagiger, UV-stabilisierter Luftpolsterfolie aus Polyethylen mit niedriger Dichte (LLDPE &amp; LDPE) und ist verf\u00fcgbar in Standard-Folienbreiten von 1,5m \/ 2,0m \/ 2,4m.<\/p>\n<p style=\"color:#666666;\">Sie wird sehr oft in Kombination mit Klebeelementen (Art. 2299) und Silikonkleber (Art. 2290) erworben und von au\u00dfen auf Glas fixiert.<\/p>\n<p>[\/et_pb_text][\/et_pb_column][et_pb_column type=&#8221;1_3&#8243; _builder_version=&#8221;4.2.2&#8243;][et_pb_image src=&#8221;https:\/\/www.novavert.com\/wp-content\/uploads\/2020\/04\/HS-Bodengewebe-schwarz.jpg&#8221; _builder_version=&#8221;4.2.2&#8243; box_shadow_style=&#8221;preset1&#8243;][\/et_pb_image][et_pb_text _builder_version=&#8221;4.6.1&#8243; custom_margin=&#8221;||0px||false|false&#8221;]<\/p>\n<h3>Bodengewebe<\/h3>\n<p>[\/et_pb_text][et_pb_text _builder_version=&#8221;4.6.1&#8243;]<\/p>\n<p>Bodengewebe decken den Boden ab und lassen aber das Wasser z\u00fcgig abfliessen. Sie sind eine wirkungsvolle Barriere gegen Unkrautwachstum. Die Beete im Garten werden somit sauber gehalten.<\/p>\n<p>Sie sind in schwarz oder wei\u00df und in den Gewichtsklassen 100 bzw. 130g\/m\u00b2 erh\u00e4ltlich. Durch die starke UV-Stabilisierung der Polypropylen-B\u00e4ndchen ist eine lange Haltbarkeit gew\u00e4hrleistet.<\/p>\n<p style=\"color:#666666;\">Die Standardbreiten der Rollen sind : 3,30m \/ 4,15m \/ 5,15m, aber Laserzuschnitte auf Ihre Wunschbreite oder Form, fransenfrei, werden bei uns schnell gefertigt.<\/p>\n<p>[\/et_pb_text][\/et_pb_column][et_pb_column type=&#8221;1_3&#8243; _builder_version=&#8221;4.2.2&#8243;][et_pb_image src=&#8221;https:\/\/www.novavert.com\/wp-content\/uploads\/2020\/06\/Poolabdeckung-e1592989902369.jpg&#8221; _builder_version=&#8221;4.2.2&#8243; box_shadow_style=&#8221;preset1&#8243;][\/et_pb_image][et_pb_text _builder_version=&#8221;4.6.1&#8243; custom_margin=&#8221;||0px||false|false&#8221;]<\/p>\n<h3>Poolabdeckung<\/h3>\n<p>[\/et_pb_text][et_pb_text _builder_version=&#8221;4.6.1&#8243;]<\/p>\n<p>Mit unserem robusten Pool Cover in PVC bietet Novavert eine optimale L\u00f6sung f\u00fcr die Abdeckung von Schwimmb\u00e4dern.<\/p>\n<p>Sie sch\u00fctzt hervorragend vor Schmutz und d\u00e4mmt den W\u00e4rmeverlust.<\/p>\n<p>Sie ist in der Standardfarbe BLAU und in einer Breite von 2,18m erh\u00e4ltlich. Diese kann beliebig zugeschnitten und zu anderen Breiten geschwei\u00dft werden. Das passende Zubeh\u00f6r f\u00fcr die Installation wie z.B. die Profilwelle und das Wickelrohr erhalten Sie auch bei uns.<\/p>\n<p style=\"color:#666666;\">Das Pool Cover ist witterungsbest\u00e4ndig, UV stabil und pflegeleicht.<\/p>\n<p>[\/et_pb_text][\/et_pb_column][\/et_pb_row][\/et_pb_section]<\/p>\n","protected":false},"excerpt":{"rendered":"<p>Hobby &amp; DEKOBEREICH f\u00fcr das gewerbe Novavert Produkte f\u00fcr den gewerblichen Bereich werden vielf\u00e4ltig eingesetzt: In der Hotellerie, in der Gastronomie, in Museen und auf Kongressen. &nbsp;KategorienExterne Wintergartenbeschattung\u00a0Bei der Auswahl an Materialien f\u00fcr Ihre Au\u00dfenbeschattung k\u00f6nnen Sie Ihrer Fantasie freien Lauf lassen. Das Angebot begrenzt sich nicht nur auf Stoffe oder Folien, sondern reicht bis [&hellip;]<\/p>\n","protected":false},"author":3,"featured_media":0,"parent":0,"menu_order":0,"comment_status":"closed","ping_status":"closed","template":"","meta":{"_et_pb_use_builder":"on","_et_pb_old_content":"","_et_gb_content_width":"","footnotes":""},"class_list":["post-6482","page","type-page","status-publish","hentry"],"yoast_head":"<!-- This site is optimized with the Yoast SEO plugin v27.5 - https:\/\/yoast.com\/product\/yoast-seo-wordpress\/ -->\n<title>Hobby &amp; Deko | Novavert<\/title>\n<meta name=\"robots\" content=\"index, follow, max-snippet:-1, max-image-preview:large, max-video-preview:-1\" \/>\n<link rel=\"canonical\" href=\"https:\/\/www.novavert.com\/de\/hobby-gardening\/\" \/>\n<meta property=\"og:locale\" content=\"de_DE\" \/>\n<meta property=\"og:type\" content=\"article\" \/>\n<meta property=\"og:title\" content=\"Hobby &amp; Deko | Novavert\" \/>\n<meta property=\"og:description\" content=\"Hobby &amp; DEKOBEREICH f\u00fcr das gewerbe Novavert Produkte f\u00fcr den gewerblichen Bereich werden vielf\u00e4ltig eingesetzt: In der Hotellerie, in der Gastronomie, in Museen und auf Kongressen. &nbsp;KategorienExterne Wintergartenbeschattung\u00a0Bei der Auswahl an Materialien f\u00fcr Ihre Au\u00dfenbeschattung k\u00f6nnen Sie Ihrer Fantasie freien Lauf lassen. Das Angebot begrenzt sich nicht nur auf Stoffe oder Folien, sondern reicht bis [&hellip;]\" \/>\n<meta property=\"og:url\" content=\"https:\/\/www.novavert.com\/de\/hobby-gardening\/\" \/>\n<meta property=\"og:site_name\" content=\"Novavert\" \/>\n<meta property=\"article:modified_time\" content=\"2020-11-23T12:47:19+00:00\" \/>\n<meta name=\"twitter:card\" content=\"summary_large_image\" \/>\n<meta name=\"twitter:label1\" content=\"Gesch\u00e4tzte Lesezeit\" \/>\n\t<meta name=\"twitter:data1\" content=\"6\u00a0Minuten\" \/>\n<script type=\"application\/ld+json\" class=\"yoast-schema-graph\">{\"@context\":\"https:\\\/\\\/schema.org\",\"@graph\":[{\"@type\":\"WebPage\",\"@id\":\"https:\\\/\\\/www.novavert.com\\\/de\\\/hobby-gardening\\\/\",\"url\":\"https:\\\/\\\/www.novavert.com\\\/de\\\/hobby-gardening\\\/\",\"name\":\"Hobby & Deko | Novavert\",\"isPartOf\":{\"@id\":\"\\\/#website\"},\"datePublished\":\"2020-03-09T07:38:46+00:00\",\"dateModified\":\"2020-11-23T12:47:19+00:00\",\"breadcrumb\":{\"@id\":\"https:\\\/\\\/www.novavert.com\\\/de\\\/hobby-gardening\\\/#breadcrumb\"},\"inLanguage\":\"de\",\"potentialAction\":[{\"@type\":\"ReadAction\",\"target\":[\"https:\\\/\\\/www.novavert.com\\\/de\\\/hobby-gardening\\\/\"]}]},{\"@type\":\"BreadcrumbList\",\"@id\":\"https:\\\/\\\/www.novavert.com\\\/de\\\/hobby-gardening\\\/#breadcrumb\",\"itemListElement\":[{\"@type\":\"ListItem\",\"position\":1,\"name\":\"Startseite\",\"item\":\"https:\\\/\\\/www.novavert.com\\\/de\\\/\"},{\"@type\":\"ListItem\",\"position\":2,\"name\":\"Hobby &#038; Deko\"}]},{\"@type\":\"WebSite\",\"@id\":\"\\\/#website\",\"url\":\"\\\/\",\"name\":\"Novavert\",\"description\":\"IHR PARTNER F\u00dcR HOCHWERTIGE PRODUKTE AUS DEN BEREICHEN SCHATTIERUNGEN UND WETTERSCHUTZ\",\"publisher\":{\"@id\":\"\\\/#organization\"},\"potentialAction\":[{\"@type\":\"SearchAction\",\"target\":{\"@type\":\"EntryPoint\",\"urlTemplate\":\"\\\/?s={search_term_string}\"},\"query-input\":{\"@type\":\"PropertyValueSpecification\",\"valueRequired\":true,\"valueName\":\"search_term_string\"}}],\"inLanguage\":\"de\"},{\"@type\":\"Organization\",\"@id\":\"\\\/#organization\",\"name\":\"Novavert\",\"url\":\"\\\/\",\"logo\":{\"@type\":\"ImageObject\",\"inLanguage\":\"de\",\"@id\":\"\\\/#\\\/schema\\\/logo\\\/image\\\/\",\"url\":\"https:\\\/\\\/www.novavert.com\\\/wp-content\\\/uploads\\\/2020\\\/03\\\/novavert_Logo_Men\u00fc-3.png\",\"contentUrl\":\"https:\\\/\\\/www.novavert.com\\\/wp-content\\\/uploads\\\/2020\\\/03\\\/novavert_Logo_Men\u00fc-3.png\",\"width\":407,\"height\":180,\"caption\":\"Novavert\"},\"image\":{\"@id\":\"\\\/#\\\/schema\\\/logo\\\/image\\\/\"}}]}<\/script>\n<!-- \/ Yoast SEO plugin. -->","yoast_head_json":{"title":"Hobby & Deko | Novavert","robots":{"index":"index","follow":"follow","max-snippet":"max-snippet:-1","max-image-preview":"max-image-preview:large","max-video-preview":"max-video-preview:-1"},"canonical":"https:\/\/www.novavert.com\/de\/hobby-gardening\/","og_locale":"de_DE","og_type":"article","og_title":"Hobby & Deko | Novavert","og_description":"Hobby &amp; DEKOBEREICH f\u00fcr das gewerbe Novavert Produkte f\u00fcr den gewerblichen Bereich werden vielf\u00e4ltig eingesetzt: In der Hotellerie, in der Gastronomie, in Museen und auf Kongressen. &nbsp;KategorienExterne Wintergartenbeschattung\u00a0Bei der Auswahl an Materialien f\u00fcr Ihre Au\u00dfenbeschattung k\u00f6nnen Sie Ihrer Fantasie freien Lauf lassen. Das Angebot begrenzt sich nicht nur auf Stoffe oder Folien, sondern reicht bis [&hellip;]","og_url":"https:\/\/www.novavert.com\/de\/hobby-gardening\/","og_site_name":"Novavert","article_modified_time":"2020-11-23T12:47:19+00:00","twitter_card":"summary_large_image","twitter_misc":{"Gesch\u00e4tzte Lesezeit":"6\u00a0Minuten"},"schema":{"@context":"https:\/\/schema.org","@graph":[{"@type":"WebPage","@id":"https:\/\/www.novavert.com\/de\/hobby-gardening\/","url":"https:\/\/www.novavert.com\/de\/hobby-gardening\/","name":"Hobby & Deko | Novavert","isPartOf":{"@id":"\/#website"},"datePublished":"2020-03-09T07:38:46+00:00","dateModified":"2020-11-23T12:47:19+00:00","breadcrumb":{"@id":"https:\/\/www.novavert.com\/de\/hobby-gardening\/#breadcrumb"},"inLanguage":"de","potentialAction":[{"@type":"ReadAction","target":["https:\/\/www.novavert.com\/de\/hobby-gardening\/"]}]},{"@type":"BreadcrumbList","@id":"https:\/\/www.novavert.com\/de\/hobby-gardening\/#breadcrumb","itemListElement":[{"@type":"ListItem","position":1,"name":"Startseite","item":"https:\/\/www.novavert.com\/de\/"},{"@type":"ListItem","position":2,"name":"Hobby &#038; Deko"}]},{"@type":"WebSite","@id":"\/#website","url":"\/","name":"Novavert","description":"IHR PARTNER F\u00dcR HOCHWERTIGE PRODUKTE AUS DEN BEREICHEN SCHATTIERUNGEN UND WETTERSCHUTZ","publisher":{"@id":"\/#organization"},"potentialAction":[{"@type":"SearchAction","target":{"@type":"EntryPoint","urlTemplate":"\/?s={search_term_string}"},"query-input":{"@type":"PropertyValueSpecification","valueRequired":true,"valueName":"search_term_string"}}],"inLanguage":"de"},{"@type":"Organization","@id":"\/#organization","name":"Novavert","url":"\/","logo":{"@type":"ImageObject","inLanguage":"de","@id":"\/#\/schema\/logo\/image\/","url":"https:\/\/www.novavert.com\/wp-content\/uploads\/2020\/03\/novavert_Logo_Men\u00fc-3.png","contentUrl":"https:\/\/www.novavert.com\/wp-content\/uploads\/2020\/03\/novavert_Logo_Men\u00fc-3.png","width":407,"height":180,"caption":"Novavert"},"image":{"@id":"\/#\/schema\/logo\/image\/"}}]}},"_links":{"self":[{"href":"https:\/\/www.novavert.com\/de\/wp-json\/wp\/v2\/pages\/6482","targetHints":{"allow":["GET"]}}],"collection":[{"href":"https:\/\/www.novavert.com\/de\/wp-json\/wp\/v2\/pages"}],"about":[{"href":"https:\/\/www.novavert.com\/de\/wp-json\/wp\/v2\/types\/page"}],"author":[{"embeddable":true,"href":"https:\/\/www.novavert.com\/de\/wp-json\/wp\/v2\/users\/3"}],"replies":[{"embeddable":true,"href":"https:\/\/www.novavert.com\/de\/wp-json\/wp\/v2\/comments?post=6482"}],"version-history":[{"count":44,"href":"https:\/\/www.novavert.com\/de\/wp-json\/wp\/v2\/pages\/6482\/revisions"}],"predecessor-version":[{"id":14761,"href":"https:\/\/www.novavert.com\/de\/wp-json\/wp\/v2\/pages\/6482\/revisions\/14761"}],"wp:attachment":[{"href":"https:\/\/www.novavert.com\/de\/wp-json\/wp\/v2\/media?parent=6482"}],"curies":[{"name":"wp","href":"https:\/\/api.w.org\/{rel}","templated":true}]}}