{"id":6480,"date":"2020-03-09T07:38:45","date_gmt":"2020-03-09T07:38:45","guid":{"rendered":"https:\/\/novavert.com\/?page_id=6480"},"modified":"2021-08-17T14:22:13","modified_gmt":"2021-08-17T12:22:13","slug":"architektur","status":"publish","type":"page","link":"https:\/\/www.novavert.com\/de\/architektur\/","title":{"rendered":"Architektur"},"content":{"rendered":"<p>[et_pb_section fb_built=&#8221;1&#8243; admin_label=&#8221;Header&#8221; _builder_version=&#8221;4.2.2&#8243; min_height=&#8221;36px&#8221; custom_margin=&#8221;||||false|false&#8221; custom_padding=&#8221;0px||||false|false&#8221; z_index_tablet=&#8221;500&#8243; collapsed=&#8221;on&#8221;][et_pb_row _builder_version=&#8221;4.2.2&#8243; custom_margin=&#8221;0px||||false|false&#8221; custom_padding=&#8221;0px|0px||0px|false|true&#8221;][et_pb_column type=&#8221;4_4&#8243; _builder_version=&#8221;4.0.4&#8243;][et_pb_slider _builder_version=&#8221;4.6.1&#8243; min_height=&#8221;368px&#8221; custom_margin=&#8221;||||false|false&#8221; custom_padding=&#8221;||||false|false&#8221; auto=&#8221;on&#8221; locked=&#8221;off&#8221;][et_pb_slide heading=&#8221;Architektur&#8221; _builder_version=&#8221;4.2.2&#8243; background_image=&#8221;https:\/\/www.novavert.com\/wp-content\/uploads\/2020\/03\/Kat.-Architektur-1-Vinpearl-VIETNAM-1-scaled.jpg&#8221; background_enable_image=&#8221;on&#8221; header_text_shadow_style=&#8221;preset3&#8243; locked=&#8221;off&#8221; sticky_transition=&#8221;on&#8221;][\/et_pb_slide][et_pb_slide _builder_version=&#8221;4.2.2&#8243; background_image=&#8221;https:\/\/www.novavert.com\/wp-content\/uploads\/2020\/04\/20170629_101012-scaled-e1588858831105.jpg&#8221; background_enable_image=&#8221;on&#8221; locked=&#8221;off&#8221; sticky_transition=&#8221;on&#8221;][\/et_pb_slide][et_pb_slide _builder_version=&#8221;4.2.2&#8243; background_image=&#8221;https:\/\/www.novavert.com\/wp-content\/uploads\/2020\/03\/Kat.-Architektur-3-Sch\u00fcco-DE-scaled.jpg&#8221; background_enable_image=&#8221;on&#8221; locked=&#8221;off&#8221; sticky_transition=&#8221;on&#8221;][\/et_pb_slide][et_pb_slide _builder_version=&#8221;4.2.2&#8243; background_image=&#8221;https:\/\/www.novavert.com\/wp-content\/uploads\/2020\/03\/Kat.-Architektur-4-Campus-Avril-FR-scaled.jpg&#8221; background_enable_image=&#8221;on&#8221; locked=&#8221;off&#8221; sticky_transition=&#8221;on&#8221;][\/et_pb_slide][et_pb_slide _builder_version=&#8221;4.2.2&#8243; background_image=&#8221;https:\/\/www.novavert.com\/wp-content\/uploads\/2020\/03\/Kat.-Architektur-5-D\u00e4nische-Vers.-DK-1-scaled.jpg&#8221; background_enable_image=&#8221;on&#8221; locked=&#8221;off&#8221; sticky_transition=&#8221;on&#8221;][\/et_pb_slide][et_pb_slide _builder_version=&#8221;4.6.1&#8243; _module_preset=&#8221;default&#8221; background_image=&#8221;https:\/\/www.novavert.com\/wp-content\/uploads\/2020\/11\/Genfer-See-13-scaled-e1606134969203.jpg&#8221; background_enable_image=&#8221;on&#8221; locked=&#8221;off&#8221; sticky_transition=&#8221;on&#8221;][\/et_pb_slide][\/et_pb_slider][et_pb_text _builder_version=&#8221;4.6.1&#8243; min_height=&#8221;98px&#8221;]<\/p>\n<h1>L\u00f6sungen f\u00fcr die Architektur<\/h1>\n<p style=\"color: #666666;\">F\u00fcr den <strong>Gewerbe- und Fassadenbau<\/strong> bietet Novavert zahlreiche und ausgezeichnete L\u00f6sungen, die sowohl einen <strong>\u00e4sthetischen<\/strong> als auch <strong>funktionalen und wirtschaftlichen Zweck<\/strong> erf\u00fcllen. Die H\u00fclle ist wie die Visitkarte des Geb\u00e4udes, dient aber lediglich auch als <strong>Schutz <\/strong>vor <strong>W\u00e4rme<\/strong> und <strong>L\u00e4rm<\/strong> und als Regulierung der <strong>L\u00fcftung<\/strong> und <strong>Lichtdurchl\u00e4ssigkeit<\/strong>. Unz\u00e4hlige Projekte f\u00fcr die <strong>Architektur<\/strong> wurden bereits realisiert, unter anderem die Innenbeschattung eines Versicherungsgeb\u00e4udes, die Verkleidung eines vierst\u00f6ckigen Parkhauses und die Innenschattierung eines Franz\u00f6sischen Restaurants.<\/p>\n<p>[\/et_pb_text][et_pb_text _builder_version=&#8221;4.2.2&#8243;]<\/p>\n<h1>Kategorien<\/h1>\n<p>[\/et_pb_text][\/et_pb_column][\/et_pb_row][et_pb_row column_structure=&#8221;1_3,1_3,1_3&#8243; disabled_on=&#8221;off|off|off&#8221; _builder_version=&#8221;4.2.2&#8243; custom_padding=&#8221;4px|||||&#8221;][et_pb_column type=&#8221;1_3&#8243; _builder_version=&#8221;4.2.2&#8243;][et_pb_image src=&#8221;https:\/\/www.novavert.com\/wp-content\/uploads\/2020\/05\/IMG_0339-scaled-e1589279062842.jpg&#8221; _builder_version=&#8221;4.2.2&#8243; box_shadow_style=&#8221;preset1&#8243;][\/et_pb_image][et_pb_text _builder_version=&#8221;4.6.1&#8243; custom_margin=&#8221;||0px||false|false&#8221;]<\/p>\n<h3>Zuschnitt<\/h3>\n<p>[\/et_pb_text][et_pb_text _builder_version=&#8221;4.2.2&#8243;]<\/p>\n<p>Novavert fertigt in eigenem <strong>Hausatelier<\/strong> <strong>Zuschnitte<\/strong> in allen Formen. Neben den eigens entwickelten Materialien steht dieser Service auch f\u00fcr Drittmaterialien zur Verf\u00fcgung. Je nach Materialtyp w\u00e4hlen wir immer die passende Technologie: <strong>Hei\u00df<\/strong>&#8211; oder <strong>Kaltschnitt<\/strong>, <strong>Rundmesser<\/strong>, <strong>Klinge<\/strong>, <strong>Ultraschall<\/strong> oder <strong>Laser<\/strong>.<\/p>\n<p>Mit <strong>Lasern<\/strong> unterschiedlicher Wellenl\u00e4ngen wird nicht nur <strong>ber\u00fchrungslos geschnitten<\/strong>, es k\u00f6nnen auch <strong>Kanten<\/strong> sauber <strong>versiegelt<\/strong>, <strong>Mikroperforierungen<\/strong> eingebracht oder <strong>Markierungen<\/strong> gesetzt werden.<\/p>\n<p>Dank unserer hausinternen Konfektion mit <strong>eingeschwei\u00dftem<\/strong> oder <strong>eingen\u00e4htem Keder<\/strong> und dem dazu passenden <span style=\"text-decoration: underline;\"><a href=\"https:\/\/www.novavert.com\/de\/rohre-profile\/\"><strong>Profilsystem<\/strong><\/a><\/span> k\u00f6nnen fast alle denkbaren Materialien an die vorhandene Tragstruktur angepasst werden.<\/p>\n<p>Das <strong>Aufn\u00e4hen<\/strong> von hochfesten <strong>Schlaufen<\/strong>, <strong>Einpressen<\/strong> von <strong>\u00d6sen<\/strong> oder <strong>Klebungen<\/strong> mit unterschiedlichen Klebersystemen runden die Verarbeitungsm\u00f6glichkeiten ab.<\/p>\n<p>[\/et_pb_text][\/et_pb_column][et_pb_column type=&#8221;1_3&#8243; _builder_version=&#8221;4.2.2&#8243;][et_pb_image src=&#8221;https:\/\/www.novavert.com\/wp-content\/uploads\/2020\/03\/Kat.-Architektur-3-Sch\u00fcco-DE-scaled.jpg&#8221; _builder_version=&#8221;4.6.1&#8243; box_shadow_style=&#8221;preset1&#8243;][\/et_pb_image][et_pb_text _builder_version=&#8221;4.6.1&#8243; custom_margin=&#8221;||0px||false|false&#8221;]<\/p>\n<h3>Fassadenl\u00f6sungen<\/h3>\n<p>[\/et_pb_text][et_pb_text _builder_version=&#8221;4.6.1&#8243;]<\/p>\n<p style=\"font-weight: 400;\">Ob anspruchsvolle Zuschnitte f\u00fcr <strong>3D-Fassaden<\/strong> oder einfach nur gerade Zuschnitte, wir bieten <strong>textile Fassadenverkleidung<\/strong> aus hochwertigem Hightech-Material, die in einem ausgekl\u00fcgelten Spannsystem fixiert werden und komplexe 3D-Formen bilden.<\/p>\n<p>Meistens bestehen diese Zuschnitte aus beschichteten <strong>Glasfasermaterialien<\/strong>, die <strong>flammenresistent<\/strong> sind.<\/p>\n<p>Durch <strong>Zuschnittoptimierung<\/strong> kann die Verschnittmenge des Materials minimiert werden. <a href=\"https:\/\/www.novavert.com\/de\/zauberhafte-lichteffekte-zugeschnitten-von-uns\/\"><span style=\"text-decoration: underline;\"><\/span><\/a><\/p>\n<p><a href=\"https:\/\/www.novavert.com\/de\/zauberhafte-lichteffekte-zugeschnitten-von-uns\/\"><span style=\"text-decoration: underline;\">Mehr lesen&#8230;<\/span><\/a><\/p>\n<p style=\"font-weight: 400;\">\n<p>[\/et_pb_text][\/et_pb_column][et_pb_column type=&#8221;1_3&#8243; _builder_version=&#8221;4.2.2&#8243;][et_pb_image src=&#8221;https:\/\/www.novavert.com\/wp-content\/uploads\/2020\/09\/Kat.-Architektur-HS-Archi-Line-Bot.-Garten-Berlin-e1589205627713-1224&#215;720-1.jpg&#8221; title_text=&#8221;Kat.-Architektur-HS-Archi-Line-Bot.-Garten-Berlin-e1589205627713-1224&#215;720&#8243; url=&#8221;@ET-DC@eyJkeW5hbWljIjp0cnVlLCJjb250ZW50IjoicG9zdF9saW5rX3VybF9wYWdlIiwic2V0dGluZ3MiOnsicG9zdF9pZCI6IjcxMTcifX0=@&#8221; _builder_version=&#8221;4.6.1&#8243; _dynamic_attributes=&#8221;url&#8221; box_shadow_style=&#8221;preset1&#8243;][\/et_pb_image][et_pb_text _builder_version=&#8221;4.6.1&#8243; _dynamic_attributes=&#8221;link_option_url&#8221; custom_margin=&#8221;||0px||false|false&#8221; custom_padding=&#8221;||||false|false&#8221; link_option_url=&#8221;@ET-DC@eyJkeW5hbWljIjp0cnVlLCJjb250ZW50IjoicG9zdF9saW5rX3VybF9wYWdlIiwic2V0dGluZ3MiOnsicG9zdF9pZCI6IjcxMTcifX0=@&#8221;]<\/p>\n<h3>HS Archi-Line<\/h3>\n<p>[\/et_pb_text][et_pb_text _builder_version=&#8221;4.6.1&#8243;]<\/p>\n<p style=\"font-weight: 400; color: #666666;\">Bei der<strong> <\/strong><a href=\"https:\/\/www.novavert.com\/de\/archi-line\/\"><span style=\"text-decoration: underline;\"><strong>HS archi-line<\/strong><\/span><\/a> handelt es sich um eine extrem belastbare <strong>Au\u00dfenschattierl\u00f6sung<\/strong> und eine seit Jahren erprobte Konstruktion aus <strong>Aluminiumlamellen<\/strong> und <strong>Edelstahlseilen<\/strong>.<\/p>\n<p style=\"font-weight: 400; color: #666666;\"><span style=\"text-decoration: underline;\"><a href=\"https:\/\/www.novavert.com\/de\/archi-line\/\"><strong>HS archi-line<\/strong><\/a><\/span> kommt vorrangig auf den D\u00e4chern von botanischen G\u00e4rten und Forschungs-einrichtungen im In- und Ausland zum Einsatz. Diese D\u00e4cher m\u00fcssen in der Regel f\u00fcr einen Umbau oder Reparatur des Au\u00dfenschirms mit aufw\u00e4ndigen Ger\u00fcstbauma\u00dfnahmen versehen werden. Um den Betrieb dieser Einrichtungen nicht in kurzen Abst\u00e4nden zu st\u00f6ren, kommt diese im Vergleich zu textilen L\u00f6sungen fast <strong>verschlei\u00dffreie L\u00f6sung<\/strong> zum Einsatz.<\/p>\n<p style=\"font-weight: 400; color: #666666;\"><a href=\"https:\/\/www.novavert.com\/de\/archi-line\/\"><span style=\"text-decoration: underline;\">Mehr lesen&#8230;<\/span><\/a><\/p>\n<p>[\/et_pb_text][\/et_pb_column][\/et_pb_row][et_pb_row column_structure=&#8221;1_3,1_3,1_3&#8243; disabled_on=&#8221;off|off|off&#8221; _builder_version=&#8221;4.2.2&#8243; custom_padding=&#8221;4px|||||&#8221;][et_pb_column type=&#8221;1_3&#8243; _builder_version=&#8221;4.2.2&#8243;][et_pb_image _builder_version=&#8221;4.2.2&#8243; background_image=&#8221;https:\/\/www.novavert.com\/wp-content\/uploads\/2020\/05\/Kat.-Gartenbau-DekoEvents-Place-Napol\u00e9on-FRA-e1589205121226.jpg&#8221; custom_padding=&#8221;250px|||||&#8221; box_shadow_style=&#8221;preset1&#8243;][\/et_pb_image][et_pb_text _builder_version=&#8221;4.6.1&#8243; custom_margin=&#8221;||0px||false|false&#8221;]<\/p>\n<h3>HS2<\/h3>\n<p>[\/et_pb_text][et_pb_text _builder_version=&#8221;4.6.1&#8243; custom_margin=&#8221;||||false|false&#8221;]<\/p>\n<p style=\"font-weight: 400; color:#666666;\">Unser vielseitiges Schattierungssystem HS2 ist in einer Vielzahl von Objekten im Einsatz:<\/p>\n<ul style=\"font-weight: 400;\">\n<li>Sonnenschutz bei hochwertigen Au\u00dfenanwendungen wie Hotels, Restaurants und Caf\u00e9s<\/li>\n<li>Schattierung in Glaskuppeln<\/li>\n<li>Nach dem Bau nahezu unzug\u00e4nglicher Schirmanlagen in gro\u00dfen Atrien von Schulen oder B\u00fcrogeb\u00e4uden<\/li>\n<li>Effektiver Wetterschutz<\/li>\n<\/ul>\n<p>[\/et_pb_text][\/et_pb_column][et_pb_column type=&#8221;1_3&#8243; _builder_version=&#8221;4.2.2&#8243;][\/et_pb_column][et_pb_column type=&#8221;1_3&#8243; _builder_version=&#8221;4.2.2&#8243;][\/et_pb_column][\/et_pb_row][\/et_pb_section]<\/p>\n","protected":false},"excerpt":{"rendered":"<p>L\u00f6sungen f\u00fcr die Architektur F\u00fcr den Gewerbe- und Fassadenbau bietet Novavert zahlreiche und ausgezeichnete L\u00f6sungen, die sowohl einen \u00e4sthetischen als auch funktionalen und wirtschaftlichen Zweck erf\u00fcllen. Die H\u00fclle ist wie die Visitkarte des Geb\u00e4udes, dient aber lediglich auch als Schutz vor W\u00e4rme und L\u00e4rm und als Regulierung der L\u00fcftung und Lichtdurchl\u00e4ssigkeit. Unz\u00e4hlige Projekte f\u00fcr die [&hellip;]<\/p>\n","protected":false},"author":3,"featured_media":0,"parent":0,"menu_order":0,"comment_status":"closed","ping_status":"closed","template":"","meta":{"_et_pb_use_builder":"on","_et_pb_old_content":"","_et_gb_content_width":"","footnotes":""},"class_list":["post-6480","page","type-page","status-publish","hentry"],"yoast_head":"<!-- This site is optimized with the Yoast SEO plugin v27.5 - https:\/\/yoast.com\/product\/yoast-seo-wordpress\/ -->\n<title>Architektur | Novavert<\/title>\n<meta name=\"description\" content=\"F\u00fcr die Architektur bieten wir zahlreiche L\u00f6sungen als Schutz gegen W\u00e4rme, L\u00e4rme und als Regulierung der L\u00fcftung in dem Bereich Fassadenbau.\" \/>\n<meta name=\"robots\" content=\"index, follow, max-snippet:-1, max-image-preview:large, max-video-preview:-1\" \/>\n<link rel=\"canonical\" href=\"https:\/\/www.novavert.com\/de\/architektur\/\" \/>\n<meta property=\"og:locale\" content=\"de_DE\" \/>\n<meta property=\"og:type\" content=\"article\" \/>\n<meta property=\"og:title\" content=\"Architektur | Novavert\" \/>\n<meta property=\"og:description\" content=\"F\u00fcr die Architektur bieten wir zahlreiche L\u00f6sungen als Schutz gegen W\u00e4rme, L\u00e4rme und als Regulierung der L\u00fcftung in dem Bereich Fassadenbau.\" \/>\n<meta property=\"og:url\" content=\"https:\/\/www.novavert.com\/de\/architektur\/\" \/>\n<meta property=\"og:site_name\" content=\"Novavert\" \/>\n<meta property=\"article:modified_time\" content=\"2021-08-17T12:22:13+00:00\" \/>\n<meta name=\"twitter:card\" content=\"summary_large_image\" \/>\n<meta name=\"twitter:label1\" content=\"Gesch\u00e4tzte Lesezeit\" \/>\n\t<meta name=\"twitter:data1\" content=\"5\u00a0Minuten\" \/>\n<script type=\"application\/ld+json\" class=\"yoast-schema-graph\">{\"@context\":\"https:\\\/\\\/schema.org\",\"@graph\":[{\"@type\":\"WebPage\",\"@id\":\"https:\\\/\\\/www.novavert.com\\\/de\\\/architektur\\\/\",\"url\":\"https:\\\/\\\/www.novavert.com\\\/de\\\/architektur\\\/\",\"name\":\"Architektur | Novavert\",\"isPartOf\":{\"@id\":\"\\\/#website\"},\"datePublished\":\"2020-03-09T07:38:45+00:00\",\"dateModified\":\"2021-08-17T12:22:13+00:00\",\"description\":\"F\u00fcr die Architektur bieten wir zahlreiche L\u00f6sungen als Schutz gegen W\u00e4rme, L\u00e4rme und als Regulierung der L\u00fcftung in dem Bereich Fassadenbau.\",\"breadcrumb\":{\"@id\":\"https:\\\/\\\/www.novavert.com\\\/de\\\/architektur\\\/#breadcrumb\"},\"inLanguage\":\"de\",\"potentialAction\":[{\"@type\":\"ReadAction\",\"target\":[\"https:\\\/\\\/www.novavert.com\\\/de\\\/architektur\\\/\"]}]},{\"@type\":\"BreadcrumbList\",\"@id\":\"https:\\\/\\\/www.novavert.com\\\/de\\\/architektur\\\/#breadcrumb\",\"itemListElement\":[{\"@type\":\"ListItem\",\"position\":1,\"name\":\"Startseite\",\"item\":\"https:\\\/\\\/www.novavert.com\\\/de\\\/\"},{\"@type\":\"ListItem\",\"position\":2,\"name\":\"Architektur\"}]},{\"@type\":\"WebSite\",\"@id\":\"\\\/#website\",\"url\":\"\\\/\",\"name\":\"Novavert\",\"description\":\"IHR PARTNER F\u00dcR HOCHWERTIGE PRODUKTE AUS DEN BEREICHEN SCHATTIERUNGEN UND WETTERSCHUTZ\",\"publisher\":{\"@id\":\"\\\/#organization\"},\"potentialAction\":[{\"@type\":\"SearchAction\",\"target\":{\"@type\":\"EntryPoint\",\"urlTemplate\":\"\\\/?s={search_term_string}\"},\"query-input\":{\"@type\":\"PropertyValueSpecification\",\"valueRequired\":true,\"valueName\":\"search_term_string\"}}],\"inLanguage\":\"de\"},{\"@type\":\"Organization\",\"@id\":\"\\\/#organization\",\"name\":\"Novavert\",\"url\":\"\\\/\",\"logo\":{\"@type\":\"ImageObject\",\"inLanguage\":\"de\",\"@id\":\"\\\/#\\\/schema\\\/logo\\\/image\\\/\",\"url\":\"https:\\\/\\\/www.novavert.com\\\/wp-content\\\/uploads\\\/2020\\\/03\\\/novavert_Logo_Men\u00fc-3.png\",\"contentUrl\":\"https:\\\/\\\/www.novavert.com\\\/wp-content\\\/uploads\\\/2020\\\/03\\\/novavert_Logo_Men\u00fc-3.png\",\"width\":407,\"height\":180,\"caption\":\"Novavert\"},\"image\":{\"@id\":\"\\\/#\\\/schema\\\/logo\\\/image\\\/\"}}]}<\/script>\n<!-- \/ Yoast SEO plugin. -->","yoast_head_json":{"title":"Architektur | Novavert","description":"F\u00fcr die Architektur bieten wir zahlreiche L\u00f6sungen als Schutz gegen W\u00e4rme, L\u00e4rme und als Regulierung der L\u00fcftung in dem Bereich Fassadenbau.","robots":{"index":"index","follow":"follow","max-snippet":"max-snippet:-1","max-image-preview":"max-image-preview:large","max-video-preview":"max-video-preview:-1"},"canonical":"https:\/\/www.novavert.com\/de\/architektur\/","og_locale":"de_DE","og_type":"article","og_title":"Architektur | Novavert","og_description":"F\u00fcr die Architektur bieten wir zahlreiche L\u00f6sungen als Schutz gegen W\u00e4rme, L\u00e4rme und als Regulierung der L\u00fcftung in dem Bereich Fassadenbau.","og_url":"https:\/\/www.novavert.com\/de\/architektur\/","og_site_name":"Novavert","article_modified_time":"2021-08-17T12:22:13+00:00","twitter_card":"summary_large_image","twitter_misc":{"Gesch\u00e4tzte Lesezeit":"5\u00a0Minuten"},"schema":{"@context":"https:\/\/schema.org","@graph":[{"@type":"WebPage","@id":"https:\/\/www.novavert.com\/de\/architektur\/","url":"https:\/\/www.novavert.com\/de\/architektur\/","name":"Architektur | Novavert","isPartOf":{"@id":"\/#website"},"datePublished":"2020-03-09T07:38:45+00:00","dateModified":"2021-08-17T12:22:13+00:00","description":"F\u00fcr die Architektur bieten wir zahlreiche L\u00f6sungen als Schutz gegen W\u00e4rme, L\u00e4rme und als Regulierung der L\u00fcftung in dem Bereich Fassadenbau.","breadcrumb":{"@id":"https:\/\/www.novavert.com\/de\/architektur\/#breadcrumb"},"inLanguage":"de","potentialAction":[{"@type":"ReadAction","target":["https:\/\/www.novavert.com\/de\/architektur\/"]}]},{"@type":"BreadcrumbList","@id":"https:\/\/www.novavert.com\/de\/architektur\/#breadcrumb","itemListElement":[{"@type":"ListItem","position":1,"name":"Startseite","item":"https:\/\/www.novavert.com\/de\/"},{"@type":"ListItem","position":2,"name":"Architektur"}]},{"@type":"WebSite","@id":"\/#website","url":"\/","name":"Novavert","description":"IHR PARTNER F\u00dcR HOCHWERTIGE PRODUKTE AUS DEN BEREICHEN SCHATTIERUNGEN UND WETTERSCHUTZ","publisher":{"@id":"\/#organization"},"potentialAction":[{"@type":"SearchAction","target":{"@type":"EntryPoint","urlTemplate":"\/?s={search_term_string}"},"query-input":{"@type":"PropertyValueSpecification","valueRequired":true,"valueName":"search_term_string"}}],"inLanguage":"de"},{"@type":"Organization","@id":"\/#organization","name":"Novavert","url":"\/","logo":{"@type":"ImageObject","inLanguage":"de","@id":"\/#\/schema\/logo\/image\/","url":"https:\/\/www.novavert.com\/wp-content\/uploads\/2020\/03\/novavert_Logo_Men\u00fc-3.png","contentUrl":"https:\/\/www.novavert.com\/wp-content\/uploads\/2020\/03\/novavert_Logo_Men\u00fc-3.png","width":407,"height":180,"caption":"Novavert"},"image":{"@id":"\/#\/schema\/logo\/image\/"}}]}},"_links":{"self":[{"href":"https:\/\/www.novavert.com\/de\/wp-json\/wp\/v2\/pages\/6480","targetHints":{"allow":["GET"]}}],"collection":[{"href":"https:\/\/www.novavert.com\/de\/wp-json\/wp\/v2\/pages"}],"about":[{"href":"https:\/\/www.novavert.com\/de\/wp-json\/wp\/v2\/types\/page"}],"author":[{"embeddable":true,"href":"https:\/\/www.novavert.com\/de\/wp-json\/wp\/v2\/users\/3"}],"replies":[{"embeddable":true,"href":"https:\/\/www.novavert.com\/de\/wp-json\/wp\/v2\/comments?post=6480"}],"version-history":[{"count":56,"href":"https:\/\/www.novavert.com\/de\/wp-json\/wp\/v2\/pages\/6480\/revisions"}],"predecessor-version":[{"id":15262,"href":"https:\/\/www.novavert.com\/de\/wp-json\/wp\/v2\/pages\/6480\/revisions\/15262"}],"wp:attachment":[{"href":"https:\/\/www.novavert.com\/de\/wp-json\/wp\/v2\/media?parent=6480"}],"curies":[{"name":"wp","href":"https:\/\/api.w.org\/{rel}","templated":true}]}}