{"id":6479,"date":"2020-03-09T07:38:45","date_gmt":"2020-03-09T07:38:45","guid":{"rendered":"https:\/\/novavert.com\/?page_id=6479"},"modified":"2021-06-22T10:53:54","modified_gmt":"2021-06-22T08:53:54","slug":"industrie","status":"publish","type":"page","link":"https:\/\/www.novavert.com\/de\/industrie\/","title":{"rendered":"Industrie"},"content":{"rendered":"<p>[et_pb_section fb_built=&#8221;1&#8243; _builder_version=&#8221;4.2.2&#8243; min_height=&#8221;348px&#8221; custom_margin=&#8221;0px||||false|false&#8221; custom_padding=&#8221;0px||0px||false|false&#8221; locked=&#8221;off&#8221;][et_pb_row _builder_version=&#8221;4.2.2&#8243; custom_margin=&#8221;0px||||false|false&#8221; custom_padding=&#8221;0px|0px||0px|false|true&#8221;][et_pb_column type=&#8221;4_4&#8243; _builder_version=&#8221;4.0.4&#8243;][et_pb_slider _builder_version=&#8221;4.2.2&#8243; min_height=&#8221;368px&#8221; custom_margin=&#8221;||||false|false&#8221; custom_padding=&#8221;||||false|false&#8221; auto=&#8221;on&#8221; locked=&#8221;off&#8221;][et_pb_slide heading=&#8221;Industrie&#8221; _builder_version=&#8221;4.2.2&#8243; background_image=&#8221;https:\/\/www.novavert.com\/wp-content\/uploads\/2020\/05\/3623-640-APS-connect-Aluprofil_2-e1588863239645.jpg&#8221; background_enable_image=&#8221;on&#8221; locked=&#8221;off&#8221; sticky_transition=&#8221;on&#8221;][\/et_pb_slide][et_pb_slide _builder_version=&#8221;4.2.2&#8243; background_enable_color=&#8221;off&#8221; background_image=&#8221;https:\/\/www.novavert.com\/wp-content\/uploads\/2020\/05\/Kat.-Tech.-Konfektion-Metallverarbeitung-zoom_2-e1590567954214.jpg&#8221; background_enable_image=&#8221;on&#8221; locked=&#8221;off&#8221; sticky_transition=&#8221;on&#8221;][\/et_pb_slide][\/et_pb_slider][et_pb_text _builder_version=&#8221;4.2.2&#8243; min_height=&#8221;98px&#8221;]<\/p>\n<h1>L\u00f6sungen &amp; Service f\u00fcr die Industrie<\/h1>\n<p>Mit Hilfe unseres umfangreichen Maschinenparks k\u00f6nnen wir f\u00fcr Sie verschiedenartige Dienstleistungen durchf\u00fchren, wie z.B. das <strong>Umrollen<\/strong> und <strong>Schneiden<\/strong> von bahnf\u00f6rmigen Materialien in fast jeder Rollenbreite und -gr\u00f6\u00dfe, <strong>3D-Druck-Service<\/strong> und <strong>Lasermarkierungen<\/strong> entsprechend Ihren Anforderungen.<\/p>\n<p>Dar\u00fcber hinaus verf\u00fcgen wir meist lagerm\u00e4\u00dfig \u00fcber<strong> Zeichnungsprofile<\/strong> von 175mm <strong>Wickelwellen<\/strong>, <strong>Klingenhaltern<\/strong> in Sonderl\u00e4ngen und <strong>Konstruktionsprofile<\/strong> f\u00fcr den allgemeinen Maschinenbau.<\/p>\n<p>[\/et_pb_text][et_pb_divider color=&#8221;#eaeaea&#8221; _builder_version=&#8221;4.2.2&#8243;][\/et_pb_divider][et_pb_text _builder_version=&#8221;4.2.2&#8243; custom_margin=&#8221;-33px|||||&#8221;]<\/p>\n<h1>Kategorien<\/h1>\n<p>[\/et_pb_text][\/et_pb_column][\/et_pb_row][et_pb_row column_structure=&#8221;1_2,1_2&#8243; disabled_on=&#8221;off|off|off&#8221; _builder_version=&#8221;4.6.1&#8243; custom_margin=&#8221;-35px|auto||auto||&#8221; custom_padding=&#8221;50px||13px|||&#8221;][et_pb_column type=&#8221;1_2&#8243; _builder_version=&#8221;4.2.2&#8243;][et_pb_image src=&#8221;https:\/\/www.novavert.com\/wp-content\/uploads\/2021\/06\/iStock-534423775-3D-Druck-scaled-e1624266885867.jpg&#8221; title_text=&#8221;3D printout&#8221; _builder_version=&#8221;4.6.1&#8243; box_shadow_style=&#8221;preset1&#8243;][\/et_pb_image][et_pb_text _builder_version=&#8221;4.6.1&#8243;]<\/p>\n<h3>3D DESIGN &amp; DRUCK<\/h3>\n<p>[\/et_pb_text][\/et_pb_column][et_pb_column type=&#8221;1_2&#8243; _builder_version=&#8221;4.2.2&#8243;][et_pb_text _builder_version=&#8221;4.6.1&#8243;]<\/p>\n<p>Sie ben\u00f6tigen dringend ein Ersatzteil gefertigt oder haben eine Idee, die Sie schnell als Prototyp zum Leben erwecken wollen? Wir haben die Mittel in Form von <strong>3D-Designsoftware<\/strong> und mehr als einem Dutzend <strong>3D-Druckern<\/strong>, Ihnen kurzfristig Anschub zu geben.\u00a0Auf bis zu 400x400x400mm Bauraum oder teilweise im <strong>Endlosdruck<\/strong> werden Ihre W\u00fcnsche wahr.<\/p>\n<p>Ob St\u00fcckzahl 1 oder eine Kleinserie von mehreren Hundert Teilen, wir analysieren mit Ihnen die Anforderungen und beraten Sie hinsichtlich Formgebung und Materialauswahl. Zur Verf\u00fcgung stehen bspw. schnell <strong>abbaubares PLA<\/strong>, <strong>flexibles TPU<\/strong> oder <strong>stabiles ASA\/PETG\/ PMMA oder PP<\/strong>.<\/p>\n<p>Da es sich bei den meisten <strong>3D-Drucken<\/strong> um Funktionsteile handelt und es dort besonders auf die Qualit\u00e4t des Filaments ankommt, greifen wir hier auf Qualit\u00e4tsprodukte namhafter <strong>Hersteller aus Deutschland<\/strong> zur\u00fcck.<\/p>\n<p>In unserem eigenen Labor unterziehen wir die Endprodukte auch Langzeituntersuchungen in einem <strong>Schnellbewitterungsger\u00e4t<\/strong>. Ein Aufbringen von Seriencodes oder anderen Kennzeichnungen ist mit unseren verschiedenen <strong>Lasermarkierern<\/strong> machbar.<\/p>\n<p>[\/et_pb_text][\/et_pb_column][\/et_pb_row][et_pb_row column_structure=&#8221;1_3,1_3,1_3&#8243; disabled_on=&#8221;off|off|off&#8221; _builder_version=&#8221;4.2.2&#8243; min_height=&#8221;316px&#8221; custom_padding=&#8221;22px|||||&#8221;][et_pb_column type=&#8221;1_3&#8243; _builder_version=&#8221;4.2.2&#8243;][et_pb_image src=&#8221;https:\/\/www.novavert.com\/wp-content\/uploads\/2020\/10\/3275-Profilwelle-O175mm-e1601026086609.jpg&#8221; title_text=&#8221;3275-Profilwelle-O175mm-e1601026086609&#8243; _builder_version=&#8221;4.6.1&#8243; box_shadow_style=&#8221;preset1&#8243;][\/et_pb_image][et_pb_text _builder_version=&#8221;4.2.2&#8243;]<\/p>\n<h3>Wellenprofile<\/h3>\n<p>[\/et_pb_text][\/et_pb_column][et_pb_column type=&#8221;1_3&#8243; _builder_version=&#8221;4.2.2&#8243;][et_pb_image src=&#8221;https:\/\/www.novavert.com\/wp-content\/uploads\/2020\/10\/Kat.-Tech.-Konfektion-Metallverarbeitung-zoom-e1590568175789-2.jpg&#8221; title_text=&#8221;Kat.-Tech.-Konfektion-Metallverarbeitung-zoom-e1590568175789 (2)&#8221; _builder_version=&#8221;4.6.1&#8243; min_height=&#8221;225px&#8221; box_shadow_style=&#8221;preset1&#8243;][\/et_pb_image][et_pb_text _builder_version=&#8221;4.2.2&#8243;]<\/p>\n<h3>Schneidsysteme<\/h3>\n<p>[\/et_pb_text][\/et_pb_column][et_pb_column type=&#8221;1_3&#8243; _builder_version=&#8221;4.2.2&#8243;][et_pb_image src=&#8221;https:\/\/www.novavert.com\/wp-content\/uploads\/2020\/10\/3650-Sigma-Profil-40&#215;40-1.jpg&#8221; title_text=&#8221;3650-Sigma-Profil-40&#215;40-1&#8243; _builder_version=&#8221;4.6.1&#8243; box_shadow_style=&#8221;preset1&#8243;][\/et_pb_image][et_pb_text _builder_version=&#8221;4.2.2&#8243;]<\/p>\n<h3>Konstruktionsprofile<\/h3>\n<p>[\/et_pb_text][\/et_pb_column][\/et_pb_row][\/et_pb_section][et_pb_section fb_built=&#8221;1&#8243; _builder_version=&#8221;4.6.1&#8243; _module_preset=&#8221;default&#8221;][et_pb_row _builder_version=&#8221;4.6.1&#8243; _module_preset=&#8221;default&#8221;][et_pb_column type=&#8221;4_4&#8243; _builder_version=&#8221;4.6.1&#8243; _module_preset=&#8221;default&#8221;][\/et_pb_column][\/et_pb_row][\/et_pb_section]<\/p>\n","protected":false},"excerpt":{"rendered":"<p>L\u00f6sungen &amp; Service f\u00fcr die Industrie Mit Hilfe unseres umfangreichen Maschinenparks k\u00f6nnen wir f\u00fcr Sie verschiedenartige Dienstleistungen durchf\u00fchren, wie z.B. das Umrollen und Schneiden von bahnf\u00f6rmigen Materialien in fast jeder Rollenbreite und -gr\u00f6\u00dfe, 3D-Druck-Service und Lasermarkierungen entsprechend Ihren Anforderungen. Dar\u00fcber hinaus verf\u00fcgen wir meist lagerm\u00e4\u00dfig \u00fcber Zeichnungsprofile von 175mm Wickelwellen, Klingenhaltern in Sonderl\u00e4ngen und Konstruktionsprofile [&hellip;]<\/p>\n","protected":false},"author":3,"featured_media":0,"parent":0,"menu_order":0,"comment_status":"closed","ping_status":"closed","template":"","meta":{"_et_pb_use_builder":"on","_et_pb_old_content":"","_et_gb_content_width":"","footnotes":""},"class_list":["post-6479","page","type-page","status-publish","hentry"],"yoast_head":"<!-- This site is optimized with the Yoast SEO plugin v27.5 - https:\/\/yoast.com\/product\/yoast-seo-wordpress\/ -->\n<title>Industrie | Novavert<\/title>\n<meta name=\"robots\" content=\"index, follow, max-snippet:-1, max-image-preview:large, max-video-preview:-1\" \/>\n<link rel=\"canonical\" href=\"https:\/\/www.novavert.com\/de\/industrie\/\" \/>\n<meta property=\"og:locale\" content=\"de_DE\" \/>\n<meta property=\"og:type\" content=\"article\" \/>\n<meta property=\"og:title\" content=\"Industrie | Novavert\" \/>\n<meta property=\"og:description\" content=\"L\u00f6sungen &amp; Service f\u00fcr die Industrie Mit Hilfe unseres umfangreichen Maschinenparks k\u00f6nnen wir f\u00fcr Sie verschiedenartige Dienstleistungen durchf\u00fchren, wie z.B. das Umrollen und Schneiden von bahnf\u00f6rmigen Materialien in fast jeder Rollenbreite und -gr\u00f6\u00dfe, 3D-Druck-Service und Lasermarkierungen entsprechend Ihren Anforderungen. Dar\u00fcber hinaus verf\u00fcgen wir meist lagerm\u00e4\u00dfig \u00fcber Zeichnungsprofile von 175mm Wickelwellen, Klingenhaltern in Sonderl\u00e4ngen und Konstruktionsprofile [&hellip;]\" \/>\n<meta property=\"og:url\" content=\"https:\/\/www.novavert.com\/de\/industrie\/\" \/>\n<meta property=\"og:site_name\" content=\"Novavert\" \/>\n<meta property=\"article:modified_time\" content=\"2021-06-22T08:53:54+00:00\" \/>\n<meta name=\"twitter:card\" content=\"summary_large_image\" \/>\n<meta name=\"twitter:label1\" content=\"Gesch\u00e4tzte Lesezeit\" \/>\n\t<meta name=\"twitter:data1\" content=\"3\u00a0Minuten\" \/>\n<script type=\"application\/ld+json\" class=\"yoast-schema-graph\">{\"@context\":\"https:\\\/\\\/schema.org\",\"@graph\":[{\"@type\":\"WebPage\",\"@id\":\"https:\\\/\\\/www.novavert.com\\\/de\\\/industrie\\\/\",\"url\":\"https:\\\/\\\/www.novavert.com\\\/de\\\/industrie\\\/\",\"name\":\"Industrie | Novavert\",\"isPartOf\":{\"@id\":\"\\\/#website\"},\"datePublished\":\"2020-03-09T07:38:45+00:00\",\"dateModified\":\"2021-06-22T08:53:54+00:00\",\"breadcrumb\":{\"@id\":\"https:\\\/\\\/www.novavert.com\\\/de\\\/industrie\\\/#breadcrumb\"},\"inLanguage\":\"de\",\"potentialAction\":[{\"@type\":\"ReadAction\",\"target\":[\"https:\\\/\\\/www.novavert.com\\\/de\\\/industrie\\\/\"]}]},{\"@type\":\"BreadcrumbList\",\"@id\":\"https:\\\/\\\/www.novavert.com\\\/de\\\/industrie\\\/#breadcrumb\",\"itemListElement\":[{\"@type\":\"ListItem\",\"position\":1,\"name\":\"Startseite\",\"item\":\"https:\\\/\\\/www.novavert.com\\\/de\\\/\"},{\"@type\":\"ListItem\",\"position\":2,\"name\":\"Industrie\"}]},{\"@type\":\"WebSite\",\"@id\":\"\\\/#website\",\"url\":\"\\\/\",\"name\":\"Novavert\",\"description\":\"IHR PARTNER F\u00dcR HOCHWERTIGE PRODUKTE AUS DEN BEREICHEN SCHATTIERUNGEN UND WETTERSCHUTZ\",\"publisher\":{\"@id\":\"\\\/#organization\"},\"potentialAction\":[{\"@type\":\"SearchAction\",\"target\":{\"@type\":\"EntryPoint\",\"urlTemplate\":\"\\\/?s={search_term_string}\"},\"query-input\":{\"@type\":\"PropertyValueSpecification\",\"valueRequired\":true,\"valueName\":\"search_term_string\"}}],\"inLanguage\":\"de\"},{\"@type\":\"Organization\",\"@id\":\"\\\/#organization\",\"name\":\"Novavert\",\"url\":\"\\\/\",\"logo\":{\"@type\":\"ImageObject\",\"inLanguage\":\"de\",\"@id\":\"\\\/#\\\/schema\\\/logo\\\/image\\\/\",\"url\":\"https:\\\/\\\/www.novavert.com\\\/wp-content\\\/uploads\\\/2020\\\/03\\\/novavert_Logo_Men\u00fc-3.png\",\"contentUrl\":\"https:\\\/\\\/www.novavert.com\\\/wp-content\\\/uploads\\\/2020\\\/03\\\/novavert_Logo_Men\u00fc-3.png\",\"width\":407,\"height\":180,\"caption\":\"Novavert\"},\"image\":{\"@id\":\"\\\/#\\\/schema\\\/logo\\\/image\\\/\"}}]}<\/script>\n<!-- \/ Yoast SEO plugin. -->","yoast_head_json":{"title":"Industrie | Novavert","robots":{"index":"index","follow":"follow","max-snippet":"max-snippet:-1","max-image-preview":"max-image-preview:large","max-video-preview":"max-video-preview:-1"},"canonical":"https:\/\/www.novavert.com\/de\/industrie\/","og_locale":"de_DE","og_type":"article","og_title":"Industrie | Novavert","og_description":"L\u00f6sungen &amp; Service f\u00fcr die Industrie Mit Hilfe unseres umfangreichen Maschinenparks k\u00f6nnen wir f\u00fcr Sie verschiedenartige Dienstleistungen durchf\u00fchren, wie z.B. das Umrollen und Schneiden von bahnf\u00f6rmigen Materialien in fast jeder Rollenbreite und -gr\u00f6\u00dfe, 3D-Druck-Service und Lasermarkierungen entsprechend Ihren Anforderungen. Dar\u00fcber hinaus verf\u00fcgen wir meist lagerm\u00e4\u00dfig \u00fcber Zeichnungsprofile von 175mm Wickelwellen, Klingenhaltern in Sonderl\u00e4ngen und Konstruktionsprofile [&hellip;]","og_url":"https:\/\/www.novavert.com\/de\/industrie\/","og_site_name":"Novavert","article_modified_time":"2021-06-22T08:53:54+00:00","twitter_card":"summary_large_image","twitter_misc":{"Gesch\u00e4tzte Lesezeit":"3\u00a0Minuten"},"schema":{"@context":"https:\/\/schema.org","@graph":[{"@type":"WebPage","@id":"https:\/\/www.novavert.com\/de\/industrie\/","url":"https:\/\/www.novavert.com\/de\/industrie\/","name":"Industrie | Novavert","isPartOf":{"@id":"\/#website"},"datePublished":"2020-03-09T07:38:45+00:00","dateModified":"2021-06-22T08:53:54+00:00","breadcrumb":{"@id":"https:\/\/www.novavert.com\/de\/industrie\/#breadcrumb"},"inLanguage":"de","potentialAction":[{"@type":"ReadAction","target":["https:\/\/www.novavert.com\/de\/industrie\/"]}]},{"@type":"BreadcrumbList","@id":"https:\/\/www.novavert.com\/de\/industrie\/#breadcrumb","itemListElement":[{"@type":"ListItem","position":1,"name":"Startseite","item":"https:\/\/www.novavert.com\/de\/"},{"@type":"ListItem","position":2,"name":"Industrie"}]},{"@type":"WebSite","@id":"\/#website","url":"\/","name":"Novavert","description":"IHR PARTNER F\u00dcR HOCHWERTIGE PRODUKTE AUS DEN BEREICHEN SCHATTIERUNGEN UND WETTERSCHUTZ","publisher":{"@id":"\/#organization"},"potentialAction":[{"@type":"SearchAction","target":{"@type":"EntryPoint","urlTemplate":"\/?s={search_term_string}"},"query-input":{"@type":"PropertyValueSpecification","valueRequired":true,"valueName":"search_term_string"}}],"inLanguage":"de"},{"@type":"Organization","@id":"\/#organization","name":"Novavert","url":"\/","logo":{"@type":"ImageObject","inLanguage":"de","@id":"\/#\/schema\/logo\/image\/","url":"https:\/\/www.novavert.com\/wp-content\/uploads\/2020\/03\/novavert_Logo_Men\u00fc-3.png","contentUrl":"https:\/\/www.novavert.com\/wp-content\/uploads\/2020\/03\/novavert_Logo_Men\u00fc-3.png","width":407,"height":180,"caption":"Novavert"},"image":{"@id":"\/#\/schema\/logo\/image\/"}}]}},"_links":{"self":[{"href":"https:\/\/www.novavert.com\/de\/wp-json\/wp\/v2\/pages\/6479","targetHints":{"allow":["GET"]}}],"collection":[{"href":"https:\/\/www.novavert.com\/de\/wp-json\/wp\/v2\/pages"}],"about":[{"href":"https:\/\/www.novavert.com\/de\/wp-json\/wp\/v2\/types\/page"}],"author":[{"embeddable":true,"href":"https:\/\/www.novavert.com\/de\/wp-json\/wp\/v2\/users\/3"}],"replies":[{"embeddable":true,"href":"https:\/\/www.novavert.com\/de\/wp-json\/wp\/v2\/comments?post=6479"}],"version-history":[{"count":33,"href":"https:\/\/www.novavert.com\/de\/wp-json\/wp\/v2\/pages\/6479\/revisions"}],"predecessor-version":[{"id":15109,"href":"https:\/\/www.novavert.com\/de\/wp-json\/wp\/v2\/pages\/6479\/revisions\/15109"}],"wp:attachment":[{"href":"https:\/\/www.novavert.com\/de\/wp-json\/wp\/v2\/media?parent=6479"}],"curies":[{"name":"wp","href":"https:\/\/api.w.org\/{rel}","templated":true}]}}