{"id":5905,"date":"2020-03-04T16:57:11","date_gmt":"2020-03-04T16:57:11","guid":{"rendered":"https:\/\/novavert.com\/?page_id=5905"},"modified":"2020-10-06T07:05:12","modified_gmt":"2020-10-06T07:05:12","slug":"leistungen","status":"publish","type":"page","link":"https:\/\/www.novavert.com\/de\/leistungen\/","title":{"rendered":"Leistungen"},"content":{"rendered":"<p>[et_pb_section fb_built=&#8221;1&#8243; _builder_version=&#8221;4.2.2&#8243; custom_margin=&#8221;0px||||false|false&#8221; custom_padding=&#8221;0px||||false|false&#8221; locked=&#8221;off&#8221;][et_pb_row _builder_version=&#8221;4.2.2&#8243; custom_margin=&#8221;||||false|false&#8221; custom_padding=&#8221;0px||0px||false|false&#8221;][et_pb_column type=&#8221;4_4&#8243; _builder_version=&#8221;4.2.2&#8243;][et_pb_slider _builder_version=&#8221;4.2.2&#8243; min_height=&#8221;368px&#8221; custom_margin=&#8221;0px||||false|false&#8221; custom_padding=&#8221;||||false|false&#8221; text_shadow_style=&#8221;preset3&#8243;][et_pb_slide heading=&#8221;Leistungen&#8221; _builder_version=&#8221;4.2.2&#8243; background_image=&#8221;https:\/\/www.novavert.com\/wp-content\/uploads\/2020\/04\/Novavert_01_2015_LR_624-e1589365618396.jpg&#8221; background_enable_image=&#8221;on&#8221; sticky_transition=&#8221;on&#8221;][\/et_pb_slide][et_pb_slide _builder_version=&#8221;4.2.2&#8243; background_image=&#8221;https:\/\/www.novavert.com\/wp-content\/uploads\/2020\/04\/Novavert_01_2015_LR_616-e1589365505837.jpg&#8221; background_enable_image=&#8221;on&#8221; sticky_transition=&#8221;on&#8221;][\/et_pb_slide][et_pb_slide _builder_version=&#8221;4.2.2&#8243; background_enable_color=&#8221;off&#8221; background_image=&#8221;https:\/\/www.novavert.com\/wp-content\/uploads\/2020\/05\/Novavert-Test-Lab-6-scaled-e1589369695190.jpg&#8221; background_enable_image=&#8221;on&#8221; sticky_transition=&#8221;on&#8221;][\/et_pb_slide][\/et_pb_slider][et_pb_divider color=&#8221;#eaeaea&#8221; _builder_version=&#8221;4.2.2&#8243;][\/et_pb_divider][\/et_pb_column][\/et_pb_row][et_pb_row column_structure=&#8221;1_2,1_2&#8243; _builder_version=&#8221;4.2.2&#8243; custom_padding=&#8221;8px|||||&#8221;][et_pb_column type=&#8221;1_2&#8243; _builder_version=&#8221;4.2.2&#8243;][et_pb_text _builder_version=&#8221;4.2.2&#8243;]<\/p>\n<p><b>HAUSINTERNE ENTWICKLUNG UND QS<\/b><\/p>\n<p>Neben der Entwicklung von Schattiersystemen und den daf\u00fcr ben\u00f6tigten Materialien findet auch ein Gro\u00dfteil der Erprobung und Qualit\u00e4tssicherung im Hause statt. Somit erh\u00e4lt die Produktion in k\u00fcrzester Zeit Feedback aus dem eigenem Labor, das u.a. \u00fcber moderne Schnellbewitterungsger\u00e4te, Spektroskopie und Zugpr\u00fcfger\u00e4te verf\u00fcgt.<\/p>\n<p>[\/et_pb_text][\/et_pb_column][et_pb_column type=&#8221;1_2&#8243; _builder_version=&#8221;4.2.2&#8243;][et_pb_image src=&#8221;https:\/\/www.novavert.com\/wp-content\/uploads\/2020\/04\/Novavert-Test-Labor_ret.-e1587125920677.jpg&#8221; _builder_version=&#8221;4.2.2&#8243; box_shadow_style=&#8221;preset1&#8243;][\/et_pb_image][\/et_pb_column][\/et_pb_row][et_pb_row column_structure=&#8221;1_2,1_2&#8243; _builder_version=&#8221;4.2.2&#8243; custom_padding=&#8221;8px|||||&#8221;][et_pb_column type=&#8221;1_2&#8243; _builder_version=&#8221;4.2.2&#8243;][et_pb_image src=&#8221;https:\/\/www.novavert.com\/wp-content\/uploads\/2020\/03\/Kat.-Tech.-Konfektion-4-HS-885-B3-Rolle-1-scaled-e1586338478509.jpg&#8221; _builder_version=&#8221;4.2.2&#8243; box_shadow_style=&#8221;preset1&#8243;][\/et_pb_image][\/et_pb_column][et_pb_column type=&#8221;1_2&#8243; _builder_version=&#8221;4.2.2&#8243;][et_pb_text _builder_version=&#8221;4.2.2&#8243;]<\/p>\n<p><b>KONFEKTION<\/b><\/p>\n<p>In der hauseigenen Konfektionsabteilung wirbeln viele flinke H\u00e4nde, um alle g\u00e4ngigen Schirmmaterialien auf Ihre W\u00fcnsche hin zu konfektionieren. Zumeist haben wir diese auf Lager, so dass der Versand h\u00e4ufig am selben Tag erfolgt.<\/p>\n<p>Zwei Konfektionsautomaten und ein umfangreicher Park an N\u00e4h- und Kettelmaschinen sowie eine automatische N\u00e4hstra\u00dfe mit \u00dcberbreite und Doppelkopfbetrieb erm\u00f6glichen es uns, auch gr\u00f6\u00dfere Auftr\u00e4ge schnell und rationell zu fertigen.<\/p>\n<p>Mehrere Schneid- und Wickelanlagen, ausgestattet mit unterschiedlichen Schneidtechnologien, verarbeiten kurze Rollen ebenso wie Mutterrollen von 1500kg und Sonderbreiten, ggfs. auch im Lohnauftrag.<\/p>\n<p>[\/et_pb_text][\/et_pb_column][\/et_pb_row][et_pb_row column_structure=&#8221;1_2,1_2&#8243; _builder_version=&#8221;4.2.2&#8243; custom_padding=&#8221;8px|||||&#8221;][et_pb_column type=&#8221;1_2&#8243; _builder_version=&#8221;4.2.2&#8243;][et_pb_text _builder_version=&#8221;4.6.1&#8243; hover_enabled=&#8221;0&#8243; sticky_enabled=&#8221;0&#8243;]<\/p>\n<p>Egal, ob anspruchsvolle ETFE-Folie, dicke Poolabdeckungen oder PE-Folien in gro\u00dfen Mengen, f\u00fcr Folienschwei\u00dfungen arbeiten wir mit dem passenden R\u00fcstzeug. Eine kontinuierliche Schwei\u00dfanlage, die mit extremer Geschwindigkeit abrollt und gleichzeitig wieder aufwickelt, fertigt die f\u00fcr unsere HS\u00b2 Dachsysteme ben\u00f6tigten Folien &#8211; auch in Sonderbreiten! Auf dem Boden f\u00e4hrt ein selbstfahrendes Schwei\u00dfger\u00e4t \u00fcber die besonders schweren Materialien, die sich im hei\u00dfen Zustand nur schlecht aufwickeln lassen.\u00a0Mit unseren Balkenschwei\u00dfanlagen lassen sich auch die \u00fcbrigen Materialien in Form bringen.<\/p>\n<p>F\u00fcr die Thermobehandlung technischer Textilien steht ein besonders breiter Kalander mit Kalt- und Hei\u00dfwalzen zur Verf\u00fcgung. Beschichtungen mit Verbundfolien sind f\u00fcr diese Maschine seit mehr als 25 Jahren Standard.<\/p>\n<p>[\/et_pb_text][\/et_pb_column][et_pb_column type=&#8221;1_2&#8243; _builder_version=&#8221;4.2.2&#8243;][et_pb_image src=&#8221;https:\/\/www.novavert.com\/wp-content\/uploads\/2020\/04\/HS-Jet-Tubes-JUMBO-ROLL-inside-view-scaled-e1586354913769.jpg&#8221; _builder_version=&#8221;4.2.2&#8243; box_shadow_style=&#8221;preset1&#8243;][\/et_pb_image][\/et_pb_column][\/et_pb_row][et_pb_row column_structure=&#8221;1_2,1_2&#8243; _builder_version=&#8221;4.2.2&#8243; custom_padding=&#8221;8px|||||&#8221;][et_pb_column type=&#8221;1_2&#8243; _builder_version=&#8221;4.2.2&#8243;][et_pb_image src=&#8221;https:\/\/www.novavert.com\/wp-content\/uploads\/2020\/03\/Stahlrohre-im-Lager_2.jpg&#8221; _builder_version=&#8221;4.2.2&#8243; box_shadow_style=&#8221;preset1&#8243;][\/et_pb_image][\/et_pb_column][et_pb_column type=&#8221;1_2&#8243; _builder_version=&#8221;4.2.2&#8243;][et_pb_text _builder_version=&#8221;4.2.2&#8243;]<\/p>\n<p><b>LAGERKAPAZIT\u00c4T<\/b><\/p>\n<p>In Sachen Handel mit Ersatzteilen f\u00fcr Schirm- und L\u00fcftungssystemen steht nicht nur unser Hochregallager bereit, sondern auch unser umfangreiches Rollen- und Profillager.<\/p>\n<p>Kranbeladung bis 5t St\u00fcckgewicht oder Containerbeladung mittels Rampe erfolgen bei uns durch ein eingespieltes Team. Auf einem fast 8000m\u00b2 gro\u00dfen Grundst\u00fcck im logistisch ideal gelegenen Greven steht uns ausreichend Au\u00dfenfl\u00e4che zur Verf\u00fcgung.<\/p>\n<p>[\/et_pb_text][\/et_pb_column][\/et_pb_row][et_pb_row column_structure=&#8221;1_2,1_2&#8243; _builder_version=&#8221;4.2.2&#8243; custom_padding=&#8221;8px|||||&#8221;][et_pb_column type=&#8221;1_2&#8243; _builder_version=&#8221;4.2.2&#8243;][et_pb_text _builder_version=&#8221;4.2.2&#8243;]<\/p>\n<p><b>INTERNATIONALE BESCHAFFUNG<\/b><\/p>\n<p>Noch wichtiger als ein gro\u00dfes Lager ist ein leistungsf\u00e4higes Produktionsnetzwerk f\u00fcr Folien, Gewebe, Gewirke, Systemteile in Deutschland und den Nachbarl\u00e4ndern. Dort wird nach unseren Vorgaben produziert und kontinuierlich nach Verbesserungen gesucht. Unsere Lieferanten zeichnen sich durch Erfahrung aus, haben mit uns das Ziel gemein, morgen noch besser als heute zu werden.<\/p>\n<p>Die ben\u00f6tigten Aluminiumprofile, Kunststoffspritzteile und sonstiges Zubeh\u00f6r werden kontinuierlich weiterentwickelt und stehen in der Regel auf Abruf f\u00fcr Sie bereit.<\/p>\n<p>[\/et_pb_text][\/et_pb_column][et_pb_column type=&#8221;1_2&#8243; _builder_version=&#8221;4.2.2&#8243;][et_pb_image src=&#8221;https:\/\/www.novavert.com\/wp-content\/uploads\/2020\/04\/Internationale-Beschaffung-Bild-Shutterstock_106493771-Konvertiert.jpg&#8221; _builder_version=&#8221;4.2.2&#8243; box_shadow_style=&#8221;preset1&#8243;][\/et_pb_image][\/et_pb_column][\/et_pb_row][et_pb_row column_structure=&#8221;1_2,1_2&#8243; _builder_version=&#8221;4.2.2&#8243; custom_padding=&#8221;8px|||||&#8221;][et_pb_column type=&#8221;1_2&#8243; _builder_version=&#8221;4.2.2&#8243; custom_padding=&#8221;||||false|false&#8221;][et_pb_image src=&#8221;https:\/\/www.novavert.com\/wp-content\/uploads\/2020\/03\/Kat.-Architektur-HS-Archi-Line-Bot.-Garten-Berlin-e1586354441201.jpg&#8221; _builder_version=&#8221;4.2.2&#8243;][\/et_pb_image][\/et_pb_column][et_pb_column type=&#8221;1_2&#8243; _builder_version=&#8221;4.2.2&#8243;][et_pb_text _builder_version=&#8221;4.2.2&#8243;]<\/p>\n<p><b>NICHT NUR TECHNISCHE TEXTILIEN UND FOLIEN<\/b><\/p>\n<p>Die Metallverarbeitung erg\u00e4nzt unser Leistungsspektrum: S\u00e4geautomat, Drehbank, automatische Mehrfachbohrvorrichtungen oder unsere eigens entwickelte Pressvorrichtung f\u00fcr unsere HS archi-line Alulamellen erlauben es uns, auf unterschiedlichste Kundenw\u00fcnsche reagieren zu k\u00f6nnen.<\/p>\n<p>[\/et_pb_text][\/et_pb_column][\/et_pb_row][\/et_pb_section]<\/p>\n","protected":false},"excerpt":{"rendered":"<p>HAUSINTERNE ENTWICKLUNG UND QS Neben der Entwicklung von Schattiersystemen und den daf\u00fcr ben\u00f6tigten Materialien findet auch ein Gro\u00dfteil der Erprobung und Qualit\u00e4tssicherung im Hause statt. Somit erh\u00e4lt die Produktion in k\u00fcrzester Zeit Feedback aus dem eigenem Labor, das u.a. \u00fcber moderne Schnellbewitterungsger\u00e4te, Spektroskopie und Zugpr\u00fcfger\u00e4te verf\u00fcgt.KONFEKTION In der hauseigenen Konfektionsabteilung wirbeln viele flinke H\u00e4nde, um [&hellip;]<\/p>\n","protected":false},"author":3,"featured_media":0,"parent":0,"menu_order":0,"comment_status":"closed","ping_status":"closed","template":"","meta":{"_et_pb_use_builder":"on","_et_pb_old_content":"","_et_gb_content_width":"","footnotes":""},"class_list":["post-5905","page","type-page","status-publish","hentry"],"yoast_head":"<!-- This site is optimized with the Yoast SEO plugin v27.5 - https:\/\/yoast.com\/product\/yoast-seo-wordpress\/ -->\n<title>Leistungen | Novavert<\/title>\n<meta name=\"robots\" content=\"index, follow, max-snippet:-1, max-image-preview:large, max-video-preview:-1\" \/>\n<link rel=\"canonical\" href=\"https:\/\/www.novavert.com\/de\/leistungen\/\" \/>\n<meta property=\"og:locale\" content=\"de_DE\" \/>\n<meta property=\"og:type\" content=\"article\" \/>\n<meta property=\"og:title\" content=\"Leistungen | Novavert\" \/>\n<meta property=\"og:description\" content=\"HAUSINTERNE ENTWICKLUNG UND QS Neben der Entwicklung von Schattiersystemen und den daf\u00fcr ben\u00f6tigten Materialien findet auch ein Gro\u00dfteil der Erprobung und Qualit\u00e4tssicherung im Hause statt. Somit erh\u00e4lt die Produktion in k\u00fcrzester Zeit Feedback aus dem eigenem Labor, das u.a. \u00fcber moderne Schnellbewitterungsger\u00e4te, Spektroskopie und Zugpr\u00fcfger\u00e4te verf\u00fcgt.KONFEKTION In der hauseigenen Konfektionsabteilung wirbeln viele flinke H\u00e4nde, um [&hellip;]\" \/>\n<meta property=\"og:url\" content=\"https:\/\/www.novavert.com\/de\/leistungen\/\" \/>\n<meta property=\"og:site_name\" content=\"Novavert\" \/>\n<meta property=\"article:modified_time\" content=\"2020-10-06T07:05:12+00:00\" \/>\n<meta name=\"twitter:card\" content=\"summary_large_image\" \/>\n<meta name=\"twitter:label1\" content=\"Gesch\u00e4tzte Lesezeit\" \/>\n\t<meta name=\"twitter:data1\" content=\"5\u00a0Minuten\" \/>\n<script type=\"application\/ld+json\" class=\"yoast-schema-graph\">{\"@context\":\"https:\\\/\\\/schema.org\",\"@graph\":[{\"@type\":\"WebPage\",\"@id\":\"https:\\\/\\\/www.novavert.com\\\/de\\\/leistungen\\\/\",\"url\":\"https:\\\/\\\/www.novavert.com\\\/de\\\/leistungen\\\/\",\"name\":\"Leistungen | Novavert\",\"isPartOf\":{\"@id\":\"\\\/#website\"},\"datePublished\":\"2020-03-04T16:57:11+00:00\",\"dateModified\":\"2020-10-06T07:05:12+00:00\",\"breadcrumb\":{\"@id\":\"https:\\\/\\\/www.novavert.com\\\/de\\\/leistungen\\\/#breadcrumb\"},\"inLanguage\":\"de\",\"potentialAction\":[{\"@type\":\"ReadAction\",\"target\":[\"https:\\\/\\\/www.novavert.com\\\/de\\\/leistungen\\\/\"]}]},{\"@type\":\"BreadcrumbList\",\"@id\":\"https:\\\/\\\/www.novavert.com\\\/de\\\/leistungen\\\/#breadcrumb\",\"itemListElement\":[{\"@type\":\"ListItem\",\"position\":1,\"name\":\"Startseite\",\"item\":\"https:\\\/\\\/www.novavert.com\\\/de\\\/\"},{\"@type\":\"ListItem\",\"position\":2,\"name\":\"Leistungen\"}]},{\"@type\":\"WebSite\",\"@id\":\"\\\/#website\",\"url\":\"\\\/\",\"name\":\"Novavert\",\"description\":\"IHR PARTNER F\u00dcR HOCHWERTIGE PRODUKTE AUS DEN BEREICHEN SCHATTIERUNGEN UND WETTERSCHUTZ\",\"publisher\":{\"@id\":\"\\\/#organization\"},\"potentialAction\":[{\"@type\":\"SearchAction\",\"target\":{\"@type\":\"EntryPoint\",\"urlTemplate\":\"\\\/?s={search_term_string}\"},\"query-input\":{\"@type\":\"PropertyValueSpecification\",\"valueRequired\":true,\"valueName\":\"search_term_string\"}}],\"inLanguage\":\"de\"},{\"@type\":\"Organization\",\"@id\":\"\\\/#organization\",\"name\":\"Novavert\",\"url\":\"\\\/\",\"logo\":{\"@type\":\"ImageObject\",\"inLanguage\":\"de\",\"@id\":\"\\\/#\\\/schema\\\/logo\\\/image\\\/\",\"url\":\"https:\\\/\\\/www.novavert.com\\\/wp-content\\\/uploads\\\/2020\\\/03\\\/novavert_Logo_Men\u00fc-3.png\",\"contentUrl\":\"https:\\\/\\\/www.novavert.com\\\/wp-content\\\/uploads\\\/2020\\\/03\\\/novavert_Logo_Men\u00fc-3.png\",\"width\":407,\"height\":180,\"caption\":\"Novavert\"},\"image\":{\"@id\":\"\\\/#\\\/schema\\\/logo\\\/image\\\/\"}}]}<\/script>\n<!-- \/ Yoast SEO plugin. -->","yoast_head_json":{"title":"Leistungen | Novavert","robots":{"index":"index","follow":"follow","max-snippet":"max-snippet:-1","max-image-preview":"max-image-preview:large","max-video-preview":"max-video-preview:-1"},"canonical":"https:\/\/www.novavert.com\/de\/leistungen\/","og_locale":"de_DE","og_type":"article","og_title":"Leistungen | Novavert","og_description":"HAUSINTERNE ENTWICKLUNG UND QS Neben der Entwicklung von Schattiersystemen und den daf\u00fcr ben\u00f6tigten Materialien findet auch ein Gro\u00dfteil der Erprobung und Qualit\u00e4tssicherung im Hause statt. Somit erh\u00e4lt die Produktion in k\u00fcrzester Zeit Feedback aus dem eigenem Labor, das u.a. \u00fcber moderne Schnellbewitterungsger\u00e4te, Spektroskopie und Zugpr\u00fcfger\u00e4te verf\u00fcgt.KONFEKTION In der hauseigenen Konfektionsabteilung wirbeln viele flinke H\u00e4nde, um [&hellip;]","og_url":"https:\/\/www.novavert.com\/de\/leistungen\/","og_site_name":"Novavert","article_modified_time":"2020-10-06T07:05:12+00:00","twitter_card":"summary_large_image","twitter_misc":{"Gesch\u00e4tzte Lesezeit":"5\u00a0Minuten"},"schema":{"@context":"https:\/\/schema.org","@graph":[{"@type":"WebPage","@id":"https:\/\/www.novavert.com\/de\/leistungen\/","url":"https:\/\/www.novavert.com\/de\/leistungen\/","name":"Leistungen | Novavert","isPartOf":{"@id":"\/#website"},"datePublished":"2020-03-04T16:57:11+00:00","dateModified":"2020-10-06T07:05:12+00:00","breadcrumb":{"@id":"https:\/\/www.novavert.com\/de\/leistungen\/#breadcrumb"},"inLanguage":"de","potentialAction":[{"@type":"ReadAction","target":["https:\/\/www.novavert.com\/de\/leistungen\/"]}]},{"@type":"BreadcrumbList","@id":"https:\/\/www.novavert.com\/de\/leistungen\/#breadcrumb","itemListElement":[{"@type":"ListItem","position":1,"name":"Startseite","item":"https:\/\/www.novavert.com\/de\/"},{"@type":"ListItem","position":2,"name":"Leistungen"}]},{"@type":"WebSite","@id":"\/#website","url":"\/","name":"Novavert","description":"IHR PARTNER F\u00dcR HOCHWERTIGE PRODUKTE AUS DEN BEREICHEN SCHATTIERUNGEN UND WETTERSCHUTZ","publisher":{"@id":"\/#organization"},"potentialAction":[{"@type":"SearchAction","target":{"@type":"EntryPoint","urlTemplate":"\/?s={search_term_string}"},"query-input":{"@type":"PropertyValueSpecification","valueRequired":true,"valueName":"search_term_string"}}],"inLanguage":"de"},{"@type":"Organization","@id":"\/#organization","name":"Novavert","url":"\/","logo":{"@type":"ImageObject","inLanguage":"de","@id":"\/#\/schema\/logo\/image\/","url":"https:\/\/www.novavert.com\/wp-content\/uploads\/2020\/03\/novavert_Logo_Men\u00fc-3.png","contentUrl":"https:\/\/www.novavert.com\/wp-content\/uploads\/2020\/03\/novavert_Logo_Men\u00fc-3.png","width":407,"height":180,"caption":"Novavert"},"image":{"@id":"\/#\/schema\/logo\/image\/"}}]}},"_links":{"self":[{"href":"https:\/\/www.novavert.com\/de\/wp-json\/wp\/v2\/pages\/5905","targetHints":{"allow":["GET"]}}],"collection":[{"href":"https:\/\/www.novavert.com\/de\/wp-json\/wp\/v2\/pages"}],"about":[{"href":"https:\/\/www.novavert.com\/de\/wp-json\/wp\/v2\/types\/page"}],"author":[{"embeddable":true,"href":"https:\/\/www.novavert.com\/de\/wp-json\/wp\/v2\/users\/3"}],"replies":[{"embeddable":true,"href":"https:\/\/www.novavert.com\/de\/wp-json\/wp\/v2\/comments?post=5905"}],"version-history":[{"count":28,"href":"https:\/\/www.novavert.com\/de\/wp-json\/wp\/v2\/pages\/5905\/revisions"}],"predecessor-version":[{"id":14134,"href":"https:\/\/www.novavert.com\/de\/wp-json\/wp\/v2\/pages\/5905\/revisions\/14134"}],"wp:attachment":[{"href":"https:\/\/www.novavert.com\/de\/wp-json\/wp\/v2\/media?parent=5905"}],"curies":[{"name":"wp","href":"https:\/\/api.w.org\/{rel}","templated":true}]}}