{"id":3377,"date":"2020-01-22T21:44:29","date_gmt":"2020-01-22T21:44:29","guid":{"rendered":"https:\/\/novavert.com\/?page_id=3377"},"modified":"2020-11-16T16:01:55","modified_gmt":"2020-11-16T14:01:55","slug":"systemteile","status":"publish","type":"page","link":"https:\/\/www.novavert.com\/de\/systemteile\/","title":{"rendered":"Systemteile"},"content":{"rendered":"<p>[et_pb_section fb_built=&#8221;1&#8243; _builder_version=&#8221;4.2.2&#8243; custom_padding=&#8221;0px||||false|false&#8221; locked=&#8221;off&#8221;][et_pb_row _builder_version=&#8221;4.2.2&#8243; custom_margin=&#8221;0px|auto||auto|false|false&#8221; custom_padding=&#8221;0px||0px||false|false&#8221;][et_pb_column type=&#8221;4_4&#8243; _builder_version=&#8221;4.2.2&#8243;][et_pb_slider _builder_version=&#8221;4.2.2&#8243; background_image=&#8221;https:\/\/www.novavert.com\/wp-content\/uploads\/2020\/05\/Kat.-Gartenbau-Systemteile-1-e1588755676644.jpg&#8221; min_height=&#8221;368px&#8221; custom_margin=&#8221;0px||||false|false&#8221; custom_padding=&#8221;||||false|false&#8221; auto=&#8221;on&#8221;][et_pb_slide heading=&#8221;Systemteile&#8221; _builder_version=&#8221;4.2.2&#8243; background_image=&#8221;https:\/\/www.novavert.com\/wp-content\/uploads\/2020\/04\/Stahlrohre-im-Lager_2-e1588688501282.jpg&#8221; background_enable_image=&#8221;on&#8221; sticky_transition=&#8221;on&#8221;][\/et_pb_slide][et_pb_slide _builder_version=&#8221;4.2.2&#8243; background_image=&#8221;https:\/\/www.novavert.com\/wp-content\/uploads\/2020\/03\/Rollschirmrohre-Profile-im-Lager_3.jpg&#8221; background_enable_image=&#8221;on&#8221; sticky_transition=&#8221;on&#8221;][\/et_pb_slide][et_pb_slide _builder_version=&#8221;4.2.2&#8243; background_enable_color=&#8221;off&#8221; background_image=&#8221;https:\/\/www.novavert.com\/wp-content\/uploads\/2020\/05\/Kat.-Gartenbau-Systemteile-3-e1588755517755.jpg&#8221; background_enable_image=&#8221;on&#8221; sticky_transition=&#8221;on&#8221;][\/et_pb_slide][et_pb_slide _builder_version=&#8221;4.2.2&#8243; background_enable_image=&#8221;on&#8221; sticky_transition=&#8221;on&#8221;][\/et_pb_slide][et_pb_slide _builder_version=&#8221;4.2.2&#8243; background_image=&#8221;https:\/\/www.novavert.com\/wp-content\/uploads\/2020\/05\/Kat.-Gartenbau-Systemteile-2-e1588755605655.jpg&#8221; background_enable_image=&#8221;on&#8221; sticky_transition=&#8221;on&#8221;][\/et_pb_slide][\/et_pb_slider][et_pb_text _builder_version=&#8221;4.2.2&#8243; min_height=&#8221;98px&#8221;]<\/p>\n<h1>SYSTEMTEILE<\/h1>\n<p style=\"text-align: justify;\"><strong>UMFASSENDES SORTIMENT<br \/><\/strong>Bei uns erhalten Sie komplette Baus\u00e4tze oder einzelne Komponenten f\u00fcr ein vollst\u00e4ndiges Schirmsystem im Innen- und Au\u00dfengebrauch.<\/p>\n<p style=\"text-align: justify;\">Unser Lager ist nach dem Supermarkt-Gedanken best\u00fcckt: Umfassendes Sortiment f\u00fcr verschiedenste Bedarfsf\u00e4lle. Ob Sie eine komplette Gro\u00dfanlage ausstatten wollen oder nur ein dringendes Ersatzteil ben\u00f6tigen \u2013 bei uns sind Sie richtig.<\/p>\n<p style=\"text-align: justify;\">Novavert-Systemteile zeichnen sich durch eine ausf\u00fchrliche Erprobung im Labor und in der harten Alltagspraxis aus. Langj\u00e4hrig erprobte Herstellungsprozesse, bew\u00e4hrte Materialkombinationen im Zusammenwirken mit dem stetigen Willen durch innovative Materialien und Techniken Verbesserungen zu erzielen, sorgen f\u00fcr ein kontinuerliches Wachstum unserer Produktpalette.<\/p>\n<p>[\/et_pb_text][et_pb_divider color=&#8221;#eaeaea&#8221; _builder_version=&#8221;4.2.2&#8243;][\/et_pb_divider][et_pb_text _builder_version=&#8221;4.2.2&#8243; min_height=&#8221;15px&#8221;]<\/p>\n<h1>Kategorien<\/h1>\n<p>[\/et_pb_text][\/et_pb_column][\/et_pb_row][et_pb_row column_structure=&#8221;1_3,1_3,1_3&#8243; _builder_version=&#8221;4.2.2&#8243; custom_margin=&#8221;|auto|||false|false&#8221; custom_padding=&#8221;4px|||||&#8221;][et_pb_column type=&#8221;1_3&#8243; _builder_version=&#8221;4.2.2&#8243;][et_pb_image src=&#8221;https:\/\/www.novavert.com\/wp-content\/uploads\/2020\/05\/Novavert_01_2015_LR_652-e1588758595249.jpg&#8221; url=&#8221;@ET-DC@eyJkeW5hbWljIjp0cnVlLCJjb250ZW50IjoicG9zdF9saW5rX3VybF9wYWdlIiwic2V0dGluZ3MiOnsicG9zdF9pZCI6IjMzODAifX0=@&#8221; _builder_version=&#8221;4.2.2&#8243; _dynamic_attributes=&#8221;url&#8221; box_shadow_style=&#8221;preset1&#8243;][\/et_pb_image][et_pb_text _builder_version=&#8221;4.6.1&#8243; _dynamic_attributes=&#8221;link_option_url&#8221; link_option_url=&#8221;@ET-DC@eyJkeW5hbWljIjp0cnVlLCJjb250ZW50IjoicG9zdF9saW5rX3VybF9wYWdlIiwic2V0dGluZ3MiOnsicG9zdF9pZCI6IjMzODAifX0=@&#8221; hover_enabled=&#8221;0&#8243; sticky_enabled=&#8221;0&#8243;]<\/p>\n<h3>Antriebe &amp; Zahnstangen<\/h3>\n<p>[\/et_pb_text][\/et_pb_column][et_pb_column type=&#8221;1_3&#8243; _builder_version=&#8221;4.2.2&#8243;][et_pb_image src=&#8221;https:\/\/www.novavert.com\/wp-content\/uploads\/2020\/09\/HS\u00b2-Prinz-Rosen-AU-e1586265108426.jpg&#8221; title_text=&#8221;HS\u00b2-Prinz-Rosen-AU-e1586265108426&#8243; url=&#8221;@ET-DC@eyJkeW5hbWljIjp0cnVlLCJjb250ZW50IjoicG9zdF9saW5rX3VybF9wYWdlIiwic2V0dGluZ3MiOnsicG9zdF9pZCI6IjI1NDkifX0=@&#8221; _builder_version=&#8221;4.6.1&#8243; _dynamic_attributes=&#8221;url&#8221; background_color=&#8221;#ffffff&#8221; use_background_color_gradient=&#8221;on&#8221; border_color_all=&#8221;#ffffff&#8221; box_shadow_style=&#8221;preset1&#8243;][\/et_pb_image][et_pb_text _builder_version=&#8221;4.6.1&#8243; _dynamic_attributes=&#8221;link_option_url&#8221; link_option_url=&#8221;@ET-DC@eyJkeW5hbWljIjp0cnVlLCJjb250ZW50IjoicG9zdF9saW5rX3VybF9wYWdlIiwic2V0dGluZ3MiOnsicG9zdF9pZCI6IjI1NDkifX0=@&#8221;]<\/p>\n<h3>Dr\u00e4hte &amp; Seile<\/h3>\n<p>[\/et_pb_text][\/et_pb_column][et_pb_column type=&#8221;1_3&#8243; _builder_version=&#8221;4.2.2&#8243;][et_pb_image src=&#8221;https:\/\/www.novavert.com\/wp-content\/uploads\/2020\/05\/Kat.-Gartenbau-Systemteile-Rollschirm-Detail-scaled-e1588760477582.jpg&#8221; url=&#8221;@ET-DC@eyJkeW5hbWljIjp0cnVlLCJjb250ZW50IjoicG9zdF9saW5rX3VybF9wYWdlIiwic2V0dGluZ3MiOnsicG9zdF9pZCI6Ijc3MDEifX0=@&#8221; _builder_version=&#8221;4.6.1&#8243; _dynamic_attributes=&#8221;url&#8221; box_shadow_style=&#8221;preset1&#8243;][\/et_pb_image][et_pb_text _builder_version=&#8221;4.6.1&#8243; _dynamic_attributes=&#8221;link_option_url&#8221; link_option_url=&#8221;@ET-DC@eyJkeW5hbWljIjp0cnVlLCJjb250ZW50IjoicG9zdF9saW5rX3VybF9wYWdlIiwic2V0dGluZ3MiOnsicG9zdF9pZCI6Ijc3MDEifX0=@&#8221;]<\/p>\n<h3>Rollschirmsysteme<\/h3>\n<p>[\/et_pb_text][\/et_pb_column][\/et_pb_row][et_pb_row column_structure=&#8221;1_3,1_3,1_3&#8243; _builder_version=&#8221;4.2.2&#8243; custom_margin=&#8221;|auto|||false|false&#8221; custom_padding=&#8221;4px|||||&#8221;][et_pb_column type=&#8221;1_3&#8243; _builder_version=&#8221;4.2.2&#8243;][et_pb_image src=&#8221;https:\/\/www.novavert.com\/wp-content\/uploads\/2020\/05\/3625-APS-DUO-Profil-HD-2-e1588761169687.jpg&#8221; url=&#8221;@ET-DC@eyJkeW5hbWljIjp0cnVlLCJjb250ZW50IjoicG9zdF9saW5rX3VybF9wYWdlIiwic2V0dGluZ3MiOnsicG9zdF9pZCI6Ijc2OTEifX0=@&#8221; _builder_version=&#8221;4.6.1&#8243; _dynamic_attributes=&#8221;url&#8221; box_shadow_style=&#8221;preset1&#8243;][\/et_pb_image][et_pb_text _builder_version=&#8221;4.6.1&#8243; _dynamic_attributes=&#8221;link_option_url&#8221; link_option_url=&#8221;@ET-DC@eyJkeW5hbWljIjp0cnVlLCJjb250ZW50IjoicG9zdF9saW5rX3VybF9wYWdlIiwic2V0dGluZ3MiOnsicG9zdF9pZCI6Ijc2OTEifX0=@&#8221; hover_enabled=&#8221;0&#8243; sticky_enabled=&#8221;0&#8243;]<\/p>\n<h3>Rohre &amp; profile<\/h3>\n<p>[\/et_pb_text][\/et_pb_column][et_pb_column type=&#8221;1_3&#8243; _builder_version=&#8221;4.2.2&#8243;][et_pb_image src=&#8221;https:\/\/www.novavert.com\/wp-content\/uploads\/2020\/09\/Kat.-Gartenbau-Systemteile-3457-Motorkonsolenset.jpg&#8221; title_text=&#8221;Kat. Gartenbau &#8211; Systemteile (3457 Motorkonsolenset)&#8221; url=&#8221;@ET-DC@eyJkeW5hbWljIjp0cnVlLCJjb250ZW50IjoicG9zdF9saW5rX3VybF9wYWdlIiwic2V0dGluZ3MiOnsicG9zdF9pZCI6Ijc3MDYifX0=@&#8221; _builder_version=&#8221;4.6.1&#8243; _dynamic_attributes=&#8221;url&#8221; box_shadow_style=&#8221;preset1&#8243;][\/et_pb_image][et_pb_text _builder_version=&#8221;4.6.1&#8243; _dynamic_attributes=&#8221;link_option_url&#8221; link_option_url=&#8221;@ET-DC@eyJkeW5hbWljIjp0cnVlLCJjb250ZW50IjoicG9zdF9saW5rX3VybF9wYWdlIiwic2V0dGluZ3MiOnsicG9zdF9pZCI6Ijc3MDYifX0=@&#8221;]<\/p>\n<h3>Technische Teile<\/h3>\n<p>[\/et_pb_text][\/et_pb_column][et_pb_column type=&#8221;1_3&#8243; _builder_version=&#8221;4.2.2&#8243;][et_pb_image src=&#8221;https:\/\/www.novavert.com\/wp-content\/uploads\/2020\/05\/4980-Spannger\u00e4t-e1588769007140.jpg&#8221; url=&#8221;@ET-DC@eyJkeW5hbWljIjp0cnVlLCJjb250ZW50IjoicG9zdF9saW5rX3VybF9wYWdlIiwic2V0dGluZ3MiOnsicG9zdF9pZCI6Ijc2OTYifX0=@&#8221; _builder_version=&#8221;4.6.1&#8243; _dynamic_attributes=&#8221;url&#8221; box_shadow_style=&#8221;preset1&#8243;][\/et_pb_image][et_pb_text _builder_version=&#8221;4.6.1&#8243; _dynamic_attributes=&#8221;link_option_url&#8221; link_option_url=&#8221;@ET-DC@eyJkeW5hbWljIjp0cnVlLCJjb250ZW50IjoicG9zdF9saW5rX3VybF9wYWdlIiwic2V0dGluZ3MiOnsicG9zdF9pZCI6Ijc2OTYifX0=@&#8221;]<\/p>\n<h3>Weiteres Zubeh\u00f6r<\/h3>\n<p>[\/et_pb_text][\/et_pb_column][\/et_pb_row][\/et_pb_section]<\/p>\n","protected":false},"excerpt":{"rendered":"<p>SYSTEMTEILE UMFASSENDES SORTIMENTBei uns erhalten Sie komplette Baus\u00e4tze oder einzelne Komponenten f\u00fcr ein vollst\u00e4ndiges Schirmsystem im Innen- und Au\u00dfengebrauch. Unser Lager ist nach dem Supermarkt-Gedanken best\u00fcckt: Umfassendes Sortiment f\u00fcr verschiedenste Bedarfsf\u00e4lle. Ob Sie eine komplette Gro\u00dfanlage ausstatten wollen oder nur ein dringendes Ersatzteil ben\u00f6tigen \u2013 bei uns sind Sie richtig. Novavert-Systemteile zeichnen sich durch eine [&hellip;]<\/p>\n","protected":false},"author":1,"featured_media":0,"parent":0,"menu_order":0,"comment_status":"closed","ping_status":"closed","template":"","meta":{"_et_pb_use_builder":"on","_et_pb_old_content":"","_et_gb_content_width":"","footnotes":""},"class_list":["post-3377","page","type-page","status-publish","hentry"],"yoast_head":"<!-- This site is optimized with the Yoast SEO plugin v27.3 - https:\/\/yoast.com\/product\/yoast-seo-wordpress\/ -->\n<title>Systemteile | Novavert<\/title>\n<meta name=\"robots\" content=\"index, follow, max-snippet:-1, max-image-preview:large, max-video-preview:-1\" \/>\n<link rel=\"canonical\" href=\"https:\/\/www.novavert.com\/de\/systemteile\/\" \/>\n<meta property=\"og:locale\" content=\"de_DE\" \/>\n<meta property=\"og:type\" content=\"article\" \/>\n<meta property=\"og:title\" content=\"Systemteile | Novavert\" \/>\n<meta property=\"og:description\" content=\"SYSTEMTEILE UMFASSENDES SORTIMENTBei uns erhalten Sie komplette Baus\u00e4tze oder einzelne Komponenten f\u00fcr ein vollst\u00e4ndiges Schirmsystem im Innen- und Au\u00dfengebrauch. Unser Lager ist nach dem Supermarkt-Gedanken best\u00fcckt: Umfassendes Sortiment f\u00fcr verschiedenste Bedarfsf\u00e4lle. Ob Sie eine komplette Gro\u00dfanlage ausstatten wollen oder nur ein dringendes Ersatzteil ben\u00f6tigen \u2013 bei uns sind Sie richtig. Novavert-Systemteile zeichnen sich durch eine [&hellip;]\" \/>\n<meta property=\"og:url\" content=\"https:\/\/www.novavert.com\/de\/systemteile\/\" \/>\n<meta property=\"og:site_name\" content=\"Novavert\" \/>\n<meta property=\"article:modified_time\" content=\"2020-11-16T14:01:55+00:00\" \/>\n<meta name=\"twitter:card\" content=\"summary_large_image\" \/>\n<meta name=\"twitter:label1\" content=\"Gesch\u00e4tzte Lesezeit\" \/>\n\t<meta name=\"twitter:data1\" content=\"5\u00a0Minuten\" \/>\n<script type=\"application\/ld+json\" class=\"yoast-schema-graph\">{\"@context\":\"https:\\\/\\\/schema.org\",\"@graph\":[{\"@type\":\"WebPage\",\"@id\":\"https:\\\/\\\/www.novavert.com\\\/de\\\/systemteile\\\/\",\"url\":\"https:\\\/\\\/www.novavert.com\\\/de\\\/systemteile\\\/\",\"name\":\"Systemteile | Novavert\",\"isPartOf\":{\"@id\":\"\\\/#website\"},\"datePublished\":\"2020-01-22T21:44:29+00:00\",\"dateModified\":\"2020-11-16T14:01:55+00:00\",\"breadcrumb\":{\"@id\":\"https:\\\/\\\/www.novavert.com\\\/de\\\/systemteile\\\/#breadcrumb\"},\"inLanguage\":\"de\",\"potentialAction\":[{\"@type\":\"ReadAction\",\"target\":[\"https:\\\/\\\/www.novavert.com\\\/de\\\/systemteile\\\/\"]}]},{\"@type\":\"BreadcrumbList\",\"@id\":\"https:\\\/\\\/www.novavert.com\\\/de\\\/systemteile\\\/#breadcrumb\",\"itemListElement\":[{\"@type\":\"ListItem\",\"position\":1,\"name\":\"Startseite\",\"item\":\"https:\\\/\\\/www.novavert.com\\\/de\\\/\"},{\"@type\":\"ListItem\",\"position\":2,\"name\":\"Systemteile\"}]},{\"@type\":\"WebSite\",\"@id\":\"\\\/#website\",\"url\":\"\\\/\",\"name\":\"Novavert\",\"description\":\"IHR PARTNER F\u00dcR HOCHWERTIGE PRODUKTE AUS DEN BEREICHEN SCHATTIERUNGEN UND WETTERSCHUTZ\",\"publisher\":{\"@id\":\"\\\/#organization\"},\"potentialAction\":[{\"@type\":\"SearchAction\",\"target\":{\"@type\":\"EntryPoint\",\"urlTemplate\":\"\\\/?s={search_term_string}\"},\"query-input\":{\"@type\":\"PropertyValueSpecification\",\"valueRequired\":true,\"valueName\":\"search_term_string\"}}],\"inLanguage\":\"de\"},{\"@type\":\"Organization\",\"@id\":\"\\\/#organization\",\"name\":\"Novavert\",\"url\":\"\\\/\",\"logo\":{\"@type\":\"ImageObject\",\"inLanguage\":\"de\",\"@id\":\"\\\/#\\\/schema\\\/logo\\\/image\\\/\",\"url\":\"https:\\\/\\\/www.novavert.com\\\/wp-content\\\/uploads\\\/2020\\\/03\\\/novavert_Logo_Men\u00fc-3.png\",\"contentUrl\":\"https:\\\/\\\/www.novavert.com\\\/wp-content\\\/uploads\\\/2020\\\/03\\\/novavert_Logo_Men\u00fc-3.png\",\"width\":407,\"height\":180,\"caption\":\"Novavert\"},\"image\":{\"@id\":\"\\\/#\\\/schema\\\/logo\\\/image\\\/\"}}]}<\/script>\n<!-- \/ Yoast SEO plugin. -->","yoast_head_json":{"title":"Systemteile | Novavert","robots":{"index":"index","follow":"follow","max-snippet":"max-snippet:-1","max-image-preview":"max-image-preview:large","max-video-preview":"max-video-preview:-1"},"canonical":"https:\/\/www.novavert.com\/de\/systemteile\/","og_locale":"de_DE","og_type":"article","og_title":"Systemteile | Novavert","og_description":"SYSTEMTEILE UMFASSENDES SORTIMENTBei uns erhalten Sie komplette Baus\u00e4tze oder einzelne Komponenten f\u00fcr ein vollst\u00e4ndiges Schirmsystem im Innen- und Au\u00dfengebrauch. Unser Lager ist nach dem Supermarkt-Gedanken best\u00fcckt: Umfassendes Sortiment f\u00fcr verschiedenste Bedarfsf\u00e4lle. Ob Sie eine komplette Gro\u00dfanlage ausstatten wollen oder nur ein dringendes Ersatzteil ben\u00f6tigen \u2013 bei uns sind Sie richtig. Novavert-Systemteile zeichnen sich durch eine [&hellip;]","og_url":"https:\/\/www.novavert.com\/de\/systemteile\/","og_site_name":"Novavert","article_modified_time":"2020-11-16T14:01:55+00:00","twitter_card":"summary_large_image","twitter_misc":{"Gesch\u00e4tzte Lesezeit":"5\u00a0Minuten"},"schema":{"@context":"https:\/\/schema.org","@graph":[{"@type":"WebPage","@id":"https:\/\/www.novavert.com\/de\/systemteile\/","url":"https:\/\/www.novavert.com\/de\/systemteile\/","name":"Systemteile | Novavert","isPartOf":{"@id":"\/#website"},"datePublished":"2020-01-22T21:44:29+00:00","dateModified":"2020-11-16T14:01:55+00:00","breadcrumb":{"@id":"https:\/\/www.novavert.com\/de\/systemteile\/#breadcrumb"},"inLanguage":"de","potentialAction":[{"@type":"ReadAction","target":["https:\/\/www.novavert.com\/de\/systemteile\/"]}]},{"@type":"BreadcrumbList","@id":"https:\/\/www.novavert.com\/de\/systemteile\/#breadcrumb","itemListElement":[{"@type":"ListItem","position":1,"name":"Startseite","item":"https:\/\/www.novavert.com\/de\/"},{"@type":"ListItem","position":2,"name":"Systemteile"}]},{"@type":"WebSite","@id":"\/#website","url":"\/","name":"Novavert","description":"IHR PARTNER F\u00dcR HOCHWERTIGE PRODUKTE AUS DEN BEREICHEN SCHATTIERUNGEN UND WETTERSCHUTZ","publisher":{"@id":"\/#organization"},"potentialAction":[{"@type":"SearchAction","target":{"@type":"EntryPoint","urlTemplate":"\/?s={search_term_string}"},"query-input":{"@type":"PropertyValueSpecification","valueRequired":true,"valueName":"search_term_string"}}],"inLanguage":"de"},{"@type":"Organization","@id":"\/#organization","name":"Novavert","url":"\/","logo":{"@type":"ImageObject","inLanguage":"de","@id":"\/#\/schema\/logo\/image\/","url":"https:\/\/www.novavert.com\/wp-content\/uploads\/2020\/03\/novavert_Logo_Men\u00fc-3.png","contentUrl":"https:\/\/www.novavert.com\/wp-content\/uploads\/2020\/03\/novavert_Logo_Men\u00fc-3.png","width":407,"height":180,"caption":"Novavert"},"image":{"@id":"\/#\/schema\/logo\/image\/"}}]}},"_links":{"self":[{"href":"https:\/\/www.novavert.com\/de\/wp-json\/wp\/v2\/pages\/3377","targetHints":{"allow":["GET"]}}],"collection":[{"href":"https:\/\/www.novavert.com\/de\/wp-json\/wp\/v2\/pages"}],"about":[{"href":"https:\/\/www.novavert.com\/de\/wp-json\/wp\/v2\/types\/page"}],"author":[{"embeddable":true,"href":"https:\/\/www.novavert.com\/de\/wp-json\/wp\/v2\/users\/1"}],"replies":[{"embeddable":true,"href":"https:\/\/www.novavert.com\/de\/wp-json\/wp\/v2\/comments?post=3377"}],"version-history":[{"count":32,"href":"https:\/\/www.novavert.com\/de\/wp-json\/wp\/v2\/pages\/3377\/revisions"}],"predecessor-version":[{"id":14701,"href":"https:\/\/www.novavert.com\/de\/wp-json\/wp\/v2\/pages\/3377\/revisions\/14701"}],"wp:attachment":[{"href":"https:\/\/www.novavert.com\/de\/wp-json\/wp\/v2\/media?parent=3377"}],"curies":[{"name":"wp","href":"https:\/\/api.w.org\/{rel}","templated":true}]}}