{"id":3374,"date":"2020-01-22T21:41:54","date_gmt":"2020-01-22T21:41:54","guid":{"rendered":"https:\/\/novavert.com\/?page_id=3374"},"modified":"2020-10-06T07:24:30","modified_gmt":"2020-10-06T07:24:30","slug":"verdunklung","status":"publish","type":"page","link":"https:\/\/www.novavert.com\/de\/verdunklung\/","title":{"rendered":"Verdunklung"},"content":{"rendered":"<p>[et_pb_section fb_built=&#8221;1&#8243; _builder_version=&#8221;4.2.2&#8243; custom_padding=&#8221;0px||0px||false|false&#8221; locked=&#8221;off&#8221;][et_pb_row disabled_on=&#8221;off|off|off&#8221; _builder_version=&#8221;4.2.2&#8243; custom_padding=&#8221;0px||||false|false&#8221;][et_pb_column type=&#8221;4_4&#8243; _builder_version=&#8221;3.25&#8243; custom_padding=&#8221;|||&#8221; custom_padding__hover=&#8221;|||&#8221;][et_pb_slider _builder_version=&#8221;4.2.2&#8243; min_height=&#8221;368px&#8221; custom_margin=&#8221;0px||||false|false&#8221; custom_padding=&#8221;||||false|false&#8221; auto=&#8221;on&#8221;][et_pb_slide heading=&#8221;Verdunklung&#8221; _builder_version=&#8221;4.2.2&#8243; background_image=&#8221;https:\/\/www.novavert.com\/wp-content\/uploads\/2020\/05\/BHS_1_AF_B1.jpg&#8221; background_enable_image=&#8221;on&#8221; sticky_transition=&#8221;on&#8221;][\/et_pb_slide][et_pb_slide _builder_version=&#8221;4.2.2&#8243; background_image=&#8221;https:\/\/www.novavert.com\/wp-content\/uploads\/2020\/05\/Kat.-Gartenbau-Verdunklung-Lind-SWE-e1588684021581.jpg&#8221; background_enable_image=&#8221;on&#8221; sticky_transition=&#8221;on&#8221;][\/et_pb_slide][et_pb_slide _builder_version=&#8221;4.2.2&#8243; background_image=&#8221;https:\/\/www.novavert.com\/wp-content\/uploads\/2020\/05\/Kat.-Gartenbau-Verdunklung-Luiten-NL_3-e1588683971329.jpg&#8221; background_enable_image=&#8221;on&#8221; sticky_transition=&#8221;on&#8221;][\/et_pb_slide][et_pb_slide _builder_version=&#8221;4.2.2&#8243; background_image=&#8221;https:\/\/www.novavert.com\/wp-content\/uploads\/2020\/04\/Kat.-Gartenbau-Verdunklung-scaled-e1588683867690.jpg&#8221; background_enable_image=&#8221;on&#8221; sticky_transition=&#8221;on&#8221;][\/et_pb_slide][\/et_pb_slider][et_pb_text _builder_version=&#8221;4.6.1&#8243; min_height=&#8221;98px&#8221; hover_enabled=&#8221;0&#8243; sticky_enabled=&#8221;0&#8243;]<\/p>\n<h1>Pflanzenwachstum auf termin<\/h1>\n<p>Mit unseren Verdunkelungsschirmen nehmen Sie der Kultur tags\u00fcber das Sonnenlicht und stimmen das Pflanzenwachstum z. B. bei <span class=\"st\">Poinsettie<\/span>n oder Cannabis Sativa genau auf den Verkaufstermin ab.<\/p>\n<p>Als Erg\u00e4nzung dazu k\u00f6nnen Sie nachts das Licht Ihrer Assimilationslampen im Gew\u00e4chshaus halten und w\u00e4hlen f\u00fcr Lichteinschluss bei m\u00f6glichst guter W\u00e4rmeabfuhr speziell angepasste Schirme.<\/p>\n<p>Die Schirme konfektionieren wir auf jede gew\u00fcnschte Breite als Rollenware, mit Haken, u.a. mit Saumband, Schlaufe, Drahtseil, Klettband, oder f\u00fcr HS\u00b2-Anlagen.\u00a0<\/p>\n<p>[\/et_pb_text][et_pb_divider color=&#8221;#eaeaea&#8221; _builder_version=&#8221;4.2.2&#8243; min_height=&#8221;51px&#8221; custom_margin=&#8221;-54px|||||&#8221;][\/et_pb_divider][et_pb_text disabled_on=&#8221;off|off|off&#8221; _builder_version=&#8221;4.2.2&#8243; min_height=&#8221;49px&#8221; custom_padding=&#8221;||0px|||&#8221;]<\/p>\n<h1>ProduktE<\/h1>\n<p>&nbsp;<\/p>\n<p>[\/et_pb_text][et_pb_shop type=&#8221;product_category&#8221; include_categories=&#8221;26&#8243; icon_hover_color=&#8221;#143889&#8243; hover_overlay_color=&#8221;rgba(255,255,255,0.52)&#8221; _builder_version=&#8221;4.2.2&#8243; title_font=&#8221;||||||||&#8221; title_text_align=&#8221;left&#8221; title_font_size=&#8221;15px&#8221; title_letter_spacing=&#8221;1px&#8221; z_index=&#8221;-287&#8243; custom_padding=&#8221;||0px|||&#8221;][\/et_pb_shop][\/et_pb_column][\/et_pb_row][\/et_pb_section]<\/p>\n","protected":false},"excerpt":{"rendered":"<p>Pflanzenwachstum auf termin Mit unseren Verdunkelungsschirmen nehmen Sie der Kultur tags\u00fcber das Sonnenlicht und stimmen das Pflanzenwachstum z. B. bei Poinsettien oder Cannabis Sativa genau auf den Verkaufstermin ab. Als Erg\u00e4nzung dazu k\u00f6nnen Sie nachts das Licht Ihrer Assimilationslampen im Gew\u00e4chshaus halten und w\u00e4hlen f\u00fcr Lichteinschluss bei m\u00f6glichst guter W\u00e4rmeabfuhr speziell angepasste Schirme. Die Schirme [&hellip;]<\/p>\n","protected":false},"author":1,"featured_media":0,"parent":0,"menu_order":0,"comment_status":"closed","ping_status":"closed","template":"","meta":{"_et_pb_use_builder":"on","_et_pb_old_content":"","_et_gb_content_width":"","footnotes":""},"class_list":["post-3374","page","type-page","status-publish","hentry"],"yoast_head":"<!-- This site is optimized with the Yoast SEO plugin v27.5 - https:\/\/yoast.com\/product\/yoast-seo-wordpress\/ -->\n<title>Verdunklung | Novavert<\/title>\n<meta name=\"robots\" content=\"index, follow, max-snippet:-1, max-image-preview:large, max-video-preview:-1\" \/>\n<link rel=\"canonical\" href=\"https:\/\/www.novavert.com\/de\/verdunklung\/\" \/>\n<meta property=\"og:locale\" content=\"de_DE\" \/>\n<meta property=\"og:type\" content=\"article\" \/>\n<meta property=\"og:title\" content=\"Verdunklung | Novavert\" \/>\n<meta property=\"og:description\" content=\"Pflanzenwachstum auf termin Mit unseren Verdunkelungsschirmen nehmen Sie der Kultur tags\u00fcber das Sonnenlicht und stimmen das Pflanzenwachstum z. B. bei Poinsettien oder Cannabis Sativa genau auf den Verkaufstermin ab. Als Erg\u00e4nzung dazu k\u00f6nnen Sie nachts das Licht Ihrer Assimilationslampen im Gew\u00e4chshaus halten und w\u00e4hlen f\u00fcr Lichteinschluss bei m\u00f6glichst guter W\u00e4rmeabfuhr speziell angepasste Schirme. Die Schirme [&hellip;]\" \/>\n<meta property=\"og:url\" content=\"https:\/\/www.novavert.com\/de\/verdunklung\/\" \/>\n<meta property=\"og:site_name\" content=\"Novavert\" \/>\n<meta property=\"article:modified_time\" content=\"2020-10-06T07:24:30+00:00\" \/>\n<meta name=\"twitter:card\" content=\"summary_large_image\" \/>\n<meta name=\"twitter:label1\" content=\"Gesch\u00e4tzte Lesezeit\" \/>\n\t<meta name=\"twitter:data1\" content=\"2\u00a0Minuten\" \/>\n<script type=\"application\/ld+json\" class=\"yoast-schema-graph\">{\"@context\":\"https:\\\/\\\/schema.org\",\"@graph\":[{\"@type\":\"WebPage\",\"@id\":\"https:\\\/\\\/www.novavert.com\\\/de\\\/verdunklung\\\/\",\"url\":\"https:\\\/\\\/www.novavert.com\\\/de\\\/verdunklung\\\/\",\"name\":\"Verdunklung | Novavert\",\"isPartOf\":{\"@id\":\"\\\/#website\"},\"datePublished\":\"2020-01-22T21:41:54+00:00\",\"dateModified\":\"2020-10-06T07:24:30+00:00\",\"breadcrumb\":{\"@id\":\"https:\\\/\\\/www.novavert.com\\\/de\\\/verdunklung\\\/#breadcrumb\"},\"inLanguage\":\"de\",\"potentialAction\":[{\"@type\":\"ReadAction\",\"target\":[\"https:\\\/\\\/www.novavert.com\\\/de\\\/verdunklung\\\/\"]}]},{\"@type\":\"BreadcrumbList\",\"@id\":\"https:\\\/\\\/www.novavert.com\\\/de\\\/verdunklung\\\/#breadcrumb\",\"itemListElement\":[{\"@type\":\"ListItem\",\"position\":1,\"name\":\"Startseite\",\"item\":\"https:\\\/\\\/www.novavert.com\\\/de\\\/\"},{\"@type\":\"ListItem\",\"position\":2,\"name\":\"Verdunklung\"}]},{\"@type\":\"WebSite\",\"@id\":\"\\\/#website\",\"url\":\"\\\/\",\"name\":\"Novavert\",\"description\":\"IHR PARTNER F\u00dcR HOCHWERTIGE PRODUKTE AUS DEN BEREICHEN SCHATTIERUNGEN UND WETTERSCHUTZ\",\"publisher\":{\"@id\":\"\\\/#organization\"},\"potentialAction\":[{\"@type\":\"SearchAction\",\"target\":{\"@type\":\"EntryPoint\",\"urlTemplate\":\"\\\/?s={search_term_string}\"},\"query-input\":{\"@type\":\"PropertyValueSpecification\",\"valueRequired\":true,\"valueName\":\"search_term_string\"}}],\"inLanguage\":\"de\"},{\"@type\":\"Organization\",\"@id\":\"\\\/#organization\",\"name\":\"Novavert\",\"url\":\"\\\/\",\"logo\":{\"@type\":\"ImageObject\",\"inLanguage\":\"de\",\"@id\":\"\\\/#\\\/schema\\\/logo\\\/image\\\/\",\"url\":\"https:\\\/\\\/www.novavert.com\\\/wp-content\\\/uploads\\\/2020\\\/03\\\/novavert_Logo_Men\u00fc-3.png\",\"contentUrl\":\"https:\\\/\\\/www.novavert.com\\\/wp-content\\\/uploads\\\/2020\\\/03\\\/novavert_Logo_Men\u00fc-3.png\",\"width\":407,\"height\":180,\"caption\":\"Novavert\"},\"image\":{\"@id\":\"\\\/#\\\/schema\\\/logo\\\/image\\\/\"}}]}<\/script>\n<!-- \/ Yoast SEO plugin. -->","yoast_head_json":{"title":"Verdunklung | Novavert","robots":{"index":"index","follow":"follow","max-snippet":"max-snippet:-1","max-image-preview":"max-image-preview:large","max-video-preview":"max-video-preview:-1"},"canonical":"https:\/\/www.novavert.com\/de\/verdunklung\/","og_locale":"de_DE","og_type":"article","og_title":"Verdunklung | Novavert","og_description":"Pflanzenwachstum auf termin Mit unseren Verdunkelungsschirmen nehmen Sie der Kultur tags\u00fcber das Sonnenlicht und stimmen das Pflanzenwachstum z. B. bei Poinsettien oder Cannabis Sativa genau auf den Verkaufstermin ab. Als Erg\u00e4nzung dazu k\u00f6nnen Sie nachts das Licht Ihrer Assimilationslampen im Gew\u00e4chshaus halten und w\u00e4hlen f\u00fcr Lichteinschluss bei m\u00f6glichst guter W\u00e4rmeabfuhr speziell angepasste Schirme. Die Schirme [&hellip;]","og_url":"https:\/\/www.novavert.com\/de\/verdunklung\/","og_site_name":"Novavert","article_modified_time":"2020-10-06T07:24:30+00:00","twitter_card":"summary_large_image","twitter_misc":{"Gesch\u00e4tzte Lesezeit":"2\u00a0Minuten"},"schema":{"@context":"https:\/\/schema.org","@graph":[{"@type":"WebPage","@id":"https:\/\/www.novavert.com\/de\/verdunklung\/","url":"https:\/\/www.novavert.com\/de\/verdunklung\/","name":"Verdunklung | Novavert","isPartOf":{"@id":"\/#website"},"datePublished":"2020-01-22T21:41:54+00:00","dateModified":"2020-10-06T07:24:30+00:00","breadcrumb":{"@id":"https:\/\/www.novavert.com\/de\/verdunklung\/#breadcrumb"},"inLanguage":"de","potentialAction":[{"@type":"ReadAction","target":["https:\/\/www.novavert.com\/de\/verdunklung\/"]}]},{"@type":"BreadcrumbList","@id":"https:\/\/www.novavert.com\/de\/verdunklung\/#breadcrumb","itemListElement":[{"@type":"ListItem","position":1,"name":"Startseite","item":"https:\/\/www.novavert.com\/de\/"},{"@type":"ListItem","position":2,"name":"Verdunklung"}]},{"@type":"WebSite","@id":"\/#website","url":"\/","name":"Novavert","description":"IHR PARTNER F\u00dcR HOCHWERTIGE PRODUKTE AUS DEN BEREICHEN SCHATTIERUNGEN UND WETTERSCHUTZ","publisher":{"@id":"\/#organization"},"potentialAction":[{"@type":"SearchAction","target":{"@type":"EntryPoint","urlTemplate":"\/?s={search_term_string}"},"query-input":{"@type":"PropertyValueSpecification","valueRequired":true,"valueName":"search_term_string"}}],"inLanguage":"de"},{"@type":"Organization","@id":"\/#organization","name":"Novavert","url":"\/","logo":{"@type":"ImageObject","inLanguage":"de","@id":"\/#\/schema\/logo\/image\/","url":"https:\/\/www.novavert.com\/wp-content\/uploads\/2020\/03\/novavert_Logo_Men\u00fc-3.png","contentUrl":"https:\/\/www.novavert.com\/wp-content\/uploads\/2020\/03\/novavert_Logo_Men\u00fc-3.png","width":407,"height":180,"caption":"Novavert"},"image":{"@id":"\/#\/schema\/logo\/image\/"}}]}},"_links":{"self":[{"href":"https:\/\/www.novavert.com\/de\/wp-json\/wp\/v2\/pages\/3374","targetHints":{"allow":["GET"]}}],"collection":[{"href":"https:\/\/www.novavert.com\/de\/wp-json\/wp\/v2\/pages"}],"about":[{"href":"https:\/\/www.novavert.com\/de\/wp-json\/wp\/v2\/types\/page"}],"author":[{"embeddable":true,"href":"https:\/\/www.novavert.com\/de\/wp-json\/wp\/v2\/users\/1"}],"replies":[{"embeddable":true,"href":"https:\/\/www.novavert.com\/de\/wp-json\/wp\/v2\/comments?post=3374"}],"version-history":[{"count":21,"href":"https:\/\/www.novavert.com\/de\/wp-json\/wp\/v2\/pages\/3374\/revisions"}],"predecessor-version":[{"id":14151,"href":"https:\/\/www.novavert.com\/de\/wp-json\/wp\/v2\/pages\/3374\/revisions\/14151"}],"wp:attachment":[{"href":"https:\/\/www.novavert.com\/de\/wp-json\/wp\/v2\/media?parent=3374"}],"curies":[{"name":"wp","href":"https:\/\/api.w.org\/{rel}","templated":true}]}}