{"id":3368,"date":"2020-01-22T21:36:11","date_gmt":"2020-01-22T21:36:11","guid":{"rendered":"https:\/\/novavert.com\/?page_id=3368"},"modified":"2021-09-01T09:48:39","modified_gmt":"2021-09-01T07:48:39","slug":"schattierung-energieeinsparung-geschlossene-schattierschirme","status":"publish","type":"page","link":"https:\/\/www.novavert.com\/de\/schattierung-energieeinsparung-geschlossene-schattierschirme\/","title":{"rendered":"Schattierung &#038; Energieeinsparung"},"content":{"rendered":"<p>[et_pb_section fb_built=&#8221;1&#8243; _builder_version=&#8221;4.2.2&#8243; custom_padding=&#8221;0px||0px||false|false&#8221; locked=&#8221;off&#8221;][et_pb_row disabled_on=&#8221;off|off|off&#8221; _builder_version=&#8221;4.2.2&#8243; custom_padding=&#8221;0px||||false|false&#8221;][et_pb_column type=&#8221;4_4&#8243; _builder_version=&#8221;3.25&#8243; custom_padding=&#8221;|||&#8221; custom_padding__hover=&#8221;|||&#8221;][et_pb_slider _builder_version=&#8221;4.2.2&#8243; background_image=&#8221;https:\/\/www.novavert.com\/wp-content\/uploads\/2020\/03\/Infly-gross-HS-885-scaled-e1588672827710.jpg&#8221; min_height=&#8221;368px&#8221; custom_margin=&#8221;0px||||false|false&#8221; custom_padding=&#8221;||||false|false&#8221; auto=&#8221;on&#8221;][et_pb_slide heading=&#8221;Schattierung &#038; Energieeinsparung&#8221; _builder_version=&#8221;4.2.2&#8243; background_image=&#8221;https:\/\/www.novavert.com\/wp-content\/uploads\/2020\/03\/Infly-gross-HS-885-scaled-e1588672827710.jpg&#8221; background_enable_image=&#8221;on&#8221; sticky_transition=&#8221;on&#8221;][\/et_pb_slide][et_pb_slide _builder_version=&#8221;4.2.2&#8243; background_image=&#8221;https:\/\/www.novavert.com\/wp-content\/uploads\/2020\/05\/Kat.-Gartenbau-SchattierungEnergieeinsparung-Schio-IT-e1588676787917.jpg&#8221; background_enable_image=&#8221;on&#8221; sticky_transition=&#8221;on&#8221;][\/et_pb_slide][et_pb_slide _builder_version=&#8221;4.2.2&#8243; background_image=&#8221;https:\/\/www.novavert.com\/wp-content\/uploads\/2020\/05\/Kat.-Gartenbau-SchattierungEnergieeinsparung-Saric-DE_2-1-scaled-e1588753980663.jpg&#8221; background_enable_image=&#8221;on&#8221; sticky_transition=&#8221;on&#8221;][\/et_pb_slide][et_pb_slide _builder_version=&#8221;4.2.2&#8243; background_image=&#8221;https:\/\/www.novavert.com\/wp-content\/uploads\/2020\/05\/Kat.-Gartenbau-SchattierungEnergieschirme-KAZ-PL_3-e1588597239245.jpg&#8221; background_enable_image=&#8221;on&#8221; sticky_transition=&#8221;on&#8221;][\/et_pb_slide][et_pb_slide _builder_version=&#8221;4.2.2&#8243; background_image=&#8221;https:\/\/www.novavert.com\/wp-content\/uploads\/2020\/05\/Kat.-Gartenbau-3-Saric-DE-scaled-e1588596081987.jpg&#8221; background_enable_image=&#8221;on&#8221; sticky_transition=&#8221;on&#8221;][\/et_pb_slide][et_pb_slide _builder_version=&#8221;4.2.2&#8243; background_image=&#8221;https:\/\/www.novavert.com\/wp-content\/uploads\/2020\/05\/Kat.-Gartenbau-SchattierungEnergieeinsparung-KAZ-PL_1-e1588754227297.jpg&#8221; background_enable_image=&#8221;on&#8221; sticky_transition=&#8221;on&#8221;][\/et_pb_slide][\/et_pb_slider][et_pb_text _builder_version=&#8221;4.2.2&#8243; min_height=&#8221;98px&#8221;]<\/p>\n<h1>GESCHLOSSENE SCHIRME<\/h1>\n<p><b>F\u00dcR W\u00c4RMER\u00dcCKHALT UND LICHTEINFALL<\/b><\/p>\n<p>Geschlossene Schattierschirme f\u00fcr Gew\u00e4chsh\u00e4user von Novavert sind langlebig und haben sehr guten Energiesparwerte, wie Untersuchungen der Hochschule Osnabr\u00fcck best\u00e4tigen.<\/p>\n<p>Durch ihre Struktur sind sie nur gering luftdurchl\u00e4ssig, so dass die Konvektions- und ein Teil der Strahlungsw\u00e4rme zur\u00fcckgehalten werden. Um ein ausgewogenes Gleichgewicht zwischen Dichtigkeit und ausreichendem Feuchtigkeitstransport herzustellen, sind entweder textile F\u00e4den eingebracht oder der Schirm besteht vollst\u00e4ndig aus textilen Fasern.<\/p>\n<p><b>KOSTEN SPAREN<\/b><\/p>\n<p>Energieschirme senken den Energieverbrauch Ihres Gew\u00e4chshauses und die Transparenten lassen gleichzeitig das Licht nahezu komplett durch.<\/p>\n<p>Nach der Thermobehandlung im Werk schrumpft das Material im Gew\u00e4chshaus kaum nach (&lt;1%). Das extrem leichte Material l\u00e4sst sich fast unsichtbar zusammenfalten; kombiniert mit einem sehr schmalen Schirmprofil f\u00e4llt ein Maximum an Licht auf die Pflanzen.<\/p>\n<p>Verschiedene Klimazonen im Gew\u00e4chshaus sparen noch mehr Energie: Mit Rollschirmen trennen Sie die unterschiedlichen Bereiche voneinander.<\/p>\n<p>Die Schirme konfektionieren wir auf jede gew\u00fcnschte Breite als Rollenware, mit Haken, u.a. mit Saumband, Schlaufe, Drahtseil, Klettband oder f\u00fcr HS\u00b2-Anlagen. Verschiedenste Schattierwerte sind erh\u00e4ltlich.<\/p>\n<p>[\/et_pb_text][et_pb_divider color=&#8221;#eaeaea&#8221; _builder_version=&#8221;4.2.2&#8243;][\/et_pb_divider][et_pb_text disabled_on=&#8221;off|off|off&#8221; _builder_version=&#8221;4.2.2&#8243; min_height=&#8221;79px&#8221; custom_margin=&#8221;-40px|||||&#8221; custom_padding=&#8221;0px||0px|0px||&#8221;]<\/p>\n<h1>Produkte<\/h1>\n<p><b>F\u00fcr horizontale und HS\u00b2-Anlage oder Rollschirme<\/b><\/p>\n<p>[\/et_pb_text][et_pb_shop type=&#8221;product_category&#8221; posts_number=&#8221;200&#8243; include_categories=&#8221;25&#8243; icon_hover_color=&#8221;#143889&#8243; hover_overlay_color=&#8221;rgba(255,255,255,0.52)&#8221; _builder_version=&#8221;4.2.2&#8243; title_font=&#8221;||||||||&#8221; title_text_align=&#8221;left&#8221; title_font_size=&#8221;15px&#8221; title_letter_spacing=&#8221;1px&#8221; z_index=&#8221;-287&#8243; custom_padding=&#8221;||0px|||&#8221;][\/et_pb_shop][\/et_pb_column][\/et_pb_row][\/et_pb_section]<\/p>\n","protected":false},"excerpt":{"rendered":"<p>GESCHLOSSENE SCHIRME F\u00dcR W\u00c4RMER\u00dcCKHALT UND LICHTEINFALL Geschlossene Schattierschirme f\u00fcr Gew\u00e4chsh\u00e4user von Novavert sind langlebig und haben sehr guten Energiesparwerte, wie Untersuchungen der Hochschule Osnabr\u00fcck best\u00e4tigen. Durch ihre Struktur sind sie nur gering luftdurchl\u00e4ssig, so dass die Konvektions- und ein Teil der Strahlungsw\u00e4rme zur\u00fcckgehalten werden. Um ein ausgewogenes Gleichgewicht zwischen Dichtigkeit und ausreichendem Feuchtigkeitstransport herzustellen, sind [&hellip;]<\/p>\n","protected":false},"author":1,"featured_media":0,"parent":0,"menu_order":0,"comment_status":"closed","ping_status":"closed","template":"","meta":{"_et_pb_use_builder":"on","_et_pb_old_content":"","_et_gb_content_width":"","footnotes":""},"class_list":["post-3368","page","type-page","status-publish","hentry"],"yoast_head":"<!-- This site is optimized with the Yoast SEO plugin v27.6 - https:\/\/yoast.com\/product\/yoast-seo-wordpress\/ -->\n<title>Geschlossene Schattierschirme | Energieeinsparung im Gew\u00e4chshaus |<\/title>\n<meta name=\"description\" content=\"Geschlossene Schattierschirme von Novavert sind langlebig und sorgen f\u00fcr Energieeinsparung in Ihrem Gew\u00e4chshaus. Entdecken Sie sie hier...\" \/>\n<meta name=\"robots\" content=\"index, follow, max-snippet:-1, max-image-preview:large, max-video-preview:-1\" \/>\n<link rel=\"canonical\" href=\"https:\/\/www.novavert.com\/de\/schattierung-energieeinsparung-geschlossene-schattierschirme\/\" \/>\n<meta property=\"og:locale\" content=\"de_DE\" \/>\n<meta property=\"og:type\" content=\"article\" \/>\n<meta property=\"og:title\" content=\"Geschlossene Schattierschirme | Energieeinsparung im Gew\u00e4chshaus |\" \/>\n<meta property=\"og:description\" content=\"Geschlossene Schattierschirme von Novavert sind langlebig und sorgen f\u00fcr Energieeinsparung in Ihrem Gew\u00e4chshaus. Entdecken Sie sie hier...\" \/>\n<meta property=\"og:url\" content=\"https:\/\/www.novavert.com\/de\/schattierung-energieeinsparung-geschlossene-schattierschirme\/\" \/>\n<meta property=\"og:site_name\" content=\"Novavert\" \/>\n<meta property=\"article:modified_time\" content=\"2021-09-01T07:48:39+00:00\" \/>\n<meta name=\"twitter:card\" content=\"summary_large_image\" \/>\n<meta name=\"twitter:label1\" content=\"Gesch\u00e4tzte Lesezeit\" \/>\n\t<meta name=\"twitter:data1\" content=\"3\u00a0Minuten\" \/>\n<script type=\"application\/ld+json\" class=\"yoast-schema-graph\">{\"@context\":\"https:\\\/\\\/schema.org\",\"@graph\":[{\"@type\":\"WebPage\",\"@id\":\"https:\\\/\\\/www.novavert.com\\\/de\\\/schattierung-energieeinsparung-geschlossene-schattierschirme\\\/\",\"url\":\"https:\\\/\\\/www.novavert.com\\\/de\\\/schattierung-energieeinsparung-geschlossene-schattierschirme\\\/\",\"name\":\"Geschlossene Schattierschirme | Energieeinsparung im Gew\u00e4chshaus |\",\"isPartOf\":{\"@id\":\"\\\/#website\"},\"datePublished\":\"2020-01-22T21:36:11+00:00\",\"dateModified\":\"2021-09-01T07:48:39+00:00\",\"description\":\"Geschlossene Schattierschirme von Novavert sind langlebig und sorgen f\u00fcr Energieeinsparung in Ihrem Gew\u00e4chshaus. Entdecken Sie sie hier...\",\"breadcrumb\":{\"@id\":\"https:\\\/\\\/www.novavert.com\\\/de\\\/schattierung-energieeinsparung-geschlossene-schattierschirme\\\/#breadcrumb\"},\"inLanguage\":\"de\",\"potentialAction\":[{\"@type\":\"ReadAction\",\"target\":[\"https:\\\/\\\/www.novavert.com\\\/de\\\/schattierung-energieeinsparung-geschlossene-schattierschirme\\\/\"]}]},{\"@type\":\"BreadcrumbList\",\"@id\":\"https:\\\/\\\/www.novavert.com\\\/de\\\/schattierung-energieeinsparung-geschlossene-schattierschirme\\\/#breadcrumb\",\"itemListElement\":[{\"@type\":\"ListItem\",\"position\":1,\"name\":\"Startseite\",\"item\":\"https:\\\/\\\/www.novavert.com\\\/de\\\/\"},{\"@type\":\"ListItem\",\"position\":2,\"name\":\"Schattierung &#038; Energieeinsparung\"}]},{\"@type\":\"WebSite\",\"@id\":\"\\\/#website\",\"url\":\"\\\/\",\"name\":\"Novavert\",\"description\":\"IHR PARTNER F\u00dcR HOCHWERTIGE PRODUKTE AUS DEN BEREICHEN SCHATTIERUNGEN UND WETTERSCHUTZ\",\"publisher\":{\"@id\":\"\\\/#organization\"},\"potentialAction\":[{\"@type\":\"SearchAction\",\"target\":{\"@type\":\"EntryPoint\",\"urlTemplate\":\"\\\/?s={search_term_string}\"},\"query-input\":{\"@type\":\"PropertyValueSpecification\",\"valueRequired\":true,\"valueName\":\"search_term_string\"}}],\"inLanguage\":\"de\"},{\"@type\":\"Organization\",\"@id\":\"\\\/#organization\",\"name\":\"Novavert\",\"url\":\"\\\/\",\"logo\":{\"@type\":\"ImageObject\",\"inLanguage\":\"de\",\"@id\":\"\\\/#\\\/schema\\\/logo\\\/image\\\/\",\"url\":\"https:\\\/\\\/www.novavert.com\\\/wp-content\\\/uploads\\\/2020\\\/03\\\/novavert_Logo_Men\u00fc-3.png\",\"contentUrl\":\"https:\\\/\\\/www.novavert.com\\\/wp-content\\\/uploads\\\/2020\\\/03\\\/novavert_Logo_Men\u00fc-3.png\",\"width\":407,\"height\":180,\"caption\":\"Novavert\"},\"image\":{\"@id\":\"\\\/#\\\/schema\\\/logo\\\/image\\\/\"}}]}<\/script>\n<!-- \/ Yoast SEO plugin. -->","yoast_head_json":{"title":"Geschlossene Schattierschirme | Energieeinsparung im Gew\u00e4chshaus |","description":"Geschlossene Schattierschirme von Novavert sind langlebig und sorgen f\u00fcr Energieeinsparung in Ihrem Gew\u00e4chshaus. Entdecken Sie sie hier...","robots":{"index":"index","follow":"follow","max-snippet":"max-snippet:-1","max-image-preview":"max-image-preview:large","max-video-preview":"max-video-preview:-1"},"canonical":"https:\/\/www.novavert.com\/de\/schattierung-energieeinsparung-geschlossene-schattierschirme\/","og_locale":"de_DE","og_type":"article","og_title":"Geschlossene Schattierschirme | Energieeinsparung im Gew\u00e4chshaus |","og_description":"Geschlossene Schattierschirme von Novavert sind langlebig und sorgen f\u00fcr Energieeinsparung in Ihrem Gew\u00e4chshaus. Entdecken Sie sie hier...","og_url":"https:\/\/www.novavert.com\/de\/schattierung-energieeinsparung-geschlossene-schattierschirme\/","og_site_name":"Novavert","article_modified_time":"2021-09-01T07:48:39+00:00","twitter_card":"summary_large_image","twitter_misc":{"Gesch\u00e4tzte Lesezeit":"3\u00a0Minuten"},"schema":{"@context":"https:\/\/schema.org","@graph":[{"@type":"WebPage","@id":"https:\/\/www.novavert.com\/de\/schattierung-energieeinsparung-geschlossene-schattierschirme\/","url":"https:\/\/www.novavert.com\/de\/schattierung-energieeinsparung-geschlossene-schattierschirme\/","name":"Geschlossene Schattierschirme | Energieeinsparung im Gew\u00e4chshaus |","isPartOf":{"@id":"\/#website"},"datePublished":"2020-01-22T21:36:11+00:00","dateModified":"2021-09-01T07:48:39+00:00","description":"Geschlossene Schattierschirme von Novavert sind langlebig und sorgen f\u00fcr Energieeinsparung in Ihrem Gew\u00e4chshaus. Entdecken Sie sie hier...","breadcrumb":{"@id":"https:\/\/www.novavert.com\/de\/schattierung-energieeinsparung-geschlossene-schattierschirme\/#breadcrumb"},"inLanguage":"de","potentialAction":[{"@type":"ReadAction","target":["https:\/\/www.novavert.com\/de\/schattierung-energieeinsparung-geschlossene-schattierschirme\/"]}]},{"@type":"BreadcrumbList","@id":"https:\/\/www.novavert.com\/de\/schattierung-energieeinsparung-geschlossene-schattierschirme\/#breadcrumb","itemListElement":[{"@type":"ListItem","position":1,"name":"Startseite","item":"https:\/\/www.novavert.com\/de\/"},{"@type":"ListItem","position":2,"name":"Schattierung &#038; Energieeinsparung"}]},{"@type":"WebSite","@id":"\/#website","url":"\/","name":"Novavert","description":"IHR PARTNER F\u00dcR HOCHWERTIGE PRODUKTE AUS DEN BEREICHEN SCHATTIERUNGEN UND WETTERSCHUTZ","publisher":{"@id":"\/#organization"},"potentialAction":[{"@type":"SearchAction","target":{"@type":"EntryPoint","urlTemplate":"\/?s={search_term_string}"},"query-input":{"@type":"PropertyValueSpecification","valueRequired":true,"valueName":"search_term_string"}}],"inLanguage":"de"},{"@type":"Organization","@id":"\/#organization","name":"Novavert","url":"\/","logo":{"@type":"ImageObject","inLanguage":"de","@id":"\/#\/schema\/logo\/image\/","url":"https:\/\/www.novavert.com\/wp-content\/uploads\/2020\/03\/novavert_Logo_Men\u00fc-3.png","contentUrl":"https:\/\/www.novavert.com\/wp-content\/uploads\/2020\/03\/novavert_Logo_Men\u00fc-3.png","width":407,"height":180,"caption":"Novavert"},"image":{"@id":"\/#\/schema\/logo\/image\/"}}]}},"_links":{"self":[{"href":"https:\/\/www.novavert.com\/de\/wp-json\/wp\/v2\/pages\/3368","targetHints":{"allow":["GET"]}}],"collection":[{"href":"https:\/\/www.novavert.com\/de\/wp-json\/wp\/v2\/pages"}],"about":[{"href":"https:\/\/www.novavert.com\/de\/wp-json\/wp\/v2\/types\/page"}],"author":[{"embeddable":true,"href":"https:\/\/www.novavert.com\/de\/wp-json\/wp\/v2\/users\/1"}],"replies":[{"embeddable":true,"href":"https:\/\/www.novavert.com\/de\/wp-json\/wp\/v2\/comments?post=3368"}],"version-history":[{"count":27,"href":"https:\/\/www.novavert.com\/de\/wp-json\/wp\/v2\/pages\/3368\/revisions"}],"predecessor-version":[{"id":15287,"href":"https:\/\/www.novavert.com\/de\/wp-json\/wp\/v2\/pages\/3368\/revisions\/15287"}],"wp:attachment":[{"href":"https:\/\/www.novavert.com\/de\/wp-json\/wp\/v2\/media?parent=3368"}],"curies":[{"name":"wp","href":"https:\/\/api.w.org\/{rel}","templated":true}]}}