{"id":22,"date":"2019-05-10T09:13:30","date_gmt":"2019-05-10T09:13:30","guid":{"rendered":"https:\/\/novavert.com\/?page_id=22"},"modified":"2021-06-28T14:30:58","modified_gmt":"2021-06-28T12:30:58","slug":"gartenbau","status":"publish","type":"page","link":"https:\/\/www.novavert.com\/de\/gartenbau\/","title":{"rendered":"Gartenbau"},"content":{"rendered":"<p>[et_pb_section fb_built=&#8221;1&#8243; _builder_version=&#8221;4.2.2&#8243; custom_margin=&#8221;0px||||false|false&#8221; custom_padding=&#8221;0px||0px||false|false&#8221;][et_pb_row _builder_version=&#8221;4.2.2&#8243; custom_margin=&#8221;0px|auto||auto|false|false&#8221; custom_padding=&#8221;0px||||false|false&#8221;][et_pb_column type=&#8221;4_4&#8243; _builder_version=&#8221;4.2.2&#8243;][et_pb_slider _builder_version=&#8221;4.2.2&#8243; background_image=&#8221;https:\/\/www.novavert.com\/wp-content\/uploads\/2020\/03\/Kat.-Gartenbau-2-Rehner-DE-scaled-e1588595855935.jpg&#8221; min_height=&#8221;368px&#8221; custom_margin=&#8221;0px||||false|false&#8221; custom_padding=&#8221;||||false|false&#8221;][et_pb_slide heading=&#8221;Gartenbau&#8221; _builder_version=&#8221;4.2.2&#8243; background_image=&#8221;https:\/\/www.novavert.com\/wp-content\/uploads\/2020\/05\/Kat.-Gartenbau-1-Prinz-AU-scaled-e1588595691490.jpg&#8221; background_enable_image=&#8221;on&#8221; sticky_transition=&#8221;on&#8221;][\/et_pb_slide][et_pb_slide _builder_version=&#8221;4.2.2&#8243; background_image=&#8221;https:\/\/www.novavert.com\/wp-content\/uploads\/2020\/03\/Kat.-Gartenbau-2-Rehner-DE-scaled-e1588595855935.jpg&#8221; background_enable_image=&#8221;on&#8221; sticky_transition=&#8221;on&#8221;][\/et_pb_slide][et_pb_slide _builder_version=&#8221;4.2.2&#8243; background_image=&#8221;https:\/\/www.novavert.com\/wp-content\/uploads\/2020\/03\/Kat.-Gartenbau-3-Saric-DE-scaled.jpg&#8221; background_enable_image=&#8221;on&#8221; sticky_transition=&#8221;on&#8221;][\/et_pb_slide][et_pb_slide _builder_version=&#8221;4.2.2&#8243; background_image=&#8221;https:\/\/www.novavert.com\/wp-content\/uploads\/2020\/04\/Sunblest-FL-USA-scaled.jpg&#8221; background_enable_image=&#8221;on&#8221; sticky_transition=&#8221;on&#8221;][\/et_pb_slide][et_pb_slide _builder_version=&#8221;4.2.2&#8243; background_image=&#8221;https:\/\/www.novavert.com\/wp-content\/uploads\/2020\/05\/Kat.-Gartenbau-SchattierungEnergieschirme-KAZ-PL_3-e1588597239245.jpg&#8221; background_enable_image=&#8221;on&#8221; sticky_transition=&#8221;on&#8221;][\/et_pb_slide][et_pb_slide _builder_version=&#8221;4.2.2&#8243; background_image=&#8221;https:\/\/www.novavert.com\/wp-content\/uploads\/2020\/03\/Kat.-Gartenbau-8-Penza-RUS-1-scaled-e1588596542473.jpg&#8221; background_enable_image=&#8221;on&#8221; sticky_transition=&#8221;on&#8221;][\/et_pb_slide][\/et_pb_slider][et_pb_text _builder_version=&#8221;4.6.1&#8243; min_height=&#8221;98px&#8221;]<\/p>\n<h1>Zukunftsorientierte Gew\u00e4chshaustechnologie f\u00fcr den Gartenbau.<\/h1>\n<p style=\"color: #666666;\"><b>MADE IN GERMANY.<br \/> <\/b>Der Name <strong>Heescher<\/strong> ist in der <strong>Gew\u00e4chshaustechnik <\/strong>f\u00fcr den Gartenbau seit mehr als <strong>40 Jahren<\/strong> bekannt f\u00fcr Freude an neuen Ideen, die Motivation, die beste L\u00f6sung zu finden und f\u00fcr termingerechte Umsetzungen.<br \/>Heute ist <strong>Novavert<\/strong> <strong>ein weltweit t\u00e4tiger Hersteller und Gro\u00dfh\u00e4ndler von Schirmmaterialien und Schattierungssystemen <\/strong>in der Gew\u00e4chshaustechnik. Gew\u00e4chshausbauer, Schirminstallateure und G\u00e4rtner sch\u00e4tzen die jahrzehntelange Erfahrung unseres Teams sowie unser umfassendes Netz an Lieferanten und Herstellern und damit verbunden unser breites Produktprogramm.<br \/>Die Schirme konfektionieren wir im Haus auf jede gew\u00fcnschte Breite als Rollenware, mit Haken, u.a. mit Saumband, Schlaufe, Drahtseil, Klettband, oder f\u00fcr <br \/><a href=\"https:\/\/www.novavert.com\/de\/gartenbau\/hs%c2%b2-wetterschutz\/\">HS\u00b2-Anlagen<\/a>.<\/p>\n<p>[\/et_pb_text][et_pb_divider color=&#8221;#eaeaea&#8221; _builder_version=&#8221;4.2.2&#8243; min_height=&#8221;14px&#8221;][\/et_pb_divider][et_pb_text _builder_version=&#8221;4.2.2&#8243; custom_margin=&#8221;-33px|||||&#8221;]<\/p>\n<h1>Kategorien<\/h1>\n<p>[\/et_pb_text][\/et_pb_column][\/et_pb_row][et_pb_row column_structure=&#8221;1_3,1_3,1_3&#8243; disabled_on=&#8221;off|off|off&#8221; _builder_version=&#8221;4.2.2&#8243; custom_margin=&#8221;|auto|||false|false&#8221; custom_padding=&#8221;4px||0px|||&#8221;][et_pb_column type=&#8221;1_3&#8243; _builder_version=&#8221;4.2.2&#8243; _dynamic_attributes=&#8221;link_option_url&#8221; link_option_url=&#8221;@ET-DC@eyJkeW5hbWljIjp0cnVlLCJjb250ZW50IjoicG9zdF9saW5rX3VybF9wYWdlIiwic2V0dGluZ3MiOnsicG9zdF9pZCI6IjI3NDIifX0=@&#8221;][et_pb_image src=&#8221;https:\/\/www.novavert.com\/wp-content\/uploads\/2020\/04\/HS\u00b2-Prinz-Rosen-AU-e1586265108426.jpg&#8221; url=&#8221;@ET-DC@eyJkeW5hbWljIjp0cnVlLCJjb250ZW50IjoicG9zdF9saW5rX3VybF9wYWdlIiwic2V0dGluZ3MiOnsicG9zdF9pZCI6Ijg5ODAifX0=@&#8221; _builder_version=&#8221;4.6.1&#8243; _dynamic_attributes=&#8221;url&#8221; box_shadow_style=&#8221;preset1&#8243;][\/et_pb_image][et_pb_text _builder_version=&#8221;4.2.2&#8243; _dynamic_attributes=&#8221;link_option_url&#8221; custom_margin=&#8221;||-1px|||&#8221; link_option_url=&#8221;@ET-DC@eyJkeW5hbWljIjp0cnVlLCJjb250ZW50IjoicG9zdF9saW5rX3VybF9wYWdlIiwic2V0dGluZ3MiOnsicG9zdF9pZCI6Ijg5ODAifX0=@&#8221;]<\/p>\n<h3>HS\u00b2 Wetterschutz<\/h3>\n<p>&nbsp;<\/p>\n<p>[\/et_pb_text][\/et_pb_column][et_pb_column type=&#8221;1_3&#8243; _builder_version=&#8221;4.2.2&#8243;][et_pb_image src=&#8221;https:\/\/www.novavert.com\/wp-content\/uploads\/2020\/09\/Kat.-Gartenbau-2-Rehner-DE-scaled-1.jpg&#8221; title_text=&#8221;Kat.-Gartenbau-2-Rehner-DE-scaled&#8221; url=&#8221;@ET-DC@eyJkeW5hbWljIjp0cnVlLCJjb250ZW50IjoicG9zdF9saW5rX3VybF9wYWdlIiwic2V0dGluZ3MiOnsicG9zdF9pZCI6IjI3NDIifX0=@&#8221; module_class=&#8221;bild&#8221; _builder_version=&#8221;4.6.1&#8243; _dynamic_attributes=&#8221;url&#8221; box_shadow_style=&#8221;preset1&#8243;][\/et_pb_image][et_pb_text _builder_version=&#8221;4.2.2&#8243; _dynamic_attributes=&#8221;link_option_url&#8221; link_option_url=&#8221;@ET-DC@eyJkeW5hbWljIjp0cnVlLCJjb250ZW50IjoicG9zdF9saW5rX3VybF9wYWdlIiwic2V0dGluZ3MiOnsicG9zdF9pZCI6IjI3NDIifX0=@&#8221;]<\/p>\n<h3>Schattierung<br \/>(offene Schirme &amp; Netze)<\/h3>\n<p>[\/et_pb_text][\/et_pb_column][et_pb_column type=&#8221;1_3&#8243; _builder_version=&#8221;4.2.2&#8243;][et_pb_image src=&#8221;https:\/\/www.novavert.com\/wp-content\/uploads\/2020\/03\/Kat.-Gartenbau-3-Saric-DE-scaled.jpg&#8221; url=&#8221;@ET-DC@eyJkeW5hbWljIjp0cnVlLCJjb250ZW50IjoicG9zdF9saW5rX3VybF9wYWdlIiwic2V0dGluZ3MiOnsicG9zdF9pZCI6IjMzNjgifX0=@&#8221; _builder_version=&#8221;4.6.1&#8243; _dynamic_attributes=&#8221;url&#8221; box_shadow_style=&#8221;preset1&#8243;][\/et_pb_image][et_pb_text _builder_version=&#8221;4.2.2&#8243; _dynamic_attributes=&#8221;link_option_url&#8221; link_option_url=&#8221;@ET-DC@eyJkeW5hbWljIjp0cnVlLCJjb250ZW50IjoicG9zdF9saW5rX3VybF9wYWdlIiwic2V0dGluZ3MiOnsicG9zdF9pZCI6IjMzNjgifX0=@&#8221;]<\/p>\n<h3>Schattierung &amp; Energieeinsparung (geschlossene Schirme)\u00a0<\/h3>\n<p>[\/et_pb_text][\/et_pb_column][\/et_pb_row][et_pb_row column_structure=&#8221;1_3,1_3,1_3&#8243; disabled_on=&#8221;off|off|off&#8221; _builder_version=&#8221;4.2.2&#8243; min_height=&#8221;398px&#8221; custom_margin=&#8221;|auto|auto|auto|false|false&#8221; custom_padding=&#8221;||||false|false&#8221;][et_pb_column type=&#8221;1_3&#8243; _builder_version=&#8221;4.2.2&#8243; _dynamic_attributes=&#8221;link_option_url&#8221; link_option_url=&#8221;@ET-DC@eyJkeW5hbWljIjp0cnVlLCJjb250ZW50IjoicG9zdF9saW5rX3VybF9wYWdlIiwic2V0dGluZ3MiOnsicG9zdF9pZCI6IjI3NDIifX0=@&#8221;][et_pb_image src=&#8221;https:\/\/www.novavert.com\/wp-content\/uploads\/2020\/09\/Kat.-Gartenbau-4-Sunblest-Garden-FL-USA-scaled-e1588598461576.jpg&#8221; title_text=&#8221;Kat.-Gartenbau-4-Sunblest-Garden-FL-USA-scaled-e1588598461576&#8243; url=&#8221;@ET-DC@eyJkeW5hbWljIjp0cnVlLCJjb250ZW50IjoicG9zdF9saW5rX3VybF9wYWdlIiwic2V0dGluZ3MiOnsicG9zdF9pZCI6IjMzNzEifX0=@&#8221; _builder_version=&#8221;4.6.1&#8243; _dynamic_attributes=&#8221;url&#8221; box_shadow_style=&#8221;preset1&#8243;][\/et_pb_image][et_pb_text _builder_version=&#8221;4.2.2&#8243; _dynamic_attributes=&#8221;link_option_url&#8221; link_option_url=&#8221;@ET-DC@eyJkeW5hbWljIjp0cnVlLCJjb250ZW50IjoicG9zdF9saW5rX3VybF9wYWdlIiwic2V0dGluZ3MiOnsicG9zdF9pZCI6IjMzNzEifX0=@&#8221;]<\/p>\n<h3>Folien (horizontale Anlagen, Trenn- Seitenw\u00e4nde)\u00a0<\/h3>\n<p>[\/et_pb_text][\/et_pb_column][et_pb_column type=&#8221;1_3&#8243; _builder_version=&#8221;4.2.2&#8243;][et_pb_image src=&#8221;https:\/\/www.novavert.com\/wp-content\/uploads\/2020\/04\/Kat.-Gartenbau-Verdunklung-scaled-e1585920710437.jpg&#8221; url=&#8221;@ET-DC@eyJkeW5hbWljIjp0cnVlLCJjb250ZW50IjoicG9zdF9saW5rX3VybF9wYWdlIiwic2V0dGluZ3MiOnsicG9zdF9pZCI6IjMzNzQifX0=@&#8221; _builder_version=&#8221;4.6.1&#8243; _dynamic_attributes=&#8221;url&#8221; min_height=&#8221;61px&#8221; custom_padding=&#8221;||0px|||&#8221; box_shadow_style=&#8221;preset1&#8243;][\/et_pb_image][et_pb_text _builder_version=&#8221;4.2.2&#8243; _dynamic_attributes=&#8221;link_option_url&#8221; custom_padding=&#8221;||0px|||&#8221; link_option_url=&#8221;@ET-DC@eyJkeW5hbWljIjp0cnVlLCJjb250ZW50IjoicG9zdF9saW5rX3VybF9wYWdlIiwic2V0dGluZ3MiOnsicG9zdF9pZCI6IjMzNzQifX0=@&#8221;]<\/p>\n<h3>Verdunklung (geschlossene, verdunkelnde Schirme)\u00a0<\/h3>\n<p>[\/et_pb_text][\/et_pb_column][et_pb_column type=&#8221;1_3&#8243; _builder_version=&#8221;4.2.2&#8243;][et_pb_image src=&#8221;https:\/\/www.novavert.com\/wp-content\/uploads\/2020\/04\/3688-HS\u00b2-Mutliclip-SET_2.jpg&#8221; url=&#8221;@ET-DC@eyJkeW5hbWljIjp0cnVlLCJjb250ZW50IjoicG9zdF9saW5rX3VybF9wYWdlIiwic2V0dGluZ3MiOnsicG9zdF9pZCI6IjMzNzcifX0=@&#8221; _builder_version=&#8221;4.6.1&#8243; _dynamic_attributes=&#8221;url&#8221; box_shadow_style=&#8221;preset1&#8243;][\/et_pb_image][et_pb_text _builder_version=&#8221;4.2.2&#8243; _dynamic_attributes=&#8221;link_option_url&#8221; min_height=&#8221;13px&#8221; custom_padding=&#8221;||0px|||&#8221; link_option_url=&#8221;@ET-DC@eyJkeW5hbWljIjp0cnVlLCJjb250ZW50IjoicG9zdF9saW5rX3VybF9wYWdlIiwic2V0dGluZ3MiOnsicG9zdF9pZCI6IjcwNDAifX0=@&#8221;]<\/p>\n<h3>SYSTEMTEILE\u00a0<strong>\u00a0<\/strong><\/h3>\n<p>[\/et_pb_text][\/et_pb_column][\/et_pb_row][et_pb_row column_structure=&#8221;1_3,1_3,1_3&#8243; disabled_on=&#8221;off|off|off&#8221; _builder_version=&#8221;4.2.2&#8243; custom_padding=&#8221;4px|||||&#8221;][et_pb_column type=&#8221;1_3&#8243; _builder_version=&#8221;4.2.2&#8243; _dynamic_attributes=&#8221;link_option_url&#8221; link_option_url=&#8221;@ET-DC@eyJkeW5hbWljIjp0cnVlLCJjb250ZW50IjoicG9zdF9saW5rX3VybF9wYWdlIiwic2V0dGluZ3MiOnsicG9zdF9pZCI6IjI3NDIifX0=@&#8221;][et_pb_image src=&#8221;https:\/\/www.novavert.com\/wp-content\/uploads\/2020\/03\/Kat.-Gartenbau-Blumendetail-Irigard-IT-scaled.jpg&#8221; url=&#8221;@ET-DC@eyJkeW5hbWljIjp0cnVlLCJjb250ZW50IjoicG9zdF9saW5rX3VybF9wYWdlIiwic2V0dGluZ3MiOnsicG9zdF9pZCI6IjcwMzUifX0=@&#8221; _builder_version=&#8221;4.2.2&#8243; _dynamic_attributes=&#8221;url&#8221; box_shadow_style=&#8221;preset1&#8243;][\/et_pb_image][et_pb_text _builder_version=&#8221;4.2.2&#8243; _dynamic_attributes=&#8221;link_option_url&#8221; custom_margin=&#8221;||-1px|||&#8221; link_option_url=&#8221;@ET-DC@eyJkeW5hbWljIjp0cnVlLCJjb250ZW50IjoicG9zdF9saW5rX3VybF9wYWdlIiwic2V0dGluZ3MiOnsicG9zdF9pZCI6IjcwMzUifX0=@&#8221;]<\/p>\n<h3>G\u00e4rtnereibedarf<\/h3>\n<p>&nbsp;<\/p>\n<p>[\/et_pb_text][\/et_pb_column][et_pb_column type=&#8221;1_3&#8243; _builder_version=&#8221;4.2.2&#8243;][et_pb_image src=&#8221;https:\/\/www.novavert.com\/wp-content\/uploads\/2020\/09\/Kat.-HobbyDeko-4-Arendhoeve-NL-scaled-1.jpg&#8221; title_text=&#8221;Kat.-HobbyDeko-4-Arendhoeve-NL-scaled&#8221; url=&#8221;@ET-DC@eyJkeW5hbWljIjp0cnVlLCJjb250ZW50IjoicG9zdF9saW5rX3VybF9wYWdlIiwic2V0dGluZ3MiOnsicG9zdF9pZCI6IjcwNDAifX0=@&#8221; _builder_version=&#8221;4.6.1&#8243; _dynamic_attributes=&#8221;url&#8221; box_shadow_style=&#8221;preset1&#8243;][\/et_pb_image][et_pb_text _builder_version=&#8221;4.2.2&#8243; _dynamic_attributes=&#8221;link_option_url&#8221; min_height=&#8221;29px&#8221; custom_padding=&#8221;||0px|||&#8221; link_option_url=&#8221;@ET-DC@eyJkeW5hbWljIjp0cnVlLCJjb250ZW50IjoicG9zdF9saW5rX3VybF9wYWdlIiwic2V0dGluZ3MiOnsicG9zdF9pZCI6IjcwNDAifX0=@&#8221;]<\/p>\n<h3>Deko &amp; Events<br \/>\u00a0<\/h3>\n<p>[\/et_pb_text][\/et_pb_column][et_pb_column type=&#8221;1_3&#8243; _builder_version=&#8221;4.2.2&#8243;][\/et_pb_column][\/et_pb_row][\/et_pb_section]<\/p>\n","protected":false},"excerpt":{"rendered":"<p>Zukunftsorientierte Gew\u00e4chshaustechnologie f\u00fcr den Gartenbau. MADE IN GERMANY. Der Name Heescher ist in der Gew\u00e4chshaustechnik f\u00fcr den Gartenbau seit mehr als 40 Jahren bekannt f\u00fcr Freude an neuen Ideen, die Motivation, die beste L\u00f6sung zu finden und f\u00fcr termingerechte Umsetzungen.Heute ist Novavert ein weltweit t\u00e4tiger Hersteller und Gro\u00dfh\u00e4ndler von Schirmmaterialien und Schattierungssystemen in der Gew\u00e4chshaustechnik. [&hellip;]<\/p>\n","protected":false},"author":1,"featured_media":0,"parent":0,"menu_order":0,"comment_status":"closed","ping_status":"closed","template":"","meta":{"_et_pb_use_builder":"on","_et_pb_old_content":"","_et_gb_content_width":"","footnotes":""},"class_list":["post-22","page","type-page","status-publish","hentry"],"yoast_head":"<!-- This site is optimized with the Yoast SEO plugin v27.4 - https:\/\/yoast.com\/product\/yoast-seo-wordpress\/ -->\n<title>Gartenbau | Novavert | technisches Zubeh\u00f6r und Schattierungssysteme<\/title>\n<meta name=\"description\" content=\"In der Gew\u00e4chshaustechnik f\u00fcr den Gartenbau ist Novavert ein weltweit operierender Hersteller und Gro\u00dfhandel von Gew\u00e4chshaustechnologie.\" \/>\n<meta name=\"robots\" content=\"index, follow, max-snippet:-1, max-image-preview:large, max-video-preview:-1\" \/>\n<link rel=\"canonical\" href=\"https:\/\/www.novavert.com\/de\/gartenbau\/\" \/>\n<meta property=\"og:locale\" content=\"de_DE\" \/>\n<meta property=\"og:type\" content=\"article\" \/>\n<meta property=\"og:title\" content=\"Gartenbau | Novavert | technisches Zubeh\u00f6r und Schattierungssysteme\" \/>\n<meta property=\"og:description\" content=\"In der Gew\u00e4chshaustechnik f\u00fcr den Gartenbau ist Novavert ein weltweit operierender Hersteller und Gro\u00dfhandel von Gew\u00e4chshaustechnologie.\" \/>\n<meta property=\"og:url\" content=\"https:\/\/www.novavert.com\/de\/gartenbau\/\" \/>\n<meta property=\"og:site_name\" content=\"Novavert\" \/>\n<meta property=\"article:modified_time\" content=\"2021-06-28T12:30:58+00:00\" \/>\n<meta name=\"twitter:card\" content=\"summary_large_image\" \/>\n<meta name=\"twitter:label1\" content=\"Gesch\u00e4tzte Lesezeit\" \/>\n\t<meta name=\"twitter:data1\" content=\"7\u00a0Minuten\" \/>\n<script type=\"application\/ld+json\" class=\"yoast-schema-graph\">{\"@context\":\"https:\\\/\\\/schema.org\",\"@graph\":[{\"@type\":\"WebPage\",\"@id\":\"https:\\\/\\\/www.novavert.com\\\/de\\\/gartenbau\\\/\",\"url\":\"https:\\\/\\\/www.novavert.com\\\/de\\\/gartenbau\\\/\",\"name\":\"Gartenbau | Novavert | technisches Zubeh\u00f6r und Schattierungssysteme\",\"isPartOf\":{\"@id\":\"\\\/#website\"},\"datePublished\":\"2019-05-10T09:13:30+00:00\",\"dateModified\":\"2021-06-28T12:30:58+00:00\",\"description\":\"In der Gew\u00e4chshaustechnik f\u00fcr den Gartenbau ist Novavert ein weltweit operierender Hersteller und Gro\u00dfhandel von Gew\u00e4chshaustechnologie.\",\"breadcrumb\":{\"@id\":\"https:\\\/\\\/www.novavert.com\\\/de\\\/gartenbau\\\/#breadcrumb\"},\"inLanguage\":\"de\",\"potentialAction\":[{\"@type\":\"ReadAction\",\"target\":[\"https:\\\/\\\/www.novavert.com\\\/de\\\/gartenbau\\\/\"]}]},{\"@type\":\"BreadcrumbList\",\"@id\":\"https:\\\/\\\/www.novavert.com\\\/de\\\/gartenbau\\\/#breadcrumb\",\"itemListElement\":[{\"@type\":\"ListItem\",\"position\":1,\"name\":\"Startseite\",\"item\":\"https:\\\/\\\/www.novavert.com\\\/de\\\/\"},{\"@type\":\"ListItem\",\"position\":2,\"name\":\"Gartenbau\"}]},{\"@type\":\"WebSite\",\"@id\":\"\\\/#website\",\"url\":\"\\\/\",\"name\":\"Novavert\",\"description\":\"IHR PARTNER F\u00dcR HOCHWERTIGE PRODUKTE AUS DEN BEREICHEN SCHATTIERUNGEN UND WETTERSCHUTZ\",\"publisher\":{\"@id\":\"\\\/#organization\"},\"potentialAction\":[{\"@type\":\"SearchAction\",\"target\":{\"@type\":\"EntryPoint\",\"urlTemplate\":\"\\\/?s={search_term_string}\"},\"query-input\":{\"@type\":\"PropertyValueSpecification\",\"valueRequired\":true,\"valueName\":\"search_term_string\"}}],\"inLanguage\":\"de\"},{\"@type\":\"Organization\",\"@id\":\"\\\/#organization\",\"name\":\"Novavert\",\"url\":\"\\\/\",\"logo\":{\"@type\":\"ImageObject\",\"inLanguage\":\"de\",\"@id\":\"\\\/#\\\/schema\\\/logo\\\/image\\\/\",\"url\":\"https:\\\/\\\/www.novavert.com\\\/wp-content\\\/uploads\\\/2020\\\/03\\\/novavert_Logo_Men\u00fc-3.png\",\"contentUrl\":\"https:\\\/\\\/www.novavert.com\\\/wp-content\\\/uploads\\\/2020\\\/03\\\/novavert_Logo_Men\u00fc-3.png\",\"width\":407,\"height\":180,\"caption\":\"Novavert\"},\"image\":{\"@id\":\"\\\/#\\\/schema\\\/logo\\\/image\\\/\"}}]}<\/script>\n<!-- \/ Yoast SEO plugin. -->","yoast_head_json":{"title":"Gartenbau | Novavert | technisches Zubeh\u00f6r und Schattierungssysteme","description":"In der Gew\u00e4chshaustechnik f\u00fcr den Gartenbau ist Novavert ein weltweit operierender Hersteller und Gro\u00dfhandel von Gew\u00e4chshaustechnologie.","robots":{"index":"index","follow":"follow","max-snippet":"max-snippet:-1","max-image-preview":"max-image-preview:large","max-video-preview":"max-video-preview:-1"},"canonical":"https:\/\/www.novavert.com\/de\/gartenbau\/","og_locale":"de_DE","og_type":"article","og_title":"Gartenbau | Novavert | technisches Zubeh\u00f6r und Schattierungssysteme","og_description":"In der Gew\u00e4chshaustechnik f\u00fcr den Gartenbau ist Novavert ein weltweit operierender Hersteller und Gro\u00dfhandel von Gew\u00e4chshaustechnologie.","og_url":"https:\/\/www.novavert.com\/de\/gartenbau\/","og_site_name":"Novavert","article_modified_time":"2021-06-28T12:30:58+00:00","twitter_card":"summary_large_image","twitter_misc":{"Gesch\u00e4tzte Lesezeit":"7\u00a0Minuten"},"schema":{"@context":"https:\/\/schema.org","@graph":[{"@type":"WebPage","@id":"https:\/\/www.novavert.com\/de\/gartenbau\/","url":"https:\/\/www.novavert.com\/de\/gartenbau\/","name":"Gartenbau | Novavert | technisches Zubeh\u00f6r und Schattierungssysteme","isPartOf":{"@id":"\/#website"},"datePublished":"2019-05-10T09:13:30+00:00","dateModified":"2021-06-28T12:30:58+00:00","description":"In der Gew\u00e4chshaustechnik f\u00fcr den Gartenbau ist Novavert ein weltweit operierender Hersteller und Gro\u00dfhandel von Gew\u00e4chshaustechnologie.","breadcrumb":{"@id":"https:\/\/www.novavert.com\/de\/gartenbau\/#breadcrumb"},"inLanguage":"de","potentialAction":[{"@type":"ReadAction","target":["https:\/\/www.novavert.com\/de\/gartenbau\/"]}]},{"@type":"BreadcrumbList","@id":"https:\/\/www.novavert.com\/de\/gartenbau\/#breadcrumb","itemListElement":[{"@type":"ListItem","position":1,"name":"Startseite","item":"https:\/\/www.novavert.com\/de\/"},{"@type":"ListItem","position":2,"name":"Gartenbau"}]},{"@type":"WebSite","@id":"\/#website","url":"\/","name":"Novavert","description":"IHR PARTNER F\u00dcR HOCHWERTIGE PRODUKTE AUS DEN BEREICHEN SCHATTIERUNGEN UND WETTERSCHUTZ","publisher":{"@id":"\/#organization"},"potentialAction":[{"@type":"SearchAction","target":{"@type":"EntryPoint","urlTemplate":"\/?s={search_term_string}"},"query-input":{"@type":"PropertyValueSpecification","valueRequired":true,"valueName":"search_term_string"}}],"inLanguage":"de"},{"@type":"Organization","@id":"\/#organization","name":"Novavert","url":"\/","logo":{"@type":"ImageObject","inLanguage":"de","@id":"\/#\/schema\/logo\/image\/","url":"https:\/\/www.novavert.com\/wp-content\/uploads\/2020\/03\/novavert_Logo_Men\u00fc-3.png","contentUrl":"https:\/\/www.novavert.com\/wp-content\/uploads\/2020\/03\/novavert_Logo_Men\u00fc-3.png","width":407,"height":180,"caption":"Novavert"},"image":{"@id":"\/#\/schema\/logo\/image\/"}}]}},"_links":{"self":[{"href":"https:\/\/www.novavert.com\/de\/wp-json\/wp\/v2\/pages\/22","targetHints":{"allow":["GET"]}}],"collection":[{"href":"https:\/\/www.novavert.com\/de\/wp-json\/wp\/v2\/pages"}],"about":[{"href":"https:\/\/www.novavert.com\/de\/wp-json\/wp\/v2\/types\/page"}],"author":[{"embeddable":true,"href":"https:\/\/www.novavert.com\/de\/wp-json\/wp\/v2\/users\/1"}],"replies":[{"embeddable":true,"href":"https:\/\/www.novavert.com\/de\/wp-json\/wp\/v2\/comments?post=22"}],"version-history":[{"count":64,"href":"https:\/\/www.novavert.com\/de\/wp-json\/wp\/v2\/pages\/22\/revisions"}],"predecessor-version":[{"id":15130,"href":"https:\/\/www.novavert.com\/de\/wp-json\/wp\/v2\/pages\/22\/revisions\/15130"}],"wp:attachment":[{"href":"https:\/\/www.novavert.com\/de\/wp-json\/wp\/v2\/media?parent=22"}],"curies":[{"name":"wp","href":"https:\/\/api.w.org\/{rel}","templated":true}]}}