{"id":19,"date":"2019-05-10T09:11:19","date_gmt":"2019-05-10T09:11:19","guid":{"rendered":"https:\/\/novavert.com\/?page_id=19"},"modified":"2021-06-22T11:52:12","modified_gmt":"2021-06-22T09:52:12","slug":"agrar","status":"publish","type":"page","link":"https:\/\/www.novavert.com\/de\/agrar\/","title":{"rendered":"Agrar"},"content":{"rendered":"<p>[et_pb_section fb_built=&#8221;1&#8243; admin_label=&#8221;Header&#8221; _builder_version=&#8221;4.2.2&#8243; min_height=&#8221;36px&#8221; custom_margin=&#8221;0px||||false|false&#8221; custom_padding=&#8221;0px||0px||false|false&#8221; z_index_tablet=&#8221;500&#8243; collapsed=&#8221;off&#8221;][et_pb_row _builder_version=&#8221;4.2.2&#8243; custom_margin=&#8221;0px||||false|false&#8221; custom_padding=&#8221;0px||0px||false|false&#8221;][et_pb_column type=&#8221;4_4&#8243; _builder_version=&#8221;4.2.2&#8243;][et_pb_slider _builder_version=&#8221;4.2.2&#8243; min_height=&#8221;368px&#8221; custom_margin=&#8221;0px||||false|false&#8221; custom_padding=&#8221;||||false|false&#8221; auto=&#8221;on&#8221; header_text_shadow_style=&#8221;preset3&#8243;][et_pb_slide heading=&#8221;Agrar&#8221; _builder_version=&#8221;4.2.2&#8243; background_image=&#8221;https:\/\/www.novavert.com\/wp-content\/uploads\/2020\/03\/Kat.-Agrar-3-Fotolia_102497162_XXL-1-scaled.jpg&#8221; background_enable_image=&#8221;on&#8221; background_position=&#8221;top_right&#8221; header_text_shadow_style=&#8221;preset3&#8243; sticky_transition=&#8221;on&#8221;][\/et_pb_slide][et_pb_slide _builder_version=&#8221;4.2.2&#8243; background_image=&#8221;https:\/\/www.novavert.com\/wp-content\/uploads\/2020\/05\/Kat.-Agrar-5-AdobeStock_171983800-scaled.jpeg&#8221; background_enable_image=&#8221;on&#8221; sticky_transition=&#8221;on&#8221;][\/et_pb_slide][et_pb_slide _builder_version=&#8221;4.2.2&#8243; background_image=&#8221;https:\/\/www.novavert.com\/wp-content\/uploads\/2020\/05\/Kat.-Agrar-4-AdobeStock_210493514-scaled-e1588857435466.jpeg&#8221; background_enable_image=&#8221;on&#8221; background_position=&#8221;bottom_center&#8221; sticky_transition=&#8221;on&#8221;][\/et_pb_slide][et_pb_slide _builder_version=&#8221;4.2.2&#8243; background_image=&#8221;https:\/\/www.novavert.com\/wp-content\/uploads\/2020\/05\/Kat.-Agrar-1-scaled-e1588858191912.jpg&#8221; background_enable_image=&#8221;on&#8221; sticky_transition=&#8221;on&#8221;][\/et_pb_slide][\/et_pb_slider][et_pb_text _builder_version=&#8221;4.6.1&#8243; text_text_color=&#8221;#666666&#8243; min_height=&#8221;98px&#8221;]<\/p>\n<h1>Stallbel\u00fcftung <b><br \/><\/b><\/h1>\n<p style=\"color: #666666;\"><b style=\"color: #666666;\">Prima f\u00fcrs Klima! <br \/><\/b>Dass das <strong>Stallklima<\/strong> einen gro\u00dfen Einfluss auf das <strong>Wohlbefinden der Tiere<\/strong>, insbesondere auf deren Leistung und Verhalten hat, ist unbestritten.<br \/>Klimafaktoren wie Lufttemperatur, Temperaturschwankungen, Luftfeuchte, Luftgeschwindigkeit, Staubgehalt, Staub- und Schadgaskonzentration m\u00fcssen aus dem Grund st\u00e4ndig unter Kontrolle gehalten werden.<\/p>\n<p style=\"color: #666666;\">Entdecken Sie hier unsere <strong>Stallbel\u00fcftungsl\u00f6sungen<\/strong> f\u00fcr ein besseres Klima&#8230;<\/p>\n<p>[\/et_pb_text][et_pb_divider color=&#8221;#eaeaea&#8221; _builder_version=&#8221;4.2.2&#8243;][\/et_pb_divider][et_pb_text _builder_version=&#8221;4.2.2&#8243;]<\/p>\n<h1>Kategorien<\/h1>\n<p>[\/et_pb_text][\/et_pb_column][\/et_pb_row][et_pb_row column_structure=&#8221;1_2,1_2&#8243; _builder_version=&#8221;4.6.1&#8243; custom_margin=&#8221;||0px||false|false&#8221; custom_padding=&#8221;||||false|false&#8221;][et_pb_column type=&#8221;1_2&#8243; _builder_version=&#8221;4.2.2&#8243;][et_pb_image src=&#8221;https:\/\/www.novavert.com\/wp-content\/uploads\/2020\/03\/Kat.-Agrar-2-1-scaled.jpg&#8221; force_fullwidth=&#8221;on&#8221; module_id=&#8221;aktive-belueftung&#8221; _builder_version=&#8221;4.6.1&#8243; box_shadow_style=&#8221;preset1&#8243;][\/et_pb_image][et_pb_text _builder_version=&#8221;4.6.1&#8243; custom_margin=&#8221;||0px||false|false&#8221;]<\/p>\n<h3>Aktive bel\u00fcftung <\/h3>\n<p>[\/et_pb_text][et_pb_text _builder_version=&#8221;4.6.1&#8243; width=&#8221;80%&#8221;]<\/p>\n<p style=\"font-weight: 400; color: #666666;\">Novaverts \u201e<a href=\"https:\/\/www.novavert.com\/horticulture-supplies\/\"><strong>HS JET TUBES<\/strong><\/a>\u201c (<strong>Luftschl\u00e4uche<\/strong>) und \u201e<a href=\"https:\/\/www.novavert.com\/de\/produkt\/lufterhitzer-mit-warmwasser\/\"><strong>HS L\u00dcFTER<\/strong><\/a>\u201c (<strong>Ventilatoren<\/strong>) erleichtern und unterst\u00fctzen die wichtige Aufgabe der Stallbel\u00fcftung:<\/p>\n<ul style=\"font-weight: 400;\">\n<li>Frischluftversorgung der Tiere<\/li>\n<li>Abtransport der Feuchtigkeit und Schadgase (Kohlendioxyd, Ammoniak, Schwefelwasserstoff)<\/li>\n<li>Verbesserung der Tier- und Strahlungsw\u00e4rme im Sommer<\/li>\n<li>Ausgleich von starken Temperaturunterschieden im Stall<\/li>\n<\/ul>\n<p>[\/et_pb_text][\/et_pb_column][et_pb_column type=&#8221;1_2&#8243; _builder_version=&#8221;4.2.2&#8243;][et_pb_image src=&#8221;https:\/\/www.novavert.com\/wp-content\/uploads\/2020\/04\/Kuhstall-e1586437170835.jpg&#8221; force_fullwidth=&#8221;on&#8221; module_id=&#8221;passive-belueftung&#8221; _builder_version=&#8221;4.6.1&#8243; custom_margin=&#8221;|-2px||||&#8221; box_shadow_style=&#8221;preset1&#8243;][\/et_pb_image][et_pb_text _builder_version=&#8221;4.6.1&#8243; custom_margin=&#8221;||0px||false|false&#8221;]<\/p>\n<h3>Passive bel\u00fcftung <\/h3>\n<p>[\/et_pb_text][et_pb_text _builder_version=&#8221;4.6.1&#8243; text_text_color=&#8221;#666666&#8243; width=&#8221;88.5%&#8221; custom_padding=&#8221;|0px||||&#8221;]<\/p>\n<p style=\"font-weight: 400; color: #666666;\">Novavert bietet daf\u00fcr <strong>verschiedene Bel\u00fcftungsm\u00f6glichkeiten<\/strong>.<br \/> Alle diese spielen eine fundamentale Rolle in der Regelung der Luftzufuhr in Stallen, die ein-, oder beidseitig offen sind :<\/p>\n<ul style=\"font-weight: 400;\">\n<li>Wickell\u00fcftung in der Form von <a href=\"https:\/\/www.novavert.com\/de\/rollschirmsysteme\/\"><strong>Rollschirmsystemen<\/strong><\/a>, samt Antriebsrohr, Befestigung und Zubeh\u00f6r<\/li>\n<li><strong>Schattierungsnetze<\/strong> unterschiedlicher Maschengr\u00f6\u00dfen<\/li>\n<li><a href=\"https:\/\/www.novavert.com\/de\/gartenbau\/folien\/\"><strong>Windschutzfolien<\/strong><\/a> von verschiedener St\u00e4rke und Dichte<\/li>\n<li>Wind- und Wetterschutz, die auch als <a href=\"https:\/\/www.novavert.com\/de\/schattierung-offene-schirme\/\"><strong>Schattierung<\/strong><\/a> wirken<\/li>\n<\/ul>\n<p>[\/et_pb_text][\/et_pb_column][\/et_pb_row][\/et_pb_section]<\/p>\n","protected":false},"excerpt":{"rendered":"<p>Stallbel\u00fcftung Prima f\u00fcrs Klima! Dass das Stallklima einen gro\u00dfen Einfluss auf das Wohlbefinden der Tiere, insbesondere auf deren Leistung und Verhalten hat, ist unbestritten.Klimafaktoren wie Lufttemperatur, Temperaturschwankungen, Luftfeuchte, Luftgeschwindigkeit, Staubgehalt, Staub- und Schadgaskonzentration m\u00fcssen aus dem Grund st\u00e4ndig unter Kontrolle gehalten werden. Entdecken Sie hier unsere Stallbel\u00fcftungsl\u00f6sungen f\u00fcr ein besseres Klima&#8230;KategorienAktive bel\u00fcftung Novaverts \u201eHS JET [&hellip;]<\/p>\n","protected":false},"author":1,"featured_media":0,"parent":0,"menu_order":0,"comment_status":"closed","ping_status":"closed","template":"","meta":{"_et_pb_use_builder":"on","_et_pb_old_content":"<p><span class=\"s1\"><b>Agrar<\/b><\/span><\/p>","_et_gb_content_width":"","footnotes":""},"class_list":["post-19","page","type-page","status-publish","hentry"],"yoast_head":"<!-- This site is optimized with the Yoast SEO plugin v27.5 - https:\/\/yoast.com\/product\/yoast-seo-wordpress\/ -->\n<title>Agrar | Novavert | Prima furs Klima! Stallbel\u00fcftungsl\u00f6sungen von Novavert<\/title>\n<meta name=\"description\" content=\"Stallklima hat einen gro\u00dfen Einfluss auf das Wohlbefinden der Tiere. Wir helfen Ihnen die Stallbel\u00fcftung effizient unter Kontrolle zu halten.\" \/>\n<meta name=\"robots\" content=\"index, follow, max-snippet:-1, max-image-preview:large, max-video-preview:-1\" \/>\n<link rel=\"canonical\" href=\"https:\/\/www.novavert.com\/de\/agrar\/\" \/>\n<meta property=\"og:locale\" content=\"de_DE\" \/>\n<meta property=\"og:type\" content=\"article\" \/>\n<meta property=\"og:title\" content=\"Agrar | Novavert | Prima furs Klima! Stallbel\u00fcftungsl\u00f6sungen von Novavert\" \/>\n<meta property=\"og:description\" content=\"Stallklima hat einen gro\u00dfen Einfluss auf das Wohlbefinden der Tiere. Wir helfen Ihnen die Stallbel\u00fcftung effizient unter Kontrolle zu halten.\" \/>\n<meta property=\"og:url\" content=\"https:\/\/www.novavert.com\/de\/agrar\/\" \/>\n<meta property=\"og:site_name\" content=\"Novavert\" \/>\n<meta property=\"article:modified_time\" content=\"2021-06-22T09:52:12+00:00\" \/>\n<meta name=\"twitter:card\" content=\"summary_large_image\" \/>\n<meta name=\"twitter:label1\" content=\"Gesch\u00e4tzte Lesezeit\" \/>\n\t<meta name=\"twitter:data1\" content=\"3\u00a0Minuten\" \/>\n<script type=\"application\/ld+json\" class=\"yoast-schema-graph\">{\"@context\":\"https:\\\/\\\/schema.org\",\"@graph\":[{\"@type\":\"WebPage\",\"@id\":\"https:\\\/\\\/www.novavert.com\\\/de\\\/agrar\\\/\",\"url\":\"https:\\\/\\\/www.novavert.com\\\/de\\\/agrar\\\/\",\"name\":\"Agrar | Novavert | Prima furs Klima! Stallbel\u00fcftungsl\u00f6sungen von Novavert\",\"isPartOf\":{\"@id\":\"\\\/#website\"},\"datePublished\":\"2019-05-10T09:11:19+00:00\",\"dateModified\":\"2021-06-22T09:52:12+00:00\",\"description\":\"Stallklima hat einen gro\u00dfen Einfluss auf das Wohlbefinden der Tiere. Wir helfen Ihnen die Stallbel\u00fcftung effizient unter Kontrolle zu halten.\",\"breadcrumb\":{\"@id\":\"https:\\\/\\\/www.novavert.com\\\/de\\\/agrar\\\/#breadcrumb\"},\"inLanguage\":\"de\",\"potentialAction\":[{\"@type\":\"ReadAction\",\"target\":[\"https:\\\/\\\/www.novavert.com\\\/de\\\/agrar\\\/\"]}]},{\"@type\":\"BreadcrumbList\",\"@id\":\"https:\\\/\\\/www.novavert.com\\\/de\\\/agrar\\\/#breadcrumb\",\"itemListElement\":[{\"@type\":\"ListItem\",\"position\":1,\"name\":\"Startseite\",\"item\":\"https:\\\/\\\/www.novavert.com\\\/de\\\/\"},{\"@type\":\"ListItem\",\"position\":2,\"name\":\"Agrar\"}]},{\"@type\":\"WebSite\",\"@id\":\"\\\/#website\",\"url\":\"\\\/\",\"name\":\"Novavert\",\"description\":\"IHR PARTNER F\u00dcR HOCHWERTIGE PRODUKTE AUS DEN BEREICHEN SCHATTIERUNGEN UND WETTERSCHUTZ\",\"publisher\":{\"@id\":\"\\\/#organization\"},\"potentialAction\":[{\"@type\":\"SearchAction\",\"target\":{\"@type\":\"EntryPoint\",\"urlTemplate\":\"\\\/?s={search_term_string}\"},\"query-input\":{\"@type\":\"PropertyValueSpecification\",\"valueRequired\":true,\"valueName\":\"search_term_string\"}}],\"inLanguage\":\"de\"},{\"@type\":\"Organization\",\"@id\":\"\\\/#organization\",\"name\":\"Novavert\",\"url\":\"\\\/\",\"logo\":{\"@type\":\"ImageObject\",\"inLanguage\":\"de\",\"@id\":\"\\\/#\\\/schema\\\/logo\\\/image\\\/\",\"url\":\"https:\\\/\\\/www.novavert.com\\\/wp-content\\\/uploads\\\/2020\\\/03\\\/novavert_Logo_Men\u00fc-3.png\",\"contentUrl\":\"https:\\\/\\\/www.novavert.com\\\/wp-content\\\/uploads\\\/2020\\\/03\\\/novavert_Logo_Men\u00fc-3.png\",\"width\":407,\"height\":180,\"caption\":\"Novavert\"},\"image\":{\"@id\":\"\\\/#\\\/schema\\\/logo\\\/image\\\/\"}}]}<\/script>\n<!-- \/ Yoast SEO plugin. -->","yoast_head_json":{"title":"Agrar | Novavert | Prima furs Klima! Stallbel\u00fcftungsl\u00f6sungen von Novavert","description":"Stallklima hat einen gro\u00dfen Einfluss auf das Wohlbefinden der Tiere. Wir helfen Ihnen die Stallbel\u00fcftung effizient unter Kontrolle zu halten.","robots":{"index":"index","follow":"follow","max-snippet":"max-snippet:-1","max-image-preview":"max-image-preview:large","max-video-preview":"max-video-preview:-1"},"canonical":"https:\/\/www.novavert.com\/de\/agrar\/","og_locale":"de_DE","og_type":"article","og_title":"Agrar | Novavert | Prima furs Klima! Stallbel\u00fcftungsl\u00f6sungen von Novavert","og_description":"Stallklima hat einen gro\u00dfen Einfluss auf das Wohlbefinden der Tiere. Wir helfen Ihnen die Stallbel\u00fcftung effizient unter Kontrolle zu halten.","og_url":"https:\/\/www.novavert.com\/de\/agrar\/","og_site_name":"Novavert","article_modified_time":"2021-06-22T09:52:12+00:00","twitter_card":"summary_large_image","twitter_misc":{"Gesch\u00e4tzte Lesezeit":"3\u00a0Minuten"},"schema":{"@context":"https:\/\/schema.org","@graph":[{"@type":"WebPage","@id":"https:\/\/www.novavert.com\/de\/agrar\/","url":"https:\/\/www.novavert.com\/de\/agrar\/","name":"Agrar | Novavert | Prima furs Klima! Stallbel\u00fcftungsl\u00f6sungen von Novavert","isPartOf":{"@id":"\/#website"},"datePublished":"2019-05-10T09:11:19+00:00","dateModified":"2021-06-22T09:52:12+00:00","description":"Stallklima hat einen gro\u00dfen Einfluss auf das Wohlbefinden der Tiere. Wir helfen Ihnen die Stallbel\u00fcftung effizient unter Kontrolle zu halten.","breadcrumb":{"@id":"https:\/\/www.novavert.com\/de\/agrar\/#breadcrumb"},"inLanguage":"de","potentialAction":[{"@type":"ReadAction","target":["https:\/\/www.novavert.com\/de\/agrar\/"]}]},{"@type":"BreadcrumbList","@id":"https:\/\/www.novavert.com\/de\/agrar\/#breadcrumb","itemListElement":[{"@type":"ListItem","position":1,"name":"Startseite","item":"https:\/\/www.novavert.com\/de\/"},{"@type":"ListItem","position":2,"name":"Agrar"}]},{"@type":"WebSite","@id":"\/#website","url":"\/","name":"Novavert","description":"IHR PARTNER F\u00dcR HOCHWERTIGE PRODUKTE AUS DEN BEREICHEN SCHATTIERUNGEN UND WETTERSCHUTZ","publisher":{"@id":"\/#organization"},"potentialAction":[{"@type":"SearchAction","target":{"@type":"EntryPoint","urlTemplate":"\/?s={search_term_string}"},"query-input":{"@type":"PropertyValueSpecification","valueRequired":true,"valueName":"search_term_string"}}],"inLanguage":"de"},{"@type":"Organization","@id":"\/#organization","name":"Novavert","url":"\/","logo":{"@type":"ImageObject","inLanguage":"de","@id":"\/#\/schema\/logo\/image\/","url":"https:\/\/www.novavert.com\/wp-content\/uploads\/2020\/03\/novavert_Logo_Men\u00fc-3.png","contentUrl":"https:\/\/www.novavert.com\/wp-content\/uploads\/2020\/03\/novavert_Logo_Men\u00fc-3.png","width":407,"height":180,"caption":"Novavert"},"image":{"@id":"\/#\/schema\/logo\/image\/"}}]}},"_links":{"self":[{"href":"https:\/\/www.novavert.com\/de\/wp-json\/wp\/v2\/pages\/19","targetHints":{"allow":["GET"]}}],"collection":[{"href":"https:\/\/www.novavert.com\/de\/wp-json\/wp\/v2\/pages"}],"about":[{"href":"https:\/\/www.novavert.com\/de\/wp-json\/wp\/v2\/types\/page"}],"author":[{"embeddable":true,"href":"https:\/\/www.novavert.com\/de\/wp-json\/wp\/v2\/users\/1"}],"replies":[{"embeddable":true,"href":"https:\/\/www.novavert.com\/de\/wp-json\/wp\/v2\/comments?post=19"}],"version-history":[{"count":114,"href":"https:\/\/www.novavert.com\/de\/wp-json\/wp\/v2\/pages\/19\/revisions"}],"predecessor-version":[{"id":15123,"href":"https:\/\/www.novavert.com\/de\/wp-json\/wp\/v2\/pages\/19\/revisions\/15123"}],"wp:attachment":[{"href":"https:\/\/www.novavert.com\/de\/wp-json\/wp\/v2\/media?parent=19"}],"curies":[{"name":"wp","href":"https:\/\/api.w.org\/{rel}","templated":true}]}}